{"id":7302,"date":"2025-05-18T22:53:06","date_gmt":"2025-05-18T20:53:06","guid":{"rendered":"https:\/\/agrarpetrovic.rs\/proizvod\/push-5-500-g\/"},"modified":"2025-10-23T11:55:36","modified_gmt":"2025-10-23T09:55:36","slug":"push-5-500-g","status":"publish","type":"product","link":"https:\/\/agrarpetrovic.rs\/en\/proizvod\/push-5-500-g\/","title":{"rendered":"PUSH 5 500 g &#8211; Limacid"},"content":{"rendered":"","protected":false},"excerpt":{"rendered":"<p>Push 5 je moluscid sa kontaktnim i digestivnim delovanjem i koristi se u vrtovima,rasadnicima i povrtnjacima za suzbijanje:velikog pu\u017ea gola\u0107a (Arion lusitanicus), malog crnog pu\u017ea gola\u0107a (Deroceras agreste) i malog sivog pu\u017ea gola\u0107a (Deroceras agreste) posipanjem u trake, du\u017e redova i u gomilice oko biljke (ne na listove), u koli\u010dini od 100 g\/100m\u00b2.<\/p>","protected":false},"featured_media":7342,"template":"","meta":[],"product_brand":[414],"product_cat":[493],"product_tag":[494],"class_list":{"0":"post-7302","1":"product","2":"type-product","3":"status-publish","4":"has-post-thumbnail","6":"product_brand-galenika","7":"product_cat-limacidi-2","8":"product_tag-metaldehid-5","10":"first","11":"outofstock","12":"purchasable","13":"product-type-simple"},"_links":{"self":[{"href":"https:\/\/agrarpetrovic.rs\/en\/wp-json\/wp\/v2\/product\/7302","targetHints":{"allow":["GET"]}}],"collection":[{"href":"https:\/\/agrarpetrovic.rs\/en\/wp-json\/wp\/v2\/product"}],"about":[{"href":"https:\/\/agrarpetrovic.rs\/en\/wp-json\/wp\/v2\/types\/product"}],"wp:featuredmedia":[{"embeddable":true,"href":"https:\/\/agrarpetrovic.rs\/en\/wp-json\/wp\/v2\/media\/7342"}],"wp:attachment":[{"href":"https:\/\/agrarpetrovic.rs\/en\/wp-json\/wp\/v2\/media?parent=7302"}],"wp:term":[{"taxonomy":"product_brand","embeddable":true,"href":"https:\/\/agrarpetrovic.rs\/en\/wp-json\/wp\/v2\/product_brand?post=7302"},{"taxonomy":"product_cat","embeddable":true,"href":"https:\/\/agrarpetrovic.rs\/en\/wp-json\/wp\/v2\/product_cat?post=7302"},{"taxonomy":"product_tag","embeddable":true,"href":"https:\/\/agrarpetrovic.rs\/en\/wp-json\/wp\/v2\/product_tag?post=7302"}],"curies":[{"name":"wp","href":"https:\/\/api.w.org\/{rel}","templated":true}]}}