{"id":7305,"date":"2025-05-18T22:53:06","date_gmt":"2025-05-18T20:53:06","guid":{"rendered":"https:\/\/agrarpetrovic.rs\/proizvod\/limocide-1-1\/"},"modified":"2025-10-23T11:55:37","modified_gmt":"2025-10-23T09:55:37","slug":"limocide-1-1","status":"publish","type":"product","link":"https:\/\/agrarpetrovic.rs\/en\/proizvod\/limocide-1-1\/","title":{"rendered":"Limocide 1\/1 &#8211; Limacid"},"content":{"rendered":"<p><strong>Klasa<\/strong>: Biopesticidi<\/p>\n<p><strong>Aktivna materija:<\/strong> Ulje pomorand\u017ee<\/p>\n<p><strong>Proizvo\u0111a\u010d<\/strong>: Vivagro<\/p>\n<p><strong>Formulacija<\/strong>: mikroemulzija &#8211; ME<\/p>\n<p><strong>Delovanje<\/strong>: Kao insekticid deluje kontaktno, tako \u0161to fizi\u010dki spre\u010dava respiraciju insekata. Te\u010dnost sa ultra niskim povr\u0161inskim naponom prodire u respiratorni sistem insekata, osloba\u0111aju\u0107i aktivni sastojak i istovremeno blokiraju\u0107i ulazak vazduha. Kao fungicid deluje tako\u0111e kontaktno i preventivno. Na fitopatogene gljive deluje tako \u0161to isu\u0161uje za\u0161titne membrane povr\u0161inskih gljivi\u010dnih micelija (hifa), sporangija i spora koje se razgra\u0111uju i izla\u017eu isu\u0161ivanju atmosfere.<\/p>\n<p><strong>Karenca<\/strong>: 1 dan &#8211; svi usevi i zasadi<\/p>\n<p><strong>Koncentracija<\/strong>: 1,6-8 l\/ha<\/p>\n<p><strong>Primena<\/strong>: vinova loza, jagoda (na otvorenom i u zatvorenom prostoru), kru\u0161ka, kupus, krastavac, korni\u0161oni (na otvorenom i u zatvorenom prostoru), dinja (na otvorenom i u zatvorenom prostoru), tikvica (na otvorenom i u zatvorenom prostoru), paradajz (u zatvorenom prostoru), plavi patlid\u017ean (u zatvorenom prostoru), paprika (u zatvorenom prostoru), praziluk (u zatvorenom prostoru), crni luk (u zatvorenom prostoru), zelena salata, mrkva, per\u0161un (u zatvorenom prostoru)<\/p>","protected":false},"excerpt":{"rendered":"<p>Biopreparat koji ima fungicidno i insekticidno delovanje, namenjen za suzbijanje prouzrokova\u010da bolesti i \u0161tetnih insekata u vo\u0107arstvu, vinogradarstvu i povrtarstvu.<\/p>","protected":false},"featured_media":7330,"template":"","meta":[],"product_brand":[414],"product_cat":[493],"product_tag":[495],"class_list":{"0":"post-7305","1":"product","2":"type-product","3":"status-publish","4":"has-post-thumbnail","6":"product_brand-galenika","7":"product_cat-limacidi-2","8":"product_tag-ulje-pomorandze","10":"first","11":"outofstock","12":"product-type-simple"},"_links":{"self":[{"href":"https:\/\/agrarpetrovic.rs\/en\/wp-json\/wp\/v2\/product\/7305","targetHints":{"allow":["GET"]}}],"collection":[{"href":"https:\/\/agrarpetrovic.rs\/en\/wp-json\/wp\/v2\/product"}],"about":[{"href":"https:\/\/agrarpetrovic.rs\/en\/wp-json\/wp\/v2\/types\/product"}],"wp:featuredmedia":[{"embeddable":true,"href":"https:\/\/agrarpetrovic.rs\/en\/wp-json\/wp\/v2\/media\/7330"}],"wp:attachment":[{"href":"https:\/\/agrarpetrovic.rs\/en\/wp-json\/wp\/v2\/media?parent=7305"}],"wp:term":[{"taxonomy":"product_brand","embeddable":true,"href":"https:\/\/agrarpetrovic.rs\/en\/wp-json\/wp\/v2\/product_brand?post=7305"},{"taxonomy":"product_cat","embeddable":true,"href":"https:\/\/agrarpetrovic.rs\/en\/wp-json\/wp\/v2\/product_cat?post=7305"},{"taxonomy":"product_tag","embeddable":true,"href":"https:\/\/agrarpetrovic.rs\/en\/wp-json\/wp\/v2\/product_tag?post=7305"}],"curies":[{"name":"wp","href":"https:\/\/api.w.org\/{rel}","templated":true}]}}