{"id":7306,"date":"2025-05-18T22:53:06","date_gmt":"2025-05-18T20:53:06","guid":{"rendered":"https:\/\/agrarpetrovic.rs\/proizvod\/adversis-1-1\/"},"modified":"2025-10-23T11:55:37","modified_gmt":"2025-10-23T09:55:37","slug":"adversis-1-1","status":"publish","type":"product","link":"https:\/\/agrarpetrovic.rs\/en\/proizvod\/adversis-1-1\/","title":{"rendered":"Adversis 1\/1 &#8211; Regulator rasta"},"content":{"rendered":"<p><strong>Klasa<\/strong>: Regulatori rasta<\/p>\n<div class=\"data_title\"><strong>Aktivne materije:<\/strong> Etefon<\/div>\n<p><strong>Proizvo\u0111a\u010d<\/strong>: GALENIKA-FITOFARMACIJA a.d.<\/p>\n<p><strong>Formulacija<\/strong>: koncentrovani rastvor &#8211; SL<\/p>\n<p><strong>Delovanje<\/strong>: Etefon je regulator rasta sa sistemi\u010dnim svojstvima. Prodire u biljna tkiva i transformi\u0161e se u etilen koji se vezuje za receptore koji uti\u010du na ekspresiju gena. Kod vi\u0161nje, etefon uti\u010de na gen koji kontroli\u0161e sintezu i aktivaciju enzima koji rastvaraju pektin izme\u0111u \u0107elija u apscisnom sloju. Na taj na\u010din dolazi do slabljenja veze ploda sa peteljkom \u0161to omogu\u0107ava i olak\u0161ava mehanizovanu berbu.<\/p>\n<p><strong>Karenca<\/strong>: 7 dana &#8211; vi\u0161nja<\/p>\n<p><strong>Koncentracija<\/strong>: 0,23 l\/m visine kro\u0161nje\/ha<\/p>\n<p><strong>Primena<\/strong>: vi\u0161nja<\/p>","protected":false},"excerpt":{"rendered":"<p>Regulator rasta koji ubrzava i ujedna\u010dava sazrevanje plodova vi\u0161nje<\/p>","protected":false},"featured_media":7343,"template":"","meta":[],"product_brand":[414],"product_cat":[496],"product_tag":[497],"class_list":{"0":"post-7306","1":"product","2":"type-product","3":"status-publish","4":"has-post-thumbnail","6":"product_brand-galenika","7":"product_cat-regulator-rasta","8":"product_tag-etefon","10":"first","11":"outofstock","12":"purchasable","13":"product-type-simple"},"_links":{"self":[{"href":"https:\/\/agrarpetrovic.rs\/en\/wp-json\/wp\/v2\/product\/7306","targetHints":{"allow":["GET"]}}],"collection":[{"href":"https:\/\/agrarpetrovic.rs\/en\/wp-json\/wp\/v2\/product"}],"about":[{"href":"https:\/\/agrarpetrovic.rs\/en\/wp-json\/wp\/v2\/types\/product"}],"wp:featuredmedia":[{"embeddable":true,"href":"https:\/\/agrarpetrovic.rs\/en\/wp-json\/wp\/v2\/media\/7343"}],"wp:attachment":[{"href":"https:\/\/agrarpetrovic.rs\/en\/wp-json\/wp\/v2\/media?parent=7306"}],"wp:term":[{"taxonomy":"product_brand","embeddable":true,"href":"https:\/\/agrarpetrovic.rs\/en\/wp-json\/wp\/v2\/product_brand?post=7306"},{"taxonomy":"product_cat","embeddable":true,"href":"https:\/\/agrarpetrovic.rs\/en\/wp-json\/wp\/v2\/product_cat?post=7306"},{"taxonomy":"product_tag","embeddable":true,"href":"https:\/\/agrarpetrovic.rs\/en\/wp-json\/wp\/v2\/product_tag?post=7306"}],"curies":[{"name":"wp","href":"https:\/\/api.w.org\/{rel}","templated":true}]}}