{"id":7308,"date":"2025-05-18T22:53:06","date_gmt":"2025-05-18T20:53:06","guid":{"rendered":"https:\/\/agrarpetrovic.rs\/proizvod\/alteox-t-prima-izodecil-alkohol-etoksilat-900-g-l-1-l\/"},"modified":"2025-10-23T11:55:37","modified_gmt":"2025-10-23T09:55:37","slug":"alteox-t-prima-izodecil-alkohol-etoksilat-900-g-l-1-l","status":"publish","type":"product","link":"https:\/\/agrarpetrovic.rs\/en\/proizvod\/alteox-t-prima-izodecil-alkohol-etoksilat-900-g-l-1-l\/","title":{"rendered":"ALTEOX T PRIMA 1l"},"content":{"rendered":"<p><strong>Klasa<\/strong>: Pomo\u0107na sredstva<\/p>\n<div class=\"data_title\"><strong>Aktivne materije:<\/strong> Izodecil alkohol etoksilat<\/div>\n<p><strong>Proizvo\u0111a\u010d<\/strong>: GALENIKA-FITOFARMACIJA a.d.<\/p>\n<p><strong>Formulacija<\/strong>: koncentrovani rastvor &#8211; SL<\/p>\n<p><strong>Delovanje<\/strong>: Alteox T prima je pomo\u0107no sredstvo &#8211; okva\u0161iva\u010d, koji se primenjuje sa herbicidom Okvir za suzbijanje korova u usevu soje, lucerke i kukuruza. Kao surfaktant pobolj\u0161ava kva\u0161ljivost, trajnost vla\u017eenja i efikasnost herbicida sa kojim se primenjuje.<\/p>\n<p><strong>Karenca<\/strong>: Uslovljeno herbicidom sa kojim se primenjuje<\/p>\n<p><strong>Koncentracija<\/strong>: 0,2%<\/p>\n<p><strong>Primena<\/strong>: soja, lucerka, kukuruz<\/p>","protected":false},"excerpt":{"rendered":"<p>Univerzalni okva\u0161iva\u010d za pobolj\u0161avanje performansi herbicida iz grupe sulfonilurea<\/p>","protected":false},"featured_media":7338,"template":"","meta":[],"product_brand":[414],"product_cat":[498],"product_tag":[499],"class_list":{"0":"post-7308","1":"product","2":"type-product","3":"status-publish","4":"has-post-thumbnail","6":"product_brand-galenika","7":"product_cat-pomocna-sredstva-2","8":"product_tag-izodecil-alkohol-etoksilat","10":"first","11":"outofstock","12":"purchasable","13":"product-type-simple"},"_links":{"self":[{"href":"https:\/\/agrarpetrovic.rs\/en\/wp-json\/wp\/v2\/product\/7308","targetHints":{"allow":["GET"]}}],"collection":[{"href":"https:\/\/agrarpetrovic.rs\/en\/wp-json\/wp\/v2\/product"}],"about":[{"href":"https:\/\/agrarpetrovic.rs\/en\/wp-json\/wp\/v2\/types\/product"}],"wp:featuredmedia":[{"embeddable":true,"href":"https:\/\/agrarpetrovic.rs\/en\/wp-json\/wp\/v2\/media\/7338"}],"wp:attachment":[{"href":"https:\/\/agrarpetrovic.rs\/en\/wp-json\/wp\/v2\/media?parent=7308"}],"wp:term":[{"taxonomy":"product_brand","embeddable":true,"href":"https:\/\/agrarpetrovic.rs\/en\/wp-json\/wp\/v2\/product_brand?post=7308"},{"taxonomy":"product_cat","embeddable":true,"href":"https:\/\/agrarpetrovic.rs\/en\/wp-json\/wp\/v2\/product_cat?post=7308"},{"taxonomy":"product_tag","embeddable":true,"href":"https:\/\/agrarpetrovic.rs\/en\/wp-json\/wp\/v2\/product_tag?post=7308"}],"curies":[{"name":"wp","href":"https:\/\/api.w.org\/{rel}","templated":true}]}}