{"id":7310,"date":"2025-05-18T22:53:06","date_gmt":"2025-05-18T20:53:06","guid":{"rendered":"https:\/\/agrarpetrovic.rs\/proizvod\/nu-film-17-pinolein-893-g-l-100-ml\/"},"modified":"2025-10-23T11:55:37","modified_gmt":"2025-10-23T09:55:37","slug":"nu-film-17-pinolein-893-g-l-100-ml","status":"publish","type":"product","link":"https:\/\/agrarpetrovic.rs\/en\/proizvod\/nu-film-17-pinolein-893-g-l-100-ml\/","title":{"rendered":"NU FILM 17 100 ml"},"content":{"rendered":"<p><strong>Klasa<\/strong>: Pomo\u0107na sredstva<\/p>\n<div class=\"data_title\"><strong>Aktivne materije:<\/strong> Pinolen<\/div>\n<p><strong>Proizvo\u0111a\u010d<\/strong>: Miller Chemical &amp; Fertilizer Corporation<\/p>\n<p><strong>Formulacija<\/strong>: koncentrat za emulziju &#8211; EC<\/p>\n<p><strong>Delovanje<\/strong>: Nu-Film 17 se primenjuje u sme\u0161i sa sredstvima za za\u0161titu bilja, direktnim me\u0161anje u rezervoaru ure\u0111aja za tretiranje. Kao samostalan, ovaj proizvod se tako\u0111e koristi za odr\u017eavanje turgora rasada posle rasa\u0111ivanja, spre\u010davanje pucanja ljuske uljane repice prilikom \u017eetve i spre\u010davanja pojave mre\u017eavosti plodova jabuke, kao i pobolj\u0161avanja koloracije plodova vo\u0107a.<\/p>\n<p><strong>Karenca<\/strong>: \/<\/p>\n<p><strong>Koncentracija<\/strong>:<\/p>\n<ul>\n<li>1,5 l\/ha<\/li>\n<li>0,7 l\/ha<\/li>\n<\/ul>\n<p><strong>Primena<\/strong>: jabuka, vinova loza, krompir, \u0161e\u0107erna repa, suncokret, uljana repica<\/p>","protected":false},"excerpt":{"rendered":"<p>Pomo\u0107no sredstvo za pobolj\u0161avanje performansi pesticidnih tretmana<\/p>","protected":false},"featured_media":7326,"template":"","meta":[],"product_brand":[414],"product_cat":[498],"product_tag":[500],"class_list":{"0":"post-7310","1":"product","2":"type-product","3":"status-publish","4":"has-post-thumbnail","6":"product_brand-galenika","7":"product_cat-pomocna-sredstva-2","8":"product_tag-pinolen","10":"first","11":"outofstock","12":"purchasable","13":"product-type-simple"},"_links":{"self":[{"href":"https:\/\/agrarpetrovic.rs\/en\/wp-json\/wp\/v2\/product\/7310","targetHints":{"allow":["GET"]}}],"collection":[{"href":"https:\/\/agrarpetrovic.rs\/en\/wp-json\/wp\/v2\/product"}],"about":[{"href":"https:\/\/agrarpetrovic.rs\/en\/wp-json\/wp\/v2\/types\/product"}],"wp:featuredmedia":[{"embeddable":true,"href":"https:\/\/agrarpetrovic.rs\/en\/wp-json\/wp\/v2\/media\/7326"}],"wp:attachment":[{"href":"https:\/\/agrarpetrovic.rs\/en\/wp-json\/wp\/v2\/media?parent=7310"}],"wp:term":[{"taxonomy":"product_brand","embeddable":true,"href":"https:\/\/agrarpetrovic.rs\/en\/wp-json\/wp\/v2\/product_brand?post=7310"},{"taxonomy":"product_cat","embeddable":true,"href":"https:\/\/agrarpetrovic.rs\/en\/wp-json\/wp\/v2\/product_cat?post=7310"},{"taxonomy":"product_tag","embeddable":true,"href":"https:\/\/agrarpetrovic.rs\/en\/wp-json\/wp\/v2\/product_tag?post=7310"}],"curies":[{"name":"wp","href":"https:\/\/api.w.org\/{rel}","templated":true}]}}