{"id":7312,"date":"2025-05-18T22:53:06","date_gmt":"2025-05-18T20:53:06","guid":{"rendered":"https:\/\/agrarpetrovic.rs\/proizvod\/fitopin-100-ml\/"},"modified":"2025-10-23T11:55:37","modified_gmt":"2025-10-23T09:55:37","slug":"fitopin-100-ml","status":"publish","type":"product","link":"https:\/\/agrarpetrovic.rs\/en\/proizvod\/fitopin-100-ml\/","title":{"rendered":"Fitopin 100 ml"},"content":{"rendered":"<p><strong>Klasa<\/strong>: \u00d0ubriva<\/p>\n<div class=\"data_title\"><strong>Aktivne materije:<\/strong> prirodni brasinolid<\/div>\n<p><strong>Proizvo\u0111a\u010d<\/strong>: Chengdu NewSun Crop Science Co., Ltd., China<\/p>\n<p><strong>Formulacija<\/strong>: te\u010dna \u0111ubriva<\/p>\n<p><strong>Delovanje<\/strong>: Fitopin je biostimulator namenjen za otklanjanje posledica izazvanih bioti\u010dkim i abioti\u010dkim stresom kod biljaka. Aktivna komponenta preparata je prirodni brasinolid koja pripada grupi hormona brasinosteroida. To su jedinjenja koja biljka sama sinteti\u0161e, a odgovorni su za rast \u0107elije i \u0107elijsku deobu. Fitopin uti\u010de na rad drugih hormona pa ih tako vra\u0107a u ravnote\u017eu, a biljka uspostavlja normalan proces rasta i razvoja.<\/p>\n<p><strong>Koncentracija<\/strong>: folijarno 50-100 ml\/ha<\/p>\n<p><strong>Primena<\/strong>: ratarstvo, povrtarstvo, vo\u0107arstvo<\/p>","protected":false},"excerpt":{"rendered":"<p>Specijalno \u0111ubrivo koje sad\u017ei biljne ekstrakte i druge ekstrakte (prirodni brasinolid)<\/p>","protected":false},"featured_media":7331,"template":"","meta":[],"product_brand":[414],"product_cat":[502],"product_tag":[503],"class_list":{"0":"post-7312","1":"product","2":"type-product","3":"status-publish","4":"has-post-thumbnail","6":"product_brand-galenika","7":"product_cat-ostalo","8":"product_tag-prirodni-brasinolid","10":"first","11":"outofstock","12":"purchasable","13":"product-type-simple"},"_links":{"self":[{"href":"https:\/\/agrarpetrovic.rs\/en\/wp-json\/wp\/v2\/product\/7312","targetHints":{"allow":["GET"]}}],"collection":[{"href":"https:\/\/agrarpetrovic.rs\/en\/wp-json\/wp\/v2\/product"}],"about":[{"href":"https:\/\/agrarpetrovic.rs\/en\/wp-json\/wp\/v2\/types\/product"}],"wp:featuredmedia":[{"embeddable":true,"href":"https:\/\/agrarpetrovic.rs\/en\/wp-json\/wp\/v2\/media\/7331"}],"wp:attachment":[{"href":"https:\/\/agrarpetrovic.rs\/en\/wp-json\/wp\/v2\/media?parent=7312"}],"wp:term":[{"taxonomy":"product_brand","embeddable":true,"href":"https:\/\/agrarpetrovic.rs\/en\/wp-json\/wp\/v2\/product_brand?post=7312"},{"taxonomy":"product_cat","embeddable":true,"href":"https:\/\/agrarpetrovic.rs\/en\/wp-json\/wp\/v2\/product_cat?post=7312"},{"taxonomy":"product_tag","embeddable":true,"href":"https:\/\/agrarpetrovic.rs\/en\/wp-json\/wp\/v2\/product_tag?post=7312"}],"curies":[{"name":"wp","href":"https:\/\/api.w.org\/{rel}","templated":true}]}}