{"id":7313,"date":"2025-05-18T22:53:09","date_gmt":"2025-05-18T20:53:09","guid":{"rendered":"https:\/\/agrarpetrovic.rs\/proizvod\/kontakt-deltametrin-piperonil-butoksid-25-225-g-kg-50-ml\/"},"modified":"2025-10-23T11:55:37","modified_gmt":"2025-10-23T09:55:37","slug":"kontakt-deltametrin-piperonil-butoksid-25-225-g-kg-50-ml","status":"publish","type":"product","link":"https:\/\/agrarpetrovic.rs\/en\/proizvod\/kontakt-deltametrin-piperonil-butoksid-25-225-g-kg-50-ml\/","title":{"rendered":"KONTAKT 50 ml &#8211; Insekticid"},"content":{"rendered":"<p><strong>Delovanje<\/strong><br \/>\nDeltametrin je nesistemi\u010dni insekticid iz grupe piretroida sa kontaktnim i digestivnim delovanjem. Remeti protok Na+ jona kroz nervnu membranu. Nakon primene dolazi do paralize nervnog sistema insekata kroz promene napona natrijumovih kanala nervnih vlakana. Piperonil butoksid kao sinergist ubrzava i poja\u010dava dejstvo deltametrina i smanjuje mogu\u0107nost pojave rezistentnosti tretiranih insekata.<\/p>\n<p><strong>Karenca<\/strong><br \/>\n\/<\/p>\n<p><strong>Koncentracija:<\/strong><\/p>\n<ul>\n<li>50 ml u 5 l vode<\/li>\n<li>50 ml u 10 l vode<\/li>\n<\/ul>\n<p><strong>Primena: <\/strong>tretiranje praznih skladi\u0161ta<\/p>","protected":false},"excerpt":{"rendered":"<p>Biocidni proizvod za suzbijanje skladi\u0161nih \u0161teto\u010dina, \u0161irokog spektra delovanja.<\/p>\n<p><strong>Klasa:<\/strong> Biocidi<br \/>\n<strong>Proizvo\u0111a\u010d:<\/strong> GALENIKA-FITOFARMACIJA a.d.<br \/>\n<strong>Aktivne Materije:<\/strong> Deltametrin + piperonil-butoksid<br \/>\n<strong>Formulacija:<\/strong> koncentrat za emulziju &#8211; EC<\/p>","protected":false},"featured_media":7315,"template":"","meta":[],"product_brand":[414],"product_cat":[480],"product_tag":[504],"class_list":{"0":"post-7313","1":"product","2":"type-product","3":"status-publish","4":"has-post-thumbnail","6":"product_brand-galenika","7":"product_cat-insekticidi-2","8":"product_tag-deltametrin-piperonil-butoksid","10":"first","11":"outofstock","12":"purchasable","13":"product-type-simple"},"_links":{"self":[{"href":"https:\/\/agrarpetrovic.rs\/en\/wp-json\/wp\/v2\/product\/7313","targetHints":{"allow":["GET"]}}],"collection":[{"href":"https:\/\/agrarpetrovic.rs\/en\/wp-json\/wp\/v2\/product"}],"about":[{"href":"https:\/\/agrarpetrovic.rs\/en\/wp-json\/wp\/v2\/types\/product"}],"wp:featuredmedia":[{"embeddable":true,"href":"https:\/\/agrarpetrovic.rs\/en\/wp-json\/wp\/v2\/media\/7315"}],"wp:attachment":[{"href":"https:\/\/agrarpetrovic.rs\/en\/wp-json\/wp\/v2\/media?parent=7313"}],"wp:term":[{"taxonomy":"product_brand","embeddable":true,"href":"https:\/\/agrarpetrovic.rs\/en\/wp-json\/wp\/v2\/product_brand?post=7313"},{"taxonomy":"product_cat","embeddable":true,"href":"https:\/\/agrarpetrovic.rs\/en\/wp-json\/wp\/v2\/product_cat?post=7313"},{"taxonomy":"product_tag","embeddable":true,"href":"https:\/\/agrarpetrovic.rs\/en\/wp-json\/wp\/v2\/product_tag?post=7313"}],"curies":[{"name":"wp","href":"https:\/\/api.w.org\/{rel}","templated":true}]}}