{"id":7751,"date":"2025-06-17T12:40:50","date_gmt":"2025-06-17T10:40:50","guid":{"rendered":"https:\/\/agrarpetrovic.rs\/?post_type=product&#038;p=7751"},"modified":"2025-10-27T10:49:33","modified_gmt":"2025-10-27T09:49:33","slug":"actellic-50-ec-1-1-insekticid","status":"publish","type":"product","link":"https:\/\/agrarpetrovic.rs\/en\/proizvod\/actellic-50-ec-1-1-insekticid\/","title":{"rendered":"Actelic 50 EC 1\/1 &#8211; insekticid"},"content":{"rendered":"<p><strong>Na\u010din delovanja:<\/strong><\/p>\n<p><strong>ACTELLIC\u00ae 50 EC<\/strong>\u00a0je kontaktni i digestivni insekticid sa izra\u017eeno brzim fumigatnim delovanjem. Deluje na jako veliki broj skladi\u0161nih \u0161teto\u010dina a ima i akaricidno delovanje (deluje na grinje).<\/p>\n<p><strong>Primena:<\/strong><\/p>\n<div class=\"table-mobile-effect\">\n<div class=\"table-wrapper tw-overflow-y-auto\">\n<table border=\"0\" cellspacing=\"0\" cellpadding=\"0\" align=\"left\" data-once=\"table\">\n<tbody>\n<tr>\n<td><strong>Biljna vrsta<\/strong><\/td>\n<td><strong>\u0160tetni organizmi koje suzbija<\/strong><\/td>\n<td><strong>Koli\u010dina primene i vreme primene<\/strong><\/td>\n<td><strong>Karenca<\/strong><\/td>\n<\/tr>\n<tr>\n<td rowspan=\"3\"><strong>\u017dito i ku<\/strong><strong>kuruz u skladi\u0161tima<\/strong><\/td>\n<td rowspan=\"3\">\u017ditni \u017ei\u017eak (<em>Sitophilus granarius<\/em>), pirin\u010dani \u017ei\u017eak (<em>Sitophilus oryzae<\/em>), mali bra\u0161nari (<em>Tribolium<\/em>\u00a0spp.), surinamski bra\u0161nar (<em>Oryzaephilus surinamensis<\/em>), trogoderma (<em>Trogoderma granarium<\/em>), plamenac bra\u0161na (<em>Ephestia kuhniella<\/em>), bakrenasti plamenac bra\u0161na (<em>Plodia interpunctella<\/em>), \u017eitni moljac (<em>Sitotroga cerealella<\/em>)<\/td>\n<td>Za tretiranje praznih skladi\u0161ta poljoprivrednih proizvoda, u koli\u010dini 0,75-1,5 ml\/m\u00b2, uz dodatak 25-150 ml vode na 1 m\u00b2<\/td>\n<td rowspan=\"3\">3 dana<\/td>\n<\/tr>\n<tr>\n<td>Za tretiranje praznih vre\u0107a, u koli\u010dini 0,5 ml\/m\u00b2, uz dodatak 50 ml vode na 1 m\u00b2<\/td>\n<\/tr>\n<tr>\n<td>Za tretiranje zrna \u017eita i kukuruza u silosima koji su snabdeveni dozatorima za jednako nano\u0161enje preparata na zrno. Koli\u010dina primene od 8 ml\/t zrna, uz dodatak 0,5-1 l vode na 1 m\u00b2.<\/td>\n<\/tr>\n<tr>\n<td><\/td>\n<td><\/td>\n<td><\/td>\n<td><\/td>\n<\/tr>\n<\/tbody>\n<\/table>\n<\/div>\n<\/div>\n<p><strong>Posebne napomene:\u00a0<\/strong>Prilikom primene\u00a0<strong>ACTELLIC\u00ae 50 EC<\/strong>\u00a0sprovesti odgovaraju\u0107e mere za\u0161tite na radu. Koristiti za tretiranje zrna \u017eita i kukuruza samo u silosima koji su snabdeveni dozatorima za jednako nano\u0161enje preparata na zrno. Preparat se ne sme primenjivati u skladi\u0161tima bra\u0161na i sli\u010dne robe i uljarica.\u00a0<strong>ACTELLIC\u00ae 50 EC<\/strong>\u00a0se mo\u017ee primenjivati jednom u toku godine. Uno\u0161enje robe u tretirana prazna skladi\u0161ta mo\u017ee se obaviti 2 dana od primene.<\/p>","protected":false},"excerpt":{"rendered":"<p><strong>Klasa: <\/strong>Insekticid<br \/>\n<strong>Aktivna materija: <\/strong>500 g\/l Pirimifos-metil<br \/>\n<strong>Formulacija: <\/strong>Koncentrat za emulziju (EC)<\/p>\n<p>Za bezbednost va\u0161ih silosa!<\/p>\n<p><strong>ACTELLIC\u00ae 50 EC<\/strong>\u00a0je insekticid \u0161irokog spektra delovanja, sa kontaktnim i digestivnim delovanjem za suzbijanje skladi\u0161nih \u0161teto\u010dina i za dezinsekciju \u017eitarica.<\/p>","protected":false},"featured_media":7752,"template":"","meta":[],"product_brand":[531],"product_cat":[480],"product_tag":[691],"class_list":{"0":"post-7751","1":"product","2":"type-product","3":"status-publish","4":"has-post-thumbnail","6":"product_brand-sygenta","7":"product_cat-insekticidi-2","8":"product_tag-pirimi-fos-metil","10":"first","11":"instock","12":"featured","13":"shipping-taxable","14":"purchasable","15":"product-type-simple"},"_links":{"self":[{"href":"https:\/\/agrarpetrovic.rs\/en\/wp-json\/wp\/v2\/product\/7751","targetHints":{"allow":["GET"]}}],"collection":[{"href":"https:\/\/agrarpetrovic.rs\/en\/wp-json\/wp\/v2\/product"}],"about":[{"href":"https:\/\/agrarpetrovic.rs\/en\/wp-json\/wp\/v2\/types\/product"}],"wp:featuredmedia":[{"embeddable":true,"href":"https:\/\/agrarpetrovic.rs\/en\/wp-json\/wp\/v2\/media\/7752"}],"wp:attachment":[{"href":"https:\/\/agrarpetrovic.rs\/en\/wp-json\/wp\/v2\/media?parent=7751"}],"wp:term":[{"taxonomy":"product_brand","embeddable":true,"href":"https:\/\/agrarpetrovic.rs\/en\/wp-json\/wp\/v2\/product_brand?post=7751"},{"taxonomy":"product_cat","embeddable":true,"href":"https:\/\/agrarpetrovic.rs\/en\/wp-json\/wp\/v2\/product_cat?post=7751"},{"taxonomy":"product_tag","embeddable":true,"href":"https:\/\/agrarpetrovic.rs\/en\/wp-json\/wp\/v2\/product_tag?post=7751"}],"curies":[{"name":"wp","href":"https:\/\/api.w.org\/{rel}","templated":true}]}}