{"id":7754,"date":"2025-06-17T12:58:13","date_gmt":"2025-06-17T10:58:13","guid":{"rendered":"https:\/\/agrarpetrovic.rs\/?post_type=product&#038;p=7754"},"modified":"2025-10-23T11:55:38","modified_gmt":"2025-10-23T09:55:38","slug":"adinik-1-1-fungicid","status":"publish","type":"product","link":"https:\/\/agrarpetrovic.rs\/en\/proizvod\/adinik-1-1-fungicid\/","title":{"rendered":"Adinik 1\/1 &#8211; fungicid"},"content":{"rendered":"<p><strong>ADINIK \u00ae<\/strong>je fungicid sa preventivnim i kurativnim delovanjem, koji se koristi za suzbijanje prouzrokova\u010da: pepelnice p\u0161enice (Erysiphe graminis), sive pegavosti lista (Septoria tritici), r\u0111e p\u0161enice (Puccinia spp.), bolesti lista i stabla (Alternaria spp., Helminthosporium spp., Puccinia graminis sp. tritici, Pyrenophora spp.), sive pegavosti paradajza (Septoria lycopersici), crne pegavosti (Alternaria spp.), raka leske (Cytospora corylicola), pegavosti lista i stabla borovnice (Septoria albopunctata), trule\u017ei plodova tokom skladi\u0161tenja (Gloesporium spp., Penicillium spp., Botrytis cinerea), pegavosti lista povr\u0107a (Alternaria spp., Septoria spp.) i plamenja\u010de krastavca (Pseudoperonospora cubensi<\/p>\n<p style=\"font-weight: 400;\"><b><strong>NA\u010cIN DELOVANJA:<\/strong><\/b><\/p>\n<p style=\"font-weight: 400;\"><strong>ADINIK\u00ae <\/strong>je fungicid na bazi aktivne materije piraklostrobin koji pripada grupi metoksikarbamata, a prema mehanizmu delovanja remeti normalan proces transporta elektrona u kompleksu III. Prilikom nano\u0161enja na list, piraklostrobin se usvaja u vo\u0161tani sloj biljke i translaminarno raspore\u0111uje u tretiranim biljnim delovima. Pored fungicidnog ima izra\u017een fiziolo\u0161ki efekat koji se ispoljava kroz odlo\u017eeno starenje, zelenije listove, bolju tolerantnost na bioti\u010dke i abioti\u010dke uslove, kao i efikasnije usvajanje vode i azota. Predstavlja jednu od najzna\u010dajnijih aktivnih materija u za\u0161titi strnih \u017eita, jer ispoljava \u0161irok spektar delovanja na ekonomski najzna\u010dajnije prouzrokova\u010de bolesti.<\/p>\n<p style=\"font-weight: 400;\"><b><strong>PRIMENA:<\/strong><\/b><\/p>\n<table data-once=\"table\">\n<tbody>\n<tr>\n<td><b><strong>BILJNA VRSTA<\/strong><\/b><\/td>\n<td><b><strong>\u0160TETNI ORGANIZMI KOJE SUZBIJA<\/strong><\/b><\/td>\n<td><b><strong>KOLI\u010cINA PRIMENE<\/strong><\/b><\/td>\n<td><b><strong>VREME PRIMENE<\/strong><\/b><\/td>\n<td><b><strong>KARENCA<\/strong><\/b><\/td>\n<\/tr>\n<tr>\n<td><b><strong>P\u0161enica<\/strong><\/b><\/td>\n<td>Pepelnica (<em>Erysiphe graminis<\/em>), siva pegavost lista (<em>Septoria tritici<\/em>), r\u0111a p\u0161enice (<em>Puccinia<\/em>\u00a0spp.),<\/td>\n<td>0,75 l\/ha<\/td>\n<td>Preventivno ili po pojavi prvih simptoma bolesti, od faze vlatanja do faze punog cvetanja (BBCH 30\u201365)<\/td>\n<td>35 dana<\/td>\n<\/tr>\n<tr>\n<td><b><strong>Tritikale<\/strong><\/b><\/td>\n<td>Bolesti lista i stabla (<em>Alternaria\u00a0<\/em>spp.,\u00a0<em>Helminthosporium\u00a0<\/em>spp.,\u00a0<em>Puccinia graminis f. sp. tritici<\/em>,\u00a0<em>Pyrenophora\u00a0<\/em>spp.,\u00a0<em>Septoria\u00a0<\/em>spp.)<\/td>\n<td>0,8-1 l\/ha<\/td>\n<td>Preventivno, od pojave 5 vidljivih izdanaka do po\u010detka cvetanja (BBCH 25\u201361)<\/td>\n<td>35 dana<\/td>\n<\/tr>\n<tr>\n<td><b><strong>Leska<\/strong><\/b><\/td>\n<td>Rak leske\u00a0<em>(Cytospora corylicola)<\/em><\/td>\n<td>1 l\/ha<\/td>\n<td>Preventivno, pre ostvarivanja povoljnih uslova za nastanak bolesti, kada je leska u fazi po\u010detka listanja i u jesenjem tretmanu u oktobru pre opadanja li\u0161\u0107a.<\/td>\n<td>Obezbe\u0111ena vremenom primene<\/td>\n<\/tr>\n<tr>\n<td><b><strong>Borovnica<\/strong><\/b><\/td>\n<td>Pegavost lista i stabla borovnice\u00a0<em>(Septoria albopunctata)<\/em><\/td>\n<td>0,5 l\/ha<\/td>\n<td>Preventivno, od faze po\u010detka cvetanja (5% cvetova otvoreno) do sazrevanja plodova<\/td>\n<td>3 dana<\/td>\n<\/tr>\n<tr>\n<td><b><strong>Breskva<\/strong><\/b><\/td>\n<td>Trule\u017e plodova tokom skladi\u0161tenja (<em>Gloesporium<\/em>\u00a0spp.,\u00a0<em>Penicillium<\/em>\u00a0spp.,\u00a0<em>Alternaria\u00a0<\/em>spp.,\u00a0<em>Botrytis cinerea<\/em>)<\/td>\n<td>0,4-0,6 l\/ha<\/td>\n<td>1\u20132 puta pre berbe, najkasnije 7 dana pred berbu<\/td>\n<td>7 dana<\/td>\n<\/tr>\n<tr>\n<td><b><strong>Paradajz<\/strong><\/b><\/td>\n<td>Siva pegavost paradajza\u00a0<em>(Septoria lycopersici)\u00a0<\/em>i crne pegavosti (<em>Alternaria\u00a0<\/em>spp.)<\/td>\n<td>0,65-0,8 l\/ha<\/td>\n<td>Od kraja faze izdu\u017eivanja glavnog stabla do faze kada 70% plodova ima tipi\u010dnu boju zrelog ploda (BBCH 40\u201387).<\/td>\n<td>7 dana<\/td>\n<\/tr>\n<tr>\n<td><b><strong>Lisnato povr\u0107e<\/strong><\/b><\/td>\n<td>Pegavost lista povr\u0107a (<em>Alternaria\u00a0<\/em>spp.,\u00a0<em>Septoria\u00a0<\/em>spp.)<\/td>\n<td>0,5 l\/ha<\/td>\n<td>Preventivno, od faze kada je tre\u0107i pravi list razvijen do faze kada je 70% lisne mase tipi\u010dno za sortu (BBCH 13\u201347)<\/td>\n<td>14 dana<\/td>\n<\/tr>\n<tr>\n<td><b><strong>Krastavac<\/strong><\/b><\/td>\n<td>Crna pegavost (<em>Alternaria\u00a0<\/em>spp.), plamenja\u010da\u00a0<em>(Pseudoperonospora cubensis)<\/em><\/td>\n<td>0,65-0,8 l\/ha<\/td>\n<td>Od kraja izdu\u017eivanja glavnog stabla do pune zrelosti plodova (BBCH 40\u201389)<\/td>\n<td>7 dana<\/td>\n<\/tr>\n<\/tbody>\n<\/table>\n<p style=\"font-weight: 400;\"><strong>RADNA KARENCA<\/strong>: Do su\u0161enja depozita preparata.<br \/>\n<strong>POSEBNE NAPOMENE<\/strong>: U cilju pro\u0161irenja spektra delovanja mo\u017ee se me\u0161ati sa drugim preparatima na bazi fosetil-aluminijuma, dodina, boskalida i protiokonazola.<\/p>","protected":false},"excerpt":{"rendered":"<p><strong>Klasa: <\/strong>Fungicid<br \/>\n<strong>Aktivna materija:<\/strong> 250 g\/l Piraklostrobin<br \/>\n<strong>Proizvo\u0111a\u010d<\/strong>: Syngenta<\/p>\n<p>&nbsp;<\/p>","protected":false},"featured_media":7756,"template":"","meta":[],"product_brand":[531],"product_cat":[415],"product_tag":[508],"class_list":{"0":"post-7754","1":"product","2":"type-product","3":"status-publish","4":"has-post-thumbnail","6":"product_brand-sygenta","7":"product_cat-fungicidi-2","8":"product_tag-250-g-l-piraklostrobin","10":"first","11":"outofstock","12":"shipping-taxable","13":"product-type-simple"},"_links":{"self":[{"href":"https:\/\/agrarpetrovic.rs\/en\/wp-json\/wp\/v2\/product\/7754","targetHints":{"allow":["GET"]}}],"collection":[{"href":"https:\/\/agrarpetrovic.rs\/en\/wp-json\/wp\/v2\/product"}],"about":[{"href":"https:\/\/agrarpetrovic.rs\/en\/wp-json\/wp\/v2\/types\/product"}],"wp:featuredmedia":[{"embeddable":true,"href":"https:\/\/agrarpetrovic.rs\/en\/wp-json\/wp\/v2\/media\/7756"}],"wp:attachment":[{"href":"https:\/\/agrarpetrovic.rs\/en\/wp-json\/wp\/v2\/media?parent=7754"}],"wp:term":[{"taxonomy":"product_brand","embeddable":true,"href":"https:\/\/agrarpetrovic.rs\/en\/wp-json\/wp\/v2\/product_brand?post=7754"},{"taxonomy":"product_cat","embeddable":true,"href":"https:\/\/agrarpetrovic.rs\/en\/wp-json\/wp\/v2\/product_cat?post=7754"},{"taxonomy":"product_tag","embeddable":true,"href":"https:\/\/agrarpetrovic.rs\/en\/wp-json\/wp\/v2\/product_tag?post=7754"}],"curies":[{"name":"wp","href":"https:\/\/api.w.org\/{rel}","templated":true}]}}