{"id":7762,"date":"2025-06-18T11:28:49","date_gmt":"2025-06-18T09:28:49","guid":{"rendered":"https:\/\/agrarpetrovic.rs\/?post_type=product&#038;p=7762"},"modified":"2025-10-23T11:55:40","modified_gmt":"2025-10-23T09:55:40","slug":"amistar-plus-1-1-fungicid","status":"publish","type":"product","link":"https:\/\/agrarpetrovic.rs\/en\/proizvod\/amistar-plus-1-1-fungicid\/","title":{"rendered":"Amistar Plus 1\/1 &#8211; herbicid"},"content":{"rendered":"<p><strong>AMISTAR\u00ae Plus<\/strong> je preventivni i kurativni\u00a0fungicid za suzbijanje bolesti u usevu suncokreta i uljane repice. Primenjuje se za suzbijanje prouzrokova\u010da bele trule\u017ei\u00a0<em>(Sclerotinia<\/em>\u00a0<em>sclerotiorum)<\/em>, crne pegavosti stabljike\u00a0<em>(Phoma<\/em>\u00a0<em>macdonaldi)<\/em>\u00a0i sivomrke pegavosti\u00a0<em>(Phomopsis<\/em>\u00a0<em>helianthi)<\/em>\u00a0u usevu\u00a0suncokreta, kao i suve trule\u017ei\u00a0<em>(Phoma<\/em>\u00a0<em>lingam)\u00a0<\/em>i bele trule\u017ei\u00a0<em>(Sclerotinia<\/em>\u00a0<em>sclerotiorum)<\/em>\u00a0u usevu uljane repice. Preporu\u010dena koli\u010dina primene je 1 l\/ha.<\/p>\n<p><strong>Na\u010din delovanja:<\/strong><\/p>\n<p><strong>AMISTAR\u00ae Plus<\/strong> sadr\u017ei dve aktivne materije (difenokonazol, azoksistrobin) razli\u010ditog mehanizma delovanja, \u0161to je preduslov za izbegavanje ukr\u0161tene rezistentnosti.\u00a0Difenkonazol je aktivna materija iz grupe triazola, koja osim preventivnog delovanja na povr\u0161ini biljnih delova, pokazuje i izra\u017eeno kurativno delovanje pa mo\u017ee da zaustavi ve\u0107 postoje\u0107e zaraze i dalje \u0161irenje oboljenja.<br \/>\nAzoksistrobin je aktivna materija iz grupe strobilurina (QoI) sa vrlo \u0161irokim spektrom delovanja. Inhibira \u0107elijsko disanje (respiraciju), usled \u010dega se zaustavlja klijanje spora, spre\u010dava rast micelije i sporulacija.<br \/>\nOsim fungicidnog delovanja, AMISTAR\u00ae Plus poseduje biostimulativni efekat koji omogu\u0107ava biljkama da se lak\u0161e adaptiraju na stresne uslove. Pozitivan efekat na\u00a0produ\u017eetak vegetacije pozitivno uti\u010de na pove\u0107anje prinosa \u010dak i u odsustvu bolesti!<\/p>\n<p><strong>Primena<\/strong><\/p>\n<div class=\"table-mobile-effect\">\n<div class=\"table-wrapper tw-overflow-y-auto\">\n<table cellspacing=\"0\" data-once=\"table\">\n<tbody>\n<tr>\n<td class=\"oa1\"><strong>Biljna vrsta<\/strong><\/td>\n<td class=\"oa1\"><strong>Patogeni koje suzbija<\/strong><\/td>\n<td class=\"oa1\"><strong>Koli\u010dina primene<\/strong><\/td>\n<td class=\"oa1\"><strong>Vreme primene<\/strong><\/td>\n<td class=\"oa2\"><strong>Karenca<\/strong><\/td>\n<\/tr>\n<tr>\n<td class=\"oa3\">Suncokret<\/td>\n<td class=\"oa4\">&nbsp;<\/p>\n<p>Bela trule\u017e\u00a0<em>(Sclerotinia sclerotiorum)<\/em>, crna pegavost stabljike\u00a0<em>(Phoma<\/em>\u00a0<em>macdonaldi),\u00a0<\/em>sivomrka pegavost\u00a0<em>(Phomopsis helianthi)<\/em><\/td>\n<td class=\"oa3\">1 l\/ha<\/td>\n<td class=\"oa3\">Od izdu\u017eivanja stabljike do kraja butonizacije<\/td>\n<td class=\"oa3\">60 dana<\/td>\n<\/tr>\n<tr>\n<td class=\"oa5\">Uljana repica<\/td>\n<td class=\"oa5\">Suva trule\u017e\u00a0<em>(Phoma<\/em>\u00a0<em>lingam)<\/em>, bela trule\u017e\u00a0<em>(Sclerotinia<\/em>\u00a0<em>sclerotiorum)<\/em><\/td>\n<td class=\"oa5\">1 l\/ha<\/td>\n<td class=\"oa5\">Od faze 4 lista do sredine ili do kraja cvetanja<\/td>\n<td class=\"oa5\">*OVP<\/td>\n<\/tr>\n<\/tbody>\n<\/table>\n<\/div>\n<\/div>\n<p>*OVP \u2013 obezbe\u0111ena vremenom primene<br \/>\nU suncokretu se primenjuje dva puta tokom vegetacije, uz razmak od 21 dan, dok se u uljanoj repici jednom primenjuje u jesen i jednom u prole\u0107e.<br \/>\n<strong>Radna<\/strong>\u00a0<strong>karenca:<\/strong>\u00a012 sati.<br \/>\n<strong>Mogu\u0107nost<\/strong>\u00a0<strong>me\u0161anja:<\/strong>\u00a0<strong>AMISTAR\u00ae<\/strong>\u00a0<strong>Plus<\/strong>\u00a0se mo\u017ee me\u0161ati sa ve\u0107im brojem drugih fungicida i insekticida, ali prethodno proveriti kompatibilnost. Ne sme se me\u0161ati sa preparatima koji sadr\u017ee ulje.<\/p>","protected":false},"excerpt":{"rendered":"<p><strong>Klasa<\/strong>: Fungicid<br \/>\n<strong>Aktivna materija:<\/strong> 125 g\/l Azoksistrobin + 125 g\/l Difenokonazol<br \/>\n<strong>Formulacija:<\/strong> Koncentrovana suspenzija (SC)<br \/>\n<strong>Proizvo\u0111a\u010d:<\/strong> Syngenta<\/p>","protected":false},"featured_media":8970,"template":"","meta":[],"product_brand":[531],"product_cat":[449],"product_tag":[511],"class_list":{"0":"post-7762","1":"product","2":"type-product","3":"status-publish","4":"has-post-thumbnail","6":"product_brand-sygenta","7":"product_cat-herbicidi-2","8":"product_tag-125-g-l-azoksistrobin-125-g-l-difenokonazol","10":"first","11":"outofstock","12":"shipping-taxable","13":"product-type-simple"},"_links":{"self":[{"href":"https:\/\/agrarpetrovic.rs\/en\/wp-json\/wp\/v2\/product\/7762","targetHints":{"allow":["GET"]}}],"collection":[{"href":"https:\/\/agrarpetrovic.rs\/en\/wp-json\/wp\/v2\/product"}],"about":[{"href":"https:\/\/agrarpetrovic.rs\/en\/wp-json\/wp\/v2\/types\/product"}],"wp:featuredmedia":[{"embeddable":true,"href":"https:\/\/agrarpetrovic.rs\/en\/wp-json\/wp\/v2\/media\/8970"}],"wp:attachment":[{"href":"https:\/\/agrarpetrovic.rs\/en\/wp-json\/wp\/v2\/media?parent=7762"}],"wp:term":[{"taxonomy":"product_brand","embeddable":true,"href":"https:\/\/agrarpetrovic.rs\/en\/wp-json\/wp\/v2\/product_brand?post=7762"},{"taxonomy":"product_cat","embeddable":true,"href":"https:\/\/agrarpetrovic.rs\/en\/wp-json\/wp\/v2\/product_cat?post=7762"},{"taxonomy":"product_tag","embeddable":true,"href":"https:\/\/agrarpetrovic.rs\/en\/wp-json\/wp\/v2\/product_tag?post=7762"}],"curies":[{"name":"wp","href":"https:\/\/api.w.org\/{rel}","templated":true}]}}