{"id":7773,"date":"2025-06-19T09:34:21","date_gmt":"2025-06-19T07:34:21","guid":{"rendered":"https:\/\/agrarpetrovic.rs\/?post_type=product&#038;p=7773"},"modified":"2025-10-23T11:55:40","modified_gmt":"2025-10-23T09:55:40","slug":"ampligo-150-zc-50-ml-insekticid","status":"publish","type":"product","link":"https:\/\/agrarpetrovic.rs\/en\/proizvod\/ampligo-150-zc-50-ml-insekticid\/","title":{"rendered":"Ampligo 150 ZC 50 ml &#8211; Insekticid"},"content":{"rendered":"<p><strong>AMPLIGO\u00ae 150 ZC<\/strong>\u00a0je nesistemi\u010dni insekticid sa kontaktnim i digestivnim delovanjem za suzbijanje<em>\u00a0Lepidoptera<\/em>\u00a0u usevima kukuruza, kukuruza \u0161e\u0107erca, paradajza i kupusa.<\/p>\n<p><strong>Na\u010din delovanja:<\/strong><\/p>\n<p><strong>AMPLIGO\u00ae 150 ZC<\/strong>\u00a0je insekticid na bazi dve aktivne materije, hlorantraniliprola i lambda-cihalotrina.\u00a0<strong>Hlorantraniliprol<\/strong>\u00a0je ovilarvicidni insekticid sa kontaktnim i digestivnim delovanjem. Stimuli\u0161e otpu\u0161tanje kalcijuma iz mi\u0161i\u0107a insekata, \u0161to dovodi do paralize i smrti \u0161teto\u010dina.\u00a0<strong>Lambda-cihalotrin\u00a0<\/strong>pripada hemijskoj grupi piretroida, koji remete protok natrijumovih jona kroz nervnu membranu insekata. Odlikuje se kontaktnim i digestivnim delovanjem. Kombinacija ove dve aktivne materije omogu\u0107ava<strong>\u00a0AMPLIGO\u00ae 150 ZC\u00a0<\/strong>da deluje na skoro sve razvojne stadijume u \u017eivotnom ciklusu \u0161teto\u010dine.<\/p>\n<p><strong>Primena:<\/strong><\/p>\n<div class=\"table-mobile-effect\">\n<div class=\"table-wrapper tw-overflow-y-auto\">\n<table border=\"0\" cellspacing=\"0\" cellpadding=\"0\" align=\"left\" data-once=\"table\">\n<tbody>\n<tr>\n<td>\n<p class=\"text-align-center\"><strong>Usev<\/strong><\/p>\n<\/td>\n<td>\n<p class=\"text-align-center\"><strong>\u0160tetni organizmi koje suzbija<\/strong><\/p>\n<\/td>\n<td>\n<p class=\"text-align-center\"><strong>Koli\u010dina primene<\/strong><\/p>\n<\/td>\n<td>\n<p class=\"text-align-center\"><strong>Vreme primene<\/strong><\/p>\n<\/td>\n<td>\n<p class=\"text-align-center\"><strong>Karenca<\/strong><\/p>\n<\/td>\n<\/tr>\n<tr>\n<td><strong>Kukuruz<\/strong><\/td>\n<td>Kukuruzni plamenac (<em>Ostrinia nubilalis<\/em>)<\/td>\n<td>\n<p class=\"text-align-center\">0,2-0,25 l\/ha<\/p>\n<\/td>\n<td>Na po\u010detku pojave \u0161teto\u010dine, u vreme masovnog leta i na kraju leta, od pojave \u010detvrtog kolenceta do vo\u0161tane zrelosti kukuruza<\/td>\n<td>\n<p class=\"text-align-center\">7 dana<\/p>\n<\/td>\n<\/tr>\n<tr>\n<td><strong>Kukuruz \u0161e\u0107erac<\/strong><\/td>\n<td>Kukuruzni plamenac (<em>Ostrinia nubilalis<\/em>), pamukova sovica (<em>Helicoverpa armigera<\/em>)<\/td>\n<td>\n<p class=\"text-align-center\">0,2-0,3 l\/ha<\/p>\n<\/td>\n<td>U vreme masovnog leta \u0161teto\u010dine, najkasnije do kraj razvoja zrna, kad pribli\u017eno sva zrna dostignu krajnju veli\u010dinu<\/td>\n<td>\n<p class=\"text-align-center\">7 dana<\/p>\n<\/td>\n<\/tr>\n<tr>\n<td><strong>Paradajz<\/strong><\/td>\n<td>Pamukova sovica (<em>Helicoverpa armigera<\/em>), moljac paradajza (<em>Tuta absoluta<\/em>)<\/td>\n<td>\n<p class=\"text-align-center\">0,4 l\/ha<\/p>\n<\/td>\n<td>U vreme pojave \u0161teto\u010dina, od po\u010detka cvetanja do pune zrelosti paradajza<\/td>\n<td>\n<p class=\"text-align-center\">3 dana<\/p>\n<\/td>\n<\/tr>\n<tr>\n<td><strong>Krompir<\/strong><\/td>\n<td>Krompirova zlatica (<em>Leptinotarsa decemlineata<\/em>)<\/td>\n<td>0,3 l\/ha<\/td>\n<td>Na po\u010detku piljenja larvi i po pojavi prvih larvi L3<\/td>\n<td>14 dana<\/td>\n<\/tr>\n<tr>\n<td><strong>Kupus<\/strong><\/td>\n<td>Mali kupusar (<em>Pieris rapae<\/em>)<\/td>\n<td>\n<p class=\"text-align-center\">0,1-0,3 l\/ha<\/p>\n<\/td>\n<td>U vreme po\u010detka piljenja gusenica<\/td>\n<td>\n<p class=\"text-align-center\">14 dana<\/p>\n<\/td>\n<\/tr>\n<tr>\n<td><strong>Vinova loza<\/strong><\/td>\n<td>Sivi (pepeljasti) gro\u017e\u0111ani moljac (<em>Lobesia botrana<\/em>)<\/td>\n<td>0,2 \u2013 0,3 L\/ha<\/td>\n<td>Primena u vreme poleganja jaja i piljenja larv \u0161teto\u010dine. Sredstvo treba primenti pre polaganje jaja, pre piljenja ili na po\u010detku piljenja gusenica i njihovog ubu\u0161ivanja u bobice, odnosno tretiranjem na po\u010detku formiranja zapredaka (prva generacija \u0161teto\u010dine) i pre ubu\u0161ivanja gusenica u bobice (druga ili tre\u0107a generacija \u0161teto\u010dine)<\/td>\n<td>28 dana<\/p>\n<p>&nbsp;<\/td>\n<\/tr>\n<\/tbody>\n<\/table>\n<\/div>\n<\/div>\n<p>&nbsp;<\/p>\n<p><strong>Posebne napomene:<\/strong><br \/>\nZbog potencijalnog razvoja rezistentnosti, ne primenjivati AMPLIGO\u00ae\u00a0150 ZC vi\u0161e od dva puta tokom vegetacione sezone u usevu kukuruza, paradajza i kupusa, odnosno jednom u toku vegetacione sezone u usevu kukuruza \u0161e\u0107erca. Radi za\u0161tite p\u010dela i drugih opra\u0161iva\u010da ne primenjivati u vreme cvetanja useva i u vreme ispa\u0161e p\u010dela.<\/p>\n<p><strong>Mogu\u0107nost me\u0161anja:<\/strong><br \/>\nAMPLIGO\u00ae\u00a0150 ZC se ne sme me\u0161ati sa sredstvima alkalne reakcije.<\/p>\n<div class=\"syn-media-type media-element file-default media media--type-image media--view-mode-default\" data-alt=\"vinova-loza-grozdje-zastita-syngenta\" data-title=\"vinova-loza-grozdje-zastita-syngenta\" data-class=\"media-element file-default\" data-data-delta=\"5\">\n<div class=\"field field--name-field-media-image field--type-image field--label-hidden field__item\"><strong>NAPOMENE:<\/strong><\/div>\n<\/div>\n<p>U slu\u010daju da je seme tretirano sredstvom za za\u0161titu semena, obavezno pro\u010ditati uputstvo o bezbednom kori\u0161\u0107enju.<br \/>\nU SLU\u010cAJU HITNOSTI:\u00a0U slu\u010daju trovanja ili pojave simptoma nakon upotrebe ovog sredstva, obavezno se javiti nadle\u017enom lekaru sa ovim uputstvom. Lekar ili pacijent se mogu javiti i\u00a0<strong>Centru za kontrolu trovanja VMA<\/strong>, Crnotravska 17, Beograd, tel. 011 3608 440, neprekidno tokom 24 \u010dasa, radi dobijanja detaljnijih informacija, stru\u010dne konsultacije i preporuke za dalji tretman zatrovanog.<\/p>","protected":false},"excerpt":{"rendered":"<p><strong><b>Klasa:<\/b><\/strong> Insekticid<br \/>\n<strong><b>Aktivna materija:<\/b><\/strong> 100 g\/l Hlorantraniliprol + 50 g\/l Lambda cihalotrin<br \/>\n<strong><b>Formulacija: <\/b><\/strong>Me\u0161avina koncentrovane suspenzije SC i suspenzije kapsula CS (ZC<strong><b>)<\/b><\/strong><br \/>\n<strong><b>Proizvo\u0111a\u010d:<\/b><\/strong>\u00a0Syngenta<\/p>","protected":false},"featured_media":7772,"template":"","meta":[],"product_brand":[505],"product_cat":[234],"product_tag":[513],"class_list":{"0":"post-7773","1":"product","2":"type-product","3":"status-publish","4":"has-post-thumbnail","6":"product_brand-syngenta","7":"product_cat-insekticidi","8":"product_tag-100-g-l-hlorantraniliprol-50-g-l-lambda-cihalotrin","10":"first","11":"outofstock","12":"shipping-taxable","13":"purchasable","14":"product-type-simple"},"_links":{"self":[{"href":"https:\/\/agrarpetrovic.rs\/en\/wp-json\/wp\/v2\/product\/7773","targetHints":{"allow":["GET"]}}],"collection":[{"href":"https:\/\/agrarpetrovic.rs\/en\/wp-json\/wp\/v2\/product"}],"about":[{"href":"https:\/\/agrarpetrovic.rs\/en\/wp-json\/wp\/v2\/types\/product"}],"wp:featuredmedia":[{"embeddable":true,"href":"https:\/\/agrarpetrovic.rs\/en\/wp-json\/wp\/v2\/media\/7772"}],"wp:attachment":[{"href":"https:\/\/agrarpetrovic.rs\/en\/wp-json\/wp\/v2\/media?parent=7773"}],"wp:term":[{"taxonomy":"product_brand","embeddable":true,"href":"https:\/\/agrarpetrovic.rs\/en\/wp-json\/wp\/v2\/product_brand?post=7773"},{"taxonomy":"product_cat","embeddable":true,"href":"https:\/\/agrarpetrovic.rs\/en\/wp-json\/wp\/v2\/product_cat?post=7773"},{"taxonomy":"product_tag","embeddable":true,"href":"https:\/\/agrarpetrovic.rs\/en\/wp-json\/wp\/v2\/product_tag?post=7773"}],"curies":[{"name":"wp","href":"https:\/\/api.w.org\/{rel}","templated":true}]}}