{"id":7787,"date":"2025-06-20T00:21:04","date_gmt":"2025-06-19T22:21:04","guid":{"rendered":"https:\/\/agrarpetrovic.rs\/?post_type=product&#038;p=7787"},"modified":"2025-10-23T11:55:40","modified_gmt":"2025-10-23T09:55:40","slug":"casper-55-wg-300-g-herbicid","status":"publish","type":"product","link":"https:\/\/agrarpetrovic.rs\/en\/proizvod\/casper-55-wg-300-g-herbicid\/","title":{"rendered":"Casper 55 WG 300 g"},"content":{"rendered":"<p><strong>CASPER\u00ae\u00a055 WG<\/strong>\u00a0je selektivni translokacioni herbicid\u00a0namenjen suzbijanju jednogodi\u0161njih \u0161irokolisnih\u00a0 korova u usevu kukuruza.<\/p>\n<div class=\"syn-media-type media-element file-default media media--type-image media--view-mode-default\" data-alt=\"elumis-105-od-herbicid-kukuruz-syngenta\" data-title=\"elumis-105-od-herbicid-kukuruz-syngenta\" data-style=\"height: 327px; width: 1200px;\" data-class=\"media-element file-default\" data-data-delta=\"2\">\n<div class=\"field field--name-field-media-image field--type-image field--label-hidden field__item\"><strong>Na\u010din delovanja:<\/strong><\/div>\n<\/div>\n<p><strong>CASPER\u00ae\u00a055 WG<\/strong>\u00a0je herbicid koji u sebi sadr\u017ei dve aktivne materije, dikambu i prosulfuron, koji se me\u0111usobno odli\u010dno dopunjuju.\u00a0<strong>Prosulfuron\u00a0<\/strong>pripada hemijskoj grupi sulfonilurea koja ima \u0161irok spektar delovanja na jednogodi\u0161nje i neke vi\u0161egodi\u0161nje \u0161irokolisne korove.<strong>\u00a0\u00a0<\/strong>Apsorbuje se preko lista i korena.<strong>\u00a0Dikamba\u00a0<\/strong>je dugo godina unazad kori\u0161\u0107en i dokazan herbicid izrazito translokacionog delovanja, koji suzbija \u0161irok spektar \u0161irokolisnih korova<strong>. \u00a0<\/strong>Apsorbuje se preko listova i translocira kroz celu biljku<strong>.\u00a0<\/strong>Obe aktivne materije zaustavljaju rast i razvoj korova, uti\u010du na promenu boje korova i na kraju dovode do potpunog propadanja korova. Visoka efikasnost u suzbijanju korova posti\u017ee se folijarnom primenom, dok ostatak\u00a0<strong>CASPER\u00ae\u00a055 WG<\/strong>\u00a0koji dospe na povr\u0161inu zemlji\u0161ta obezbe\u0111uje produ\u017eeno delovanje odnosno spre\u010dava nicanje i dalji razvoj korova.<\/p>\n<p><strong>Primena:<\/strong><\/p>\n<div class=\"table-mobile-effect\">\n<div class=\"table-wrapper tw-overflow-y-auto\">\n<table border=\"0\" cellspacing=\"0\" cellpadding=\"0\" align=\"left\" data-once=\"table\">\n<tbody>\n<tr>\n<td>\n<p class=\"text-align-center\"><strong>Biljna vrsta<\/strong><\/p>\n<\/td>\n<td>\n<p class=\"text-align-center\"><strong>Koli\u010dina primene<\/strong><\/p>\n<\/td>\n<td>\n<p class=\"text-align-center\"><strong>Vreme primene<\/strong><\/p>\n<\/td>\n<td>\n<p class=\"text-align-center\"><strong>Karenca<\/strong><\/p>\n<\/td>\n<\/tr>\n<tr>\n<td rowspan=\"2\"><strong>Kukuruz<\/strong><\/td>\n<td rowspan=\"2\">\n<p class=\"text-align-center\">0,25-0,3 kg\/ha<\/p>\n<\/td>\n<td rowspan=\"2\">Posle nicanja, kada je kukuruz u fazi 3-5 listova, a korovi od faze nicanja pa do pojave razvijena 2-6 listova.<\/td>\n<td>\n<p class=\"text-align-center\">*OVP \u2013 merkantilni kukuruz<\/p>\n<\/td>\n<\/tr>\n<tr>\n<td>\n<p class=\"text-align-center\">14 dana \u2013 sila\u017eni kukuruz<\/p>\n<\/td>\n<\/tr>\n<\/tbody>\n<\/table>\n<\/div>\n<\/div>\n<p>*OVP \u2013 obezbe\u0111ena vremenom primene<\/p>\n<p><strong>Spektar delovanja CASPER\u00ae\u00a055 WG<\/strong>:<\/p>\n<p><strong>Jednogodi\u0161nji \u0161irokolisni korovi:<\/strong><\/p>\n<ul>\n<li>Lipica teofrastova (<em>Abutilon theophrasti<\/em>)<\/li>\n<li>Ambrozija (<em>Ambrosia artemisiifolia<\/em>)<\/li>\n<li>\u0160tir obi\u010dni (<em>Amaranthus retroflexus<\/em>)<\/li>\n<li>Obi\u010dna pepeljuga (<em>Chenopodium album<\/em>)<\/li>\n<li>Srcolisna pepeljuga (<em>Chenopodium hybridum<\/em>)<\/li>\n<li>Tatula obi\u010dna (<em>Datura stramonium<\/em>)<\/li>\n<li>Veliki dvornik (<em>Polygonum lapathifolium<\/em>)<\/li>\n<li>Obi\u010dni dvornik (<em>Polygonum persicaria<\/em>)<\/li>\n<li>Poljska goru\u0161ica (<em>Sinapis arvensis<\/em>)<\/li>\n<li>Pomo\u0107nica obi\u010dna (<em>Solanum nigrum<\/em>)<\/li>\n<li>Obi\u010dna boca (<em>Xanthium strumarium<\/em>)<\/li>\n<\/ul>\n<p><strong>Posebne napomene:<\/strong><\/p>\n<p>Ukoliko do\u0111e do preoravanja ili preveremnog skidanja tretiranog kukuruza, \u010detiri meseca posle primene mo\u017ee se ponovo sejati kukuruz. Ne sme se primenjivati u semenskom kukuruzu i kukuruzu za podusevom (pasulj, bundeva i sl.), u kra\u0161kim podru\u010djima, na vrlo slabo humoznim zemlji\u0161tima, zbog ispirljivosti.<\/p>\n<p><strong>Mogu\u0107nost me\u0161anja:<\/strong><\/p>\n<p>Mo\u017ee se me\u0161ati sa drugim preparatima za folijarno suzbijanje korova u kukuruzu, kao \u0161to su preparati za suzbijanje travnih korova\u00a0 iz hemijske grupe sulfonilurea.<\/p>\n<div class=\"syn-media-type media media--type-remote-video media--view-mode-default\"><\/div>","protected":false},"excerpt":{"rendered":"<p><strong>Klasa:\u00a0<\/strong>Herbicid<\/p>\n<p><strong>Aktivna materija:<\/strong> 500 g\/kg Dikamba + 50 g\/kg Prosulfuron<\/p>\n<p><strong>Formulacija: <\/strong>Vododisperzibilne granule (WG)<\/p>\n<p><strong>Proizvo\u0111a\u010d:<\/strong> Syngenta<\/p>","protected":false},"featured_media":8970,"template":"","meta":[],"product_brand":[531],"product_cat":[532],"product_tag":[520],"class_list":{"0":"post-7787","1":"product","2":"type-product","3":"status-publish","4":"has-post-thumbnail","6":"product_brand-sygenta","7":"product_cat-hemija","8":"product_tag-500-g-kg-dikamba-50-g-kg-prosulfuron","10":"first","11":"outofstock","12":"shipping-taxable","13":"product-type-simple"},"_links":{"self":[{"href":"https:\/\/agrarpetrovic.rs\/en\/wp-json\/wp\/v2\/product\/7787","targetHints":{"allow":["GET"]}}],"collection":[{"href":"https:\/\/agrarpetrovic.rs\/en\/wp-json\/wp\/v2\/product"}],"about":[{"href":"https:\/\/agrarpetrovic.rs\/en\/wp-json\/wp\/v2\/types\/product"}],"wp:featuredmedia":[{"embeddable":true,"href":"https:\/\/agrarpetrovic.rs\/en\/wp-json\/wp\/v2\/media\/8970"}],"wp:attachment":[{"href":"https:\/\/agrarpetrovic.rs\/en\/wp-json\/wp\/v2\/media?parent=7787"}],"wp:term":[{"taxonomy":"product_brand","embeddable":true,"href":"https:\/\/agrarpetrovic.rs\/en\/wp-json\/wp\/v2\/product_brand?post=7787"},{"taxonomy":"product_cat","embeddable":true,"href":"https:\/\/agrarpetrovic.rs\/en\/wp-json\/wp\/v2\/product_cat?post=7787"},{"taxonomy":"product_tag","embeddable":true,"href":"https:\/\/agrarpetrovic.rs\/en\/wp-json\/wp\/v2\/product_tag?post=7787"}],"curies":[{"name":"wp","href":"https:\/\/api.w.org\/{rel}","templated":true}]}}