{"id":7792,"date":"2025-06-20T10:38:10","date_gmt":"2025-06-20T08:38:10","guid":{"rendered":"https:\/\/agrarpetrovic.rs\/?post_type=product&#038;p=7792"},"modified":"2025-10-23T11:55:41","modified_gmt":"2025-10-23T09:55:41","slug":"chorus-50-wg-200-g-fungicid","status":"publish","type":"product","link":"https:\/\/agrarpetrovic.rs\/en\/proizvod\/chorus-50-wg-200-g-fungicid\/","title":{"rendered":"Chorus 50 WG 200 g &#8211; fungicid"},"content":{"rendered":"<p><strong>CHORUS\u00ae 50 WG\u00a0<\/strong>je sistemi\u010dni fungicid, sa preventivnim i kurativnim delovanjem, za suzbijanje prouzrokova\u010da \u010da\u0111ave pegavosti lista i krastavosti plodova jabuke (<em>Venturia inaequalis<\/em>) i su\u0161enja cvetova, gran\u010dica i mrke trule\u017ei plodova vi\u0161nje, breskve i \u0161ljive (<em>Monilinia laxa<\/em>).<\/p>\n<p><strong>Na\u010din delovanja:\u00a0<\/strong><\/p>\n<p><strong>CHORUS\u00ae 50 WG<\/strong> sadr\u017ei <strong>ciprodinil\u00a0<\/strong>koji pripada grupi anilinopirimidina. Inhibira biosintezu metionina i lu\u010denje hidroliti\u010dkih enzima gljive.\u00a0 Spre\u010dava penetraciju i rast micelije gljiva u i na povr\u0161ini lista. Ako se primeni u roku od 48 sati nakon po\u010detka zaraze, zaustavlja dalje \u0161irenje infekcije u biljci, a mo\u017ee se primenjivati i preventivno. Poseduje kontaktna, sistemi\u010dna i translaminarna svojstva.<br \/>\nNjegovo delovanje nije zavisno od niskih temperatura, pa ima efikasnost i na temperaturama ispod 10\u00b0C (po\u010detak vegetacije i period cvetanja).<\/p>\n<p><strong>Primena:<\/strong>.<\/p>\n<div class=\"table-mobile-effect\">\n<div class=\"table-wrapper tw-overflow-y-auto\">\n<table border=\"0\" cellspacing=\"0\" cellpadding=\"0\" data-once=\"table\">\n<tbody>\n<tr>\n<td><strong>Usev<\/strong><\/td>\n<td><strong>Patogeni koje suzbija<\/strong><\/td>\n<td><strong>Koli\u010dina primene<\/strong><\/td>\n<td><strong>Vreme primene<\/strong><\/td>\n<td><strong>Karenca<\/strong><\/td>\n<\/tr>\n<tr>\n<td>Jabuka<\/td>\n<td>\u010ca\u0111ava pegavost lista i krastavost plodova jabuke (<em>Venturia inaequalis<\/em>)<\/td>\n<td>0,3-0,5 kg\/ha<\/td>\n<td>Od otvaranja prvih lisnih pupoljaka do zavr\u0161etka cvetanja<\/td>\n<td>28 dana<\/td>\n<\/tr>\n<tr>\n<td>Breskva<\/td>\n<td>Su\u0161enje cvetova, gran\u010dica i mrka trule\u017e plodova (<em>Monilinia laxa<\/em>)<\/td>\n<td>0,3-0,5 kg\/ha<\/td>\n<td>Od faze cvetnog balona do precvetavanja<\/td>\n<td>14 dana<\/td>\n<\/tr>\n<tr>\n<td>Vi\u0161nja<\/td>\n<td>Su\u0161enje cvetova, gran\u010dica i mrka trule\u017e plodova (<em>Monilinia laxa<\/em>)<\/td>\n<td>0,3-0,5 kg\/ha<\/td>\n<td>Od po\u010detka cvetanja do precvetavanja<\/td>\n<td>14 dana<\/td>\n<\/tr>\n<tr>\n<td>\u0160ljiva<\/td>\n<td>Su\u0161enje cvetova, gran\u010dica i mrka trule\u017e plodova (<em>Monilinia laxa<\/em>)<\/td>\n<td>0,3-0,5 kg\/ha<\/td>\n<td>Od faze cvetnog balona do precvetavanja<\/td>\n<td>14 dana<\/td>\n<\/tr>\n<\/tbody>\n<\/table>\n<\/div>\n<\/div>\n<p><strong>Mogu\u0107nost me\u0161anja:<\/strong><\/p>\n<p>Ne sme se me\u0161ati sa insekticidima\u00a0 izrazito kisele reakcije. <strong>CHORUS\u00ae 50 WG\u00a0<\/strong>nije fitotoksi\u010dan za gajene biljke ukoliko se primeni u navedenim koli\u010dinama i u preporu\u010deno vreme.<\/p>","protected":false},"excerpt":{"rendered":"<p><strong><b>Klasa: <\/b><\/strong>Fungicid<br \/>\n<strong><b>Aktivna materija:<\/b><\/strong> 500 g\/kg Ciprodinil<br \/>\n<strong><b>Formulacija: <\/b><\/strong>Vododisperzibilne granule (WG)<br \/>\n<strong><b>Proizvo\u0111a\u010d:<\/b><\/strong>\u00a0Syngenta<\/p>","protected":false},"featured_media":7791,"template":"","meta":[],"product_brand":[531],"product_cat":[415],"product_tag":[522],"class_list":{"0":"post-7792","1":"product","2":"type-product","3":"status-publish","4":"has-post-thumbnail","6":"product_brand-sygenta","7":"product_cat-fungicidi-2","8":"product_tag-500-g-kg-ciprodinil","10":"first","11":"outofstock","12":"shipping-taxable","13":"purchasable","14":"product-type-simple"},"_links":{"self":[{"href":"https:\/\/agrarpetrovic.rs\/en\/wp-json\/wp\/v2\/product\/7792","targetHints":{"allow":["GET"]}}],"collection":[{"href":"https:\/\/agrarpetrovic.rs\/en\/wp-json\/wp\/v2\/product"}],"about":[{"href":"https:\/\/agrarpetrovic.rs\/en\/wp-json\/wp\/v2\/types\/product"}],"wp:featuredmedia":[{"embeddable":true,"href":"https:\/\/agrarpetrovic.rs\/en\/wp-json\/wp\/v2\/media\/7791"}],"wp:attachment":[{"href":"https:\/\/agrarpetrovic.rs\/en\/wp-json\/wp\/v2\/media?parent=7792"}],"wp:term":[{"taxonomy":"product_brand","embeddable":true,"href":"https:\/\/agrarpetrovic.rs\/en\/wp-json\/wp\/v2\/product_brand?post=7792"},{"taxonomy":"product_cat","embeddable":true,"href":"https:\/\/agrarpetrovic.rs\/en\/wp-json\/wp\/v2\/product_cat?post=7792"},{"taxonomy":"product_tag","embeddable":true,"href":"https:\/\/agrarpetrovic.rs\/en\/wp-json\/wp\/v2\/product_tag?post=7792"}],"curies":[{"name":"wp","href":"https:\/\/api.w.org\/{rel}","templated":true}]}}