{"id":7798,"date":"2025-06-20T11:00:58","date_gmt":"2025-06-20T09:00:58","guid":{"rendered":"https:\/\/agrarpetrovic.rs\/?post_type=product&#038;p=7798"},"modified":"2025-10-23T11:55:41","modified_gmt":"2025-10-23T09:55:41","slug":"elatus-era-1-1-fungicid","status":"publish","type":"product","link":"https:\/\/agrarpetrovic.rs\/en\/proizvod\/elatus-era-1-1-fungicid\/","title":{"rendered":"ELATUS ERA 1\/1 &#8211; fungicid"},"content":{"rendered":"<p><strong>ELATUS\u00ae Era\u00a0\u00a0<\/strong>je sistemi\u010dni fungicid sa preventivnim, kurativnim i eradikativnim delovanjem, za suzbijanje najva\u017enijih prouzrokova\u010da bolesti lista, stabla i klasa u usevima p\u0161enice i je\u010dma.<\/p>\n<div class=\"align-center syn-media-type media-element file-default media media--type-image media--view-mode-default\" data-alt=\"bolesti-psenice-elatusera-novi-fungicid-syngenta\" data-title=\"bolesti-psenice-elatusera-novi-fungicid-syngenta\" data-style=\"height: 100px; width: 750px;\" data-class=\"media-element file-default\" data-data-delta=\"4\">\n<div class=\"field field--name-field-media-image field--type-image field--label-hidden field__item\"><strong>Na\u010din delovanja:<\/strong><\/div>\n<\/div>\n<p>ELATUS\u00ae Era<strong>\u00a0<\/strong>je kombinacija dve aktivne materije: nove, inovativne aktivne materije\u00a0<strong>SOLATENOL<sup>\u00ae<\/sup><\/strong>\u00a0i proverenog protiokonazola.\u00a0<strong>SOLATENOL\u00ae<\/strong>\u00a0pripada hemijskoj grupi pirazol-karboksamida (SDHI) i deluje kao inhibitor enzima sukcinat-dehidrogenaze ometaju\u0107i normalan transport elektrona u mitohondrijama u procesu disanja. Osim toga, negativno uti\u010de na porast micelije i na klijanje spora, spre\u010davaju\u0107i na taj na\u010din dalje \u0161irenje patogena.<\/p>\n<p><strong>Protiokonazol,<\/strong>\u00a0aktivna materija iz grupe triazola, odlikuje se produ\u017eenim preventivnim, kurativnim i eradikativnim delovanjem, i u kombinaciji sa\u00a0<strong>SOLATENOL\u00ae<\/strong>-om omogu\u0107ava efikasno i dugotrajno suzbijanje \u0161irokog spektra bolesti p\u0161enice i je\u010dma, a istovremeno spre\u010dava i pojavu rezistentnosti.<\/p>\n<p>Snaga fungicida ELATUS\u00ae Era<strong>\u00a0\u00a0<\/strong>ne odra\u017eava se samo u sna\u017enom suzbijanju bolesti, nego i u fiziolo\u0161kom efektu, boljem iskori\u0161\u0107avanju azota i vode i produ\u017eenju vegetacije \u0161to dokazano uti\u010de na pove\u0107anje prinosa.<\/p>\n<p><strong>Primena:<\/strong><\/p>\n<div class=\"table-mobile-effect\">\n<div class=\"table-wrapper tw-overflow-y-auto\">\n<table border=\"0\" cellspacing=\"0\" cellpadding=\"0\" data-once=\"table\">\n<tbody>\n<tr>\n<td>\n<p class=\"text-align-center\"><strong>Usev<\/strong><\/p>\n<\/td>\n<td>\n<p class=\"text-align-center\"><strong>Patogeni koje suzbija<\/strong><\/p>\n<\/td>\n<td>\n<p class=\"text-align-center\"><strong>Koli\u010dina primene<\/strong><\/p>\n<\/td>\n<td>\n<p class=\"text-align-center\"><strong>Vreme primene<\/strong><\/p>\n<\/td>\n<td>\n<p class=\"text-align-center\"><strong>Karenca<\/strong><\/p>\n<\/td>\n<\/tr>\n<tr>\n<td>P\u0161enica<\/td>\n<td>Lisna r\u0111a (<em>Puccinia recondita<\/em>), \u017euta r\u0111a (<em>Puccinia striiformis<\/em>), siva pegavost lista (<em>Septoria tritici<\/em>), siva pegavost lista i klasa (<em>Septoria nodorum<\/em>), trule\u017e klasa (<em>Fusarium<\/em>\u00a0spp.)<\/td>\n<td>\n<p class=\"text-align-center\">0,5-1 l\/ha<\/p>\n<\/td>\n<td>Od po\u010detka vlatanja do kraja cvetanja<\/td>\n<td>\n<p class=\"text-align-center\">*OVP<\/p>\n<\/td>\n<\/tr>\n<tr>\n<td>Je\u010dam<\/td>\n<td>R\u0111a (<em>Puccinia hordei<\/em>), mre\u017easta pegavost lista (<em>Pyrenophora teres<\/em>), so\u010divasta pegavost (<em>Rhynchosporium secalis<\/em>), ramularijska pegavost (<em>Ramularia collo-cygni<\/em>)<\/td>\n<td>\n<p class=\"text-align-center\">0,5-1 l\/ha<\/p>\n<\/td>\n<td>Od po\u010detka vlatanja do kraja klasanja<\/td>\n<td>\n<p class=\"text-align-center\">*OVP<\/p>\n<\/td>\n<\/tr>\n<\/tbody>\n<\/table>\n<\/div>\n<\/div>\n<p>*OVP \u2013 Obezbe\u0111ena vremenom primene<\/p>\n<p><strong>ELATUS\u00ae Era\u00a0<\/strong>se primenjuje\u00a0<strong>u je\u010dmu<\/strong>\u00a0za prvi tretman protiv mre\u017easte pregavosti, r\u0111e i pepelnice ili u fazi lista zastavi\u010dara za suzbijanje ramularijske i mre\u017easte pegavosti je\u010dma. Preporu\u010dena koli\u010dina primene je 0,8 l\/ha.\u00a0<strong>U p\u0161enici<\/strong>\u00a0fungicid\u00a0<strong>ELATUS\u00ae Era<\/strong>\u00a0preporu\u010dujemo u fazi lista zastavi\u010dara ili na po\u010detku cvetanja za za\u0161titu klasa, u koli\u010dini primene 0,8 l\/ha.<\/p>\n<p><strong>Mogu\u0107nost me\u0161anja:<\/strong><br \/>\nU ve\u0107em broju ogleda utvr\u0111ena je fizi\u010dka kompatibilnost sa mnogim preparatima, ali mogu\u0107nost me\u0161anja treba proveriti pre primene. O mogu\u0107nosti me\u0161anja ovog sredstva sa drugim sredstvima, redosledu me\u0161anja i drugim detaljima, raspitati se kod zastupnika.<\/p>","protected":false},"excerpt":{"rendered":"<p><strong>Klasa:<\/strong> Fungicid<\/p>\n<p><strong>Aktivna materija:<\/strong> 75 g\/l Benzovindiflupir (SOLATENOL\u2122) + 150 g\/l Protiokonazo<\/p>\n<p><strong>Formulacija<\/strong>: Koncentrat za emulziju (EC)<\/p>\n<p><strong>Proizvo\u0111a\u010d<\/strong>: Syngenta<\/p>","protected":false},"featured_media":8640,"template":"","meta":[],"product_brand":[531],"product_cat":[415],"product_tag":[524],"class_list":{"0":"post-7798","1":"product","2":"type-product","3":"status-publish","4":"has-post-thumbnail","6":"product_brand-sygenta","7":"product_cat-fungicidi-2","8":"product_tag-75-g-l-benzovindiflupir-solatenol-150-g-l-protiokonazo","10":"first","11":"outofstock","12":"shipping-taxable","13":"product-type-simple"},"_links":{"self":[{"href":"https:\/\/agrarpetrovic.rs\/en\/wp-json\/wp\/v2\/product\/7798","targetHints":{"allow":["GET"]}}],"collection":[{"href":"https:\/\/agrarpetrovic.rs\/en\/wp-json\/wp\/v2\/product"}],"about":[{"href":"https:\/\/agrarpetrovic.rs\/en\/wp-json\/wp\/v2\/types\/product"}],"wp:featuredmedia":[{"embeddable":true,"href":"https:\/\/agrarpetrovic.rs\/en\/wp-json\/wp\/v2\/media\/8640"}],"wp:attachment":[{"href":"https:\/\/agrarpetrovic.rs\/en\/wp-json\/wp\/v2\/media?parent=7798"}],"wp:term":[{"taxonomy":"product_brand","embeddable":true,"href":"https:\/\/agrarpetrovic.rs\/en\/wp-json\/wp\/v2\/product_brand?post=7798"},{"taxonomy":"product_cat","embeddable":true,"href":"https:\/\/agrarpetrovic.rs\/en\/wp-json\/wp\/v2\/product_cat?post=7798"},{"taxonomy":"product_tag","embeddable":true,"href":"https:\/\/agrarpetrovic.rs\/en\/wp-json\/wp\/v2\/product_tag?post=7798"}],"curies":[{"name":"wp","href":"https:\/\/api.w.org\/{rel}","templated":true}]}}