{"id":7817,"date":"2025-09-20T00:10:31","date_gmt":"2025-09-19T22:10:31","guid":{"rendered":"https:\/\/agrarpetrovic.rs\/proizvod\/adengo-200-ml-herbicid\/"},"modified":"2025-10-23T11:55:41","modified_gmt":"2025-10-23T09:55:41","slug":"adengo-200-ml-herbicid","status":"publish","type":"product","link":"https:\/\/agrarpetrovic.rs\/en\/proizvod\/adengo-200-ml-herbicid\/","title":{"rendered":"Adengo 200 ml &#8211; herbicid"},"content":{"rendered":"<h4>Primena<\/h4>\n<p>Adengo se koristi isklju\u010divo u usevu kukuruza za suzbijanje vi\u0161e od 85 vrsta korova, uklju\u010duju\u0107i:<\/p>\n<ul>\n<li aria-level=\"1\"><b>Uskolisni korovi:<\/b> divlji sirak iz semena, muhar sivi, muhar zeleni, proso korovsko.<\/li>\n<li aria-level=\"1\"><b>\u0160irokolisni korovi:<\/b> ambrozija, boca obi\u010dna, dvornik veliki, goru\u0161ica poljska, lipica teofrastova, pepeljuga obi\u010dna i drugi.<\/li>\n<\/ul>\n<p>Adengo zaustavlja dalji rast i razvoj korova odmah nakon primene, \u0161to rezultira njihovim su\u0161enjem i odumiranjem. Osim toga, preparat je delotvoran i protiv vi\u0161egodi\u0161njih korova kao \u0161to su palamida i poponac, zaustavljaju\u0107i njihov dalji porast. Delovanje Adengo herbicida nije ograni\u010deno samo na trenutne korove, zahvaljuju\u0107i njegovom rezidualnom efektu, spre\u010dava se klijanje novih korova tokom du\u017eeg vremenskog perioda. Ovo ga \u010dini idealnim za poljoprivrednike koji \u017eele maksimalnu efikasnost uz minimalan broj tretmana.<\/p>\n<p>Adengo se primenjuje nakon setve kukuruza, ali pre nego \u0161to usevi i korovi niknu. Ovaj herbicid mo\u017ee se primenjivati i posle nicanja kukuruza, ali najkasnije do faze tri lista (poznata kao faza 13 prema BBCH skali). U tom periodu, korovi treba da budu u ranoj fazi razvoja, odnosno u fazi 1\u20133 lista, \u0161to omogu\u0107ava optimalnu efikasnost preparata. Pravilna primena u ovim vremenskim okvirima osigurava uspe\u0161no suzbijanje korova i za\u0161titu useva.<\/p>\n<h4>Uputstvo za upotrebu i preporuke<\/h4>\n<p>Pre primene Adengo preparata, rastvor se priprema na slede\u0107i na\u010din:<\/p>\n<ol>\n<li aria-level=\"1\">Propisanu koli\u010dinu preparata pome\u0161ajte sa vodom u posebnom sudu.<\/li>\n<li aria-level=\"1\">Dobijeni rastvor sipajte u rezervoar prskalice koji je do pola napunjen vodom.<\/li>\n<li aria-level=\"1\">Dodajte preostalu koli\u010dinu vode uz stalno me\u0161anje.<\/li>\n<\/ol>\n<p>Va\u017eno je da usev nije pod stresom izazvanim mrazom, su\u0161om, visokim temperaturama ili napadom \u0161tetnih organizama kako bi se izbegli potencijalni negativni efekti.<\/p>\n<p>U slu\u010daju da se usev mora preorati, preporu\u010duje se sejanje samo kukuruza ili, nakon \u010detiri meseca i dubokog oranja, ozime p\u0161enice i uljane repice. Ovaj herbicid mo\u017ee se kombinovati sa odre\u0111enim te\u010dnim \u0111ubrivima i herbicidima, ali nije kompatibilan sa ES formulacijama kada se koristi posle nicanja.<\/p>\n<h4>Doziranje<\/h4>\n<p>Preporu\u010dena koli\u010dina primene iznosi 0,4\u20130,45 l\/ha uz utro\u0161ak vode od 200\u2013400 l\/ha. Maksimalan broj tretmana godi\u0161nje je jedan na istoj povr\u0161ini, \u0161to je dovoljno za dugotrajnu za\u0161titu od korova. Pravilno doziranje i primena osiguravaju ravnomerno delovanje preparata na celokupnoj povr\u0161ini, bez opasnosti od stvaranja otpornosti korova.<\/p>\n<h4>Karenca<\/h4>\n<p><b>Karenca <\/b>kao period koji mora prote\u0107i izme\u0111u trenutka primene preparata i trenutka kada se plodovi sa tretiranih biljaka mogu koristiti.<\/p>\n<p>Adengo nema propisanu karencu jer je za\u0161tita useva obezbe\u0111ena vremenom primene preparata u kukuruzu. Ova prednost omogu\u0107ava bezbednu i pravovremenu \u017eetvu, \u010dime se dodatno smanjuju tro\u0161kovi i pove\u0107ava efikasnost poljoprivredne proizvodnje. Zahvaljuju\u0107i specifi\u010dnom na\u010dinu delovanja, Adengo ne ostavlja \u0161tetne rezidue u \u017eetvi, \u0161to je va\u017eno za proizvodnju bezbedne hrane.<\/p>","protected":false},"excerpt":{"rendered":"<p>Adengo je <b>selektivni translokacioni herbicid<\/b> osmi\u0161ljen za efikasno suzbijanje jednogodi\u0161njih \u0161irokolisnih i uskolisnih korova u usevima kukuruza. Sa inovativnom formulacijom koja kombinuje tri aktivne materije, <b>izoksaflutol <\/b>(225 g\/l)+ <b>tienkarbazon-metil<\/b> (90 g\/l) + <b>ciprosulfamid <\/b>(150 g\/l). Adengo ne samo da elimini\u0161e korov, ve\u0107 i \u0161titi kukuruz zahvaljuju\u0107i protektantu ciprosulfamidu. Ovaj preparat omogu\u0107ava izuzetnu selektivnost, \u0161to ga \u010dini idealnim re\u0161enjem za proizvodnju visokog prinosa. Zahvaljuju\u0107i kombinaciji dve aktivne materije sa razli\u010ditim mehanizmima delovanja, Adengo garantuje dugotrajnu i pouzdanu za\u0161titu useva.<\/p>","protected":false},"featured_media":8575,"template":"","meta":[],"product_brand":[533],"product_cat":[449],"product_tag":[853],"class_list":{"0":"post-7817","1":"product","2":"type-product","3":"status-publish","4":"has-post-thumbnail","6":"product_brand-bayer","7":"product_cat-herbicidi-2","8":"product_tag-izoksaflutol-225-g-l-tienkarbazon-metil-90-g-l-ciprosulfamid-150-g-l","10":"first","11":"outofstock","12":"purchasable","13":"product-type-simple"},"_links":{"self":[{"href":"https:\/\/agrarpetrovic.rs\/en\/wp-json\/wp\/v2\/product\/7817","targetHints":{"allow":["GET"]}}],"collection":[{"href":"https:\/\/agrarpetrovic.rs\/en\/wp-json\/wp\/v2\/product"}],"about":[{"href":"https:\/\/agrarpetrovic.rs\/en\/wp-json\/wp\/v2\/types\/product"}],"wp:featuredmedia":[{"embeddable":true,"href":"https:\/\/agrarpetrovic.rs\/en\/wp-json\/wp\/v2\/media\/8575"}],"wp:attachment":[{"href":"https:\/\/agrarpetrovic.rs\/en\/wp-json\/wp\/v2\/media?parent=7817"}],"wp:term":[{"taxonomy":"product_brand","embeddable":true,"href":"https:\/\/agrarpetrovic.rs\/en\/wp-json\/wp\/v2\/product_brand?post=7817"},{"taxonomy":"product_cat","embeddable":true,"href":"https:\/\/agrarpetrovic.rs\/en\/wp-json\/wp\/v2\/product_cat?post=7817"},{"taxonomy":"product_tag","embeddable":true,"href":"https:\/\/agrarpetrovic.rs\/en\/wp-json\/wp\/v2\/product_tag?post=7817"}],"curies":[{"name":"wp","href":"https:\/\/api.w.org\/{rel}","templated":true}]}}