{"id":7819,"date":"2025-09-20T00:10:31","date_gmt":"2025-09-19T22:10:31","guid":{"rendered":"https:\/\/agrarpetrovic.rs\/proizvod\/afinex-20-sp-2-5-g-insekticid\/"},"modified":"2025-10-27T10:50:07","modified_gmt":"2025-10-27T09:50:07","slug":"afinex-20-sp-2-5-g-insekticid","status":"publish","type":"product","link":"https:\/\/agrarpetrovic.rs\/en\/proizvod\/afinex-20-sp-2-5-g-insekticid\/","title":{"rendered":"Afinex 20 SP 2.5 g &#8211; insekticid"},"content":{"rendered":"<div class=\"span9\">\n<div class=\"product-harvest\">\n<p class=\"detail\"><strong>Primena:<\/strong><\/p>\n<table>\n<thead>\n<tr class=\"bg-7\">\n<th>USEV \/ ZASAD<\/th>\n<th>KOLI\u010cINA PRIMENE<\/th>\n<th>VREME PRIMENE<\/th>\n<\/tr>\n<\/thead>\n<tbody>\n<tr class=\"bg-sec-7\">\n<td class=\"bg-7\"><a href=\"https:\/\/www.agromarketsrbija.rs\/srb\/zastita-bilja\/programi-zastite\/1009\/Krompir\">KROMPIR <\/a><\/td>\n<td>0,25<\/td>\n<td>U vreme pojave prvih larvi IV stupnja<\/td>\n<\/tr>\n<tr class=\"bg-sec-7\">\n<td class=\"bg-7\"><a href=\"https:\/\/www.agromarketsrbija.rs\/srb\/zastita-bilja\/programi-zastite\/1018\/Jabuka\">JABUKA<\/a><\/td>\n<td>0,02 &#8211; 0,025 % (2-2,5 g u 10 l vode)<\/td>\n<td>U precvetavanju i po pojavi va\u0161iju<\/td>\n<\/tr>\n<tr class=\"bg-sec-7\">\n<td class=\"bg-7\"><a href=\"https:\/\/www.agromarketsrbija.rs\/srb\/zastita-bilja\/programi-zastite\/1022\/Breskva-i-nektarina\">BRESKVA, NEKTARINA <\/a><\/td>\n<td>0,025 % (2-2,5 g u 10 l vode)<\/td>\n<td>Na po\u010detku formiranja kolonija va\u0161i<\/td>\n<\/tr>\n<tr class=\"bg-sec-7\">\n<td class=\"bg-7\"><a href=\"https:\/\/www.agromarketsrbija.rs\/srb\/zastita-bilja\/programi-zastite\/1024\/Visnja-Tresnja\">VI\u0160NJA, TRE\u0160NJA<\/a><\/td>\n<td>0,025 % (2-2,5 g u 10 l vode)<\/td>\n<td>Primenjuje se prvi put u vreme maksimalne pojave imaga i drugi put, na po\u010detku piljenja larvi u fazi promene boje ploda<\/td>\n<\/tr>\n<\/tbody>\n<\/table>\n<\/div>\n<div class=\"product-info\">\n<p><strong>DELOVANJE:<\/strong><\/p>\n<p>insekticid iz grupe Neonikotinoida, deluje kao antagonist acetilholinskih receptora, tj. spre\u010dava njihovu funkciju, \u0161to dovodi do gubitka orijentacije kod insekata, prestanka ishrane i uginu\u0107a. Ima odli\u010dno inicijalno i rezidualno delovanje.<\/p>\n<p><strong>SPEKTAR DELOVANJA:<\/strong><\/p>\n<p>Krompirova zlatica (<em>Leptinotarsa decemlineata<\/em>), I-III generacije minera ta\u010dkastih mina (<em>Lithocolletis blancardella<\/em>), jabukina zelena va\u0161 (<em>Aphis pomi<\/em>) i pepeljasta-bra\u0161nasta va\u0161 (<em>Dysaphis plantaginea<\/em>), I generacije pepeljastog grozdovog smotavca (<em>Polychrosis botrana<\/em>), bela leptirasta va\u0161 (<em>Thrialeurodes vaporariorum<\/em>), lisna va\u0161 (<em>Aphididae<\/em>), trips (<em>Thrips spp<\/em>.), kupusna va\u0161 (<em>Brevicoryne brassicae<\/em>), zelena breskvina va\u0161 (<em>Myzus persicae<\/em>) u zasadima breskve i nektarine i tre\u0161njina muva (<em>Rhagoletis cerasi<\/em>) u zasadu tre\u0161nje.<\/p>\n<p><strong>PREPORUKE I NAPOMENE<\/strong><\/p>\n<p>insekticid sa veoma \u0161irokim spektrom delovanja na razli\u010dite vrste, kao i razli\u010dite stadijume insekata, tako da njegovom primenom se istovremeno suzbijaju skoro svi \u0161tetni insekti koji se na\u0111u na biljci.<\/p>\n<p>Na primenu ovog preparata ne uti\u010de visoka temperatura vazduha.<\/p>\n<p>Preparat se mo\u017ee me\u0161ati sa insekticidima i fungicidima, osim onih alkalne reakcije kao Bordovska \u010dorba.<\/p>\n<p>Preparati na bazi ove aktivne materije u primeni su u velikom broju useva i zasada u zemljama u okru\u017eenju i zemljama EU.<\/p>\n<\/div>\n<\/div>","protected":false},"excerpt":{"rendered":"<p class=\"detail\"><strong>Klasa:<\/strong> <span class=\"klasa\">Insekticid<\/span><\/p>\n<p class=\"detail\"><strong>Aktivna materija:<\/strong> <span class=\"aktivna-materija\">Acetamiprid 200 g\/kg<\/span><\/p>\n<p class=\"detail\"><strong>Formulacija:<\/strong> <span class=\"formulacija\">SP &#8211; vodorastvorljivo pra\u0161ivo<\/span><\/p>\n<p class=\"detail\"><strong>Pakovanje:<\/strong> <span class=\"pakovanje\">2,5 g, 25 g, 250 g 1 kg<\/span><\/p>\n<p class=\"detail\"><strong>Karenca:<\/strong> <span class=\"karenca\">14 dana &#8211; krompir, breskva, nektarina, vi\u0161nja, tre\u0161nja; 28 dana &#8211; jabuka<\/span><\/p>\n<p class=\"detail\"><strong>MBT:<\/strong> <span class=\"mbt\">2<\/span><\/p>","protected":false},"featured_media":8577,"template":"","meta":[],"product_brand":[529],"product_cat":[480],"product_tag":[774],"class_list":{"0":"post-7819","1":"product","2":"type-product","3":"status-publish","4":"has-post-thumbnail","6":"product_brand-agromarket","7":"product_cat-insekticidi-2","8":"product_tag-acetamiprid-200-g-kg","10":"first","11":"instock","12":"featured","13":"purchasable","14":"product-type-simple"},"_links":{"self":[{"href":"https:\/\/agrarpetrovic.rs\/en\/wp-json\/wp\/v2\/product\/7819","targetHints":{"allow":["GET"]}}],"collection":[{"href":"https:\/\/agrarpetrovic.rs\/en\/wp-json\/wp\/v2\/product"}],"about":[{"href":"https:\/\/agrarpetrovic.rs\/en\/wp-json\/wp\/v2\/types\/product"}],"wp:featuredmedia":[{"embeddable":true,"href":"https:\/\/agrarpetrovic.rs\/en\/wp-json\/wp\/v2\/media\/8577"}],"wp:attachment":[{"href":"https:\/\/agrarpetrovic.rs\/en\/wp-json\/wp\/v2\/media?parent=7819"}],"wp:term":[{"taxonomy":"product_brand","embeddable":true,"href":"https:\/\/agrarpetrovic.rs\/en\/wp-json\/wp\/v2\/product_brand?post=7819"},{"taxonomy":"product_cat","embeddable":true,"href":"https:\/\/agrarpetrovic.rs\/en\/wp-json\/wp\/v2\/product_cat?post=7819"},{"taxonomy":"product_tag","embeddable":true,"href":"https:\/\/agrarpetrovic.rs\/en\/wp-json\/wp\/v2\/product_tag?post=7819"}],"curies":[{"name":"wp","href":"https:\/\/api.w.org\/{rel}","templated":true}]}}