{"id":7822,"date":"2025-09-20T00:10:31","date_gmt":"2025-09-19T22:10:31","guid":{"rendered":"https:\/\/agrarpetrovic.rs\/proizvod\/agrodimark250-ml-herbicid\/"},"modified":"2025-10-27T16:27:27","modified_gmt":"2025-10-27T15:27:27","slug":"agrodimark-250-ml-herbicid","status":"publish","type":"product","link":"https:\/\/agrarpetrovic.rs\/en\/proizvod\/agrodimark-250-ml-herbicid\/","title":{"rendered":"Agrodimark 250 ml &#8211; herbicid"},"content":{"rendered":"<div class=\"span9\">\n<div class=\"product-harvest\">\n<p class=\"detail\"><strong>Primena:<\/strong><\/p>\n<table>\n<thead>\n<tr class=\"bg-4\">\n<th>USEV \/ ZASAD<\/th>\n<th>KOLI\u010cINA PRIMENE<\/th>\n<th>VREME PRIMENE<\/th>\n<\/tr>\n<\/thead>\n<tbody>\n<tr class=\"bg-sec-4\">\n<td class=\"bg-4\"><a href=\"https:\/\/www.agromarketsrbija.rs\/srb\/zastita-bilja\/programi-zastite\/1001\/Kukuruz\">KUKURUZ (merkantilni i sila\u017eni)<\/a><\/td>\n<td>0,5 &#8211; 0,7 l\/ha<\/td>\n<td>Tretirati kada je kukuruz u fazi razvoja 3 &#8211; 5 listova, a korovske vrste sa razvijenih 2 do 6 listova<\/td>\n<\/tr>\n<\/tbody>\n<\/table>\n<\/div>\n<div class=\"product-info\">\n<p><strong>DELOVANJE:<\/strong><\/p>\n<p>hormonski herbicid iz grupe derivati benzoeve kiseline. Usvaja se listom i korenom, kre\u0107e se navi\u0161e i nani\u017ee, a nakuplja se u meristemskim tkivima izdanaka i korena u kojima ispoljava delovanje tako \u0161to dolazi do kovrd\u017eanja listova, \u017eu\u0107enja i nekroze. Deluje sli\u010dno kao indolsir\u0107etna kiselina (sinteti\u010dki auksin, regulator rasta).<\/p>\n<p><strong>SPEKTAR DELOVANJA:<\/strong><\/p>\n<p><strong>JEDNOGODI\u0160NJE I VI\u0160EGODI\u0160NJE \u0160IROKOLISNE KOROVSKE VRSTE:<\/strong><\/p>\n<p>ambrozija pelenasta (<em>Ambrosia artemisiifolia<\/em>), \u0161tir bljutavi (<em>Amaranthus blitoides<\/em>), \u0161tir obi\u010dni (<em>Amaranthus retroflex<\/em>us), viju\u0161ac njivski (<em>Bilderdykia convolvulus<\/em>), pepeljuga (<em>Chenopodium album<\/em>), palamida (<em>Cirsium arvense<\/em>), konica obi\u010dna (<em>Galinsoga parviflora<\/em>), dvornik veliki (<em>Polygonum lapathifolium<\/em>), pomo\u0107nica obi\u010dna (<em>Solanum nigrum<\/em>), gor\u010dika (<em>Sonchus sp.<\/em>), \u010distac jednogodi\u0161nji (<em>Stachys annua<\/em>), boca obi\u010dna (<em>Xanthium strumarium<\/em>), poponac obi\u010dni (<em>Convolvulus arvensis<\/em>).<\/p>\n<p><strong>PREPORUKE I NAPOMENE:\u00a0<\/strong><\/p>\n<p>Ne sme se primenjivati u semenskom kukuruzu i kukuruzu sa podusevom (pasulj, bundeve i sl.), u kra\u0161kim podru\u010djima, na slabo humusnim zemlji\u0161tima ispod 1%, na temperaturama vi\u0161im od 25\u00b0C. Fitotoksi\u010dan je za sve \u0161irokolisne useve i zasade. <strong>Visoku efikasnost, a radi pro\u0161irenja delovanja na \u0161irokolisne i uskolisne korove, iskazuje kombinacija Terbis 500 1 l\/ha + Agrodimark 0,7 l\/ha + Rinico 50 g\/ha odnosno Terbis 500 1 l\/ha + Agrodimark 0,7 l\/ha + Hemonik 1,25 l\/ha do razvoja 5. lista kukuruza<\/strong>. Mo\u017ee se me\u0161ati sa preparatima <strong>Terbis 500, Siran 40 SC, Siran 750 WG, Motivell Extra 6OD, Velox, Mezatron, Mezatron 100 OD, Rinico, Peak 75 WG.<\/strong><\/p>\n<\/div>\n<\/div>","protected":false},"excerpt":{"rendered":"<p class=\"detail\"><strong>Klasa:<\/strong> <span class=\"klasa\">Selektivni translokacioni herbicid <\/span><\/p>\n<p class=\"detail\"><strong>Aktivna materija:<\/strong> <span class=\"aktivna-materija\">Dikamba 480 g\/l (578 g\/l Dikamba DMA so)<\/span><\/p>\n<p class=\"detail\"><strong>Formulacija:<\/strong> <span class=\"formulacija\">SL &#8211; koncentrovani rastvor<\/span><\/p>\n<p class=\"detail\"><strong>Pakovanje:<\/strong> <span class=\"pakovanje\">300 ml, 1 l, 5 l<\/span><\/p>\n<p class=\"detail\"><strong>Karenca:<\/strong> <span class=\"karenca\">OVP<\/span><\/p>\n<p class=\"detail\"><strong>Plodored:<\/strong> <span class=\"plodored\">Bez ograni\u010denja<\/span><\/p>","protected":false},"featured_media":8944,"template":"","meta":[],"product_brand":[529],"product_cat":[449],"product_tag":[854],"class_list":{"0":"post-7822","1":"product","2":"type-product","3":"status-publish","4":"has-post-thumbnail","6":"product_brand-agromarket","7":"product_cat-herbicidi-2","8":"product_tag-dikamba-480-g-l-578-g-l-dikamba-dma-so","10":"first","11":"outofstock","12":"purchasable","13":"product-type-simple"},"_links":{"self":[{"href":"https:\/\/agrarpetrovic.rs\/en\/wp-json\/wp\/v2\/product\/7822","targetHints":{"allow":["GET"]}}],"collection":[{"href":"https:\/\/agrarpetrovic.rs\/en\/wp-json\/wp\/v2\/product"}],"about":[{"href":"https:\/\/agrarpetrovic.rs\/en\/wp-json\/wp\/v2\/types\/product"}],"wp:featuredmedia":[{"embeddable":true,"href":"https:\/\/agrarpetrovic.rs\/en\/wp-json\/wp\/v2\/media\/8944"}],"wp:attachment":[{"href":"https:\/\/agrarpetrovic.rs\/en\/wp-json\/wp\/v2\/media?parent=7822"}],"wp:term":[{"taxonomy":"product_brand","embeddable":true,"href":"https:\/\/agrarpetrovic.rs\/en\/wp-json\/wp\/v2\/product_brand?post=7822"},{"taxonomy":"product_cat","embeddable":true,"href":"https:\/\/agrarpetrovic.rs\/en\/wp-json\/wp\/v2\/product_cat?post=7822"},{"taxonomy":"product_tag","embeddable":true,"href":"https:\/\/agrarpetrovic.rs\/en\/wp-json\/wp\/v2\/product_tag?post=7822"}],"curies":[{"name":"wp","href":"https:\/\/api.w.org\/{rel}","templated":true}]}}