{"id":7825,"date":"2025-09-20T00:10:31","date_gmt":"2025-09-19T22:10:31","guid":{"rendered":"https:\/\/agrarpetrovic.rs\/proizvod\/akaristop-100-ml-insekticid\/"},"modified":"2025-10-27T10:49:38","modified_gmt":"2025-10-27T09:49:38","slug":"akaristop-100-ml-insekticid","status":"publish","type":"product","link":"https:\/\/agrarpetrovic.rs\/en\/proizvod\/akaristop-100-ml-insekticid\/","title":{"rendered":"Akaristop 100 ml &#8211; insekticid"},"content":{"rendered":"<div class=\"product-harvest\">\n<p class=\"detail\"><strong>Primena:<\/strong><\/p>\n<table>\n<thead>\n<tr class=\"bg-7\">\n<th>USEV \/ ZASAD<\/th>\n<th>KOLI\u010cINA PRIMENE<\/th>\n<th>VREME PRIMENE<\/th>\n<\/tr>\n<\/thead>\n<tbody>\n<tr class=\"bg-sec-7\">\n<td class=\"bg-7\"><a href=\"https:\/\/www.agromarketsrbija.rs\/srb\/zastita-bilja\/programi-zastite\/1018\/Jabuka\">JABUKA<\/a><\/td>\n<td>0, 1% (10 ml u 10 l vode) + 0, 2% Nitropol S (20 ml u 10 l vode)<\/td>\n<td>Tretiranje u vreme pojave pokretnih formi \u0161teto\u010dina, a posle opadanja kruni\u010dnih listi\u0107a<\/td>\n<\/tr>\n<tr class=\"bg-sec-7\">\n<td class=\"bg-7\"><a href=\"https:\/\/www.agromarketsrbija.rs\/srb\/zastita-bilja\/programi-zastite\/1019\/Kruska\">KRU\u0160KA <\/a><\/td>\n<td>0, 1% (10 ml u 10 l vode) + 0, 2% Nitropol S (20 ml u 10 l vode)<\/td>\n<td>Tretiranje u vreme masovnog piljenja larvi, a nakon opadanja kruni\u010dnih listi\u0107a (faza 69 BBCH skale)<\/td>\n<\/tr>\n<\/tbody>\n<\/table>\n<\/div>\n<div class=\"product-info\">\n<p><strong>DELOVANJE:<\/strong><\/p>\n<p>nesistemi\u010dni, translaminarni, kontaktni i utrobni insekticid i akaricid za suzbijanje pokretnih oblika \u0161tetnih insekata i grinja. Zadr\u017eava se u parenhimskom tkivu \u010dime se obezbe\u0111uje produ\u017eena aktivnost preparata. Stimuli\u0161e aktivnost transmitera u nervnom sistemu \u0161tetnih insekata i grinja \u0161to dovodi do poreme\u0107aja u protoku nervnih impulsa. Do mesta delovanja dospeva kontaktnim putem ili ingestijom. Simptomi delovanja se manifestuju kroz ireverzibilnu paralizu i prestanak ishrane insekta, odnosno grinja.<\/p>\n<p><strong>SPEKTAR DELOVANJA:<\/strong><\/p>\n<p>Crvena vo\u0107na grinja (<em>Panonychus ulmi<\/em>) u zasadu jabuke i obi\u010dna kru\u0161kina buva (<em>Psylla pyri<\/em>), u zasadu kru\u0161ke.<\/p>\n<p><strong>PREPORUKE I NAPOMENE<\/strong><\/p>\n<p>odli\u010dnu efikasnost iskazuje u split tretmanu na 7 do 10 dana. Preparat se mo\u017ee me\u0161ati sa rafinisanim mineralnim uljima i preparatima neutralne, slabokisele i slabo bazne reakcije. Ne sme se primenjivati u vreme cvetanja useva i zasada. Ne primenjivati preparat kada je spoljna temperatura vazduha vi\u0161a od 28\u00b0C ili kada se o\u010dekuje da \u0107e pre\u0107i tu granicu u naredna dva dana od momenta primene jer u takvim uslovima efikasnost preparata mo\u017ee izostati.<\/p>\n<p>Ne sme se me\u0161ati sa preparatima na bazi sumpora i kaptana. Ne sme se primenjivati iz vazduhoplova. Kod pojedinih sorti jabuke prolazna pegavost mo\u017ee nastati kao posledica primene manjih zapremina vode prilikom tretiranja. Kombinacija preparata <strong>Akaristop<\/strong> i mineralnog ulja se ne sme primenjivati tri dana posle tretiranja zasada kru\u0161ke fungicidima na bazi Sumpora i Kaptana jer se mogu pojaviti blagi simptomi r\u0111e na pojedinim sortama kru\u0161ke.<\/p>\n<p>Koli\u010dina te\u010dnosti za primenu iznosi 600- 1000 l\/ha (6 &#8211; 10 l na 100 m<sup>2<\/sup>).<\/p>\n<p><strong>Preparati na bazi iste aktivne materije registovani su za primenu u brojnim ratarskim i povrtarskim usevima i zasadima vo<\/strong><strong>\u0107<\/strong><strong>a, kao <\/strong><strong>\u0161<\/strong><strong>to su: kru<\/strong><strong>\u0161<\/strong><strong>ka, jabuka, krompir, ukrasno bilje u za<\/strong><strong>\u0161<\/strong><strong>ti<\/strong><strong>\u0107<\/strong><strong>enom prostoru, malina, jagoda, vinova loza, paradajz u za<\/strong><strong>\u0161<\/strong><strong>ti<\/strong><strong>\u0107<\/strong><strong>enom prostoru, tikva, bundeva, tikvica, dinja, lubenica, boranija, pasulj, bob, gra<\/strong><strong>\u0161<\/strong><strong>ak, sto<\/strong><strong>\u010d<\/strong><strong>ni gra<\/strong><strong>\u0161<\/strong><strong>ak, so<\/strong><strong>\u010d<\/strong><strong>ivo, kupina, leska&#8230;<\/strong><\/p>\n<\/div>","protected":false},"excerpt":{"rendered":"<p class=\"detail\"><strong>Klasa:<\/strong> <span class=\"klasa\">Insekticid<\/span><\/p>\n<p class=\"detail\"><strong>Aktivna materija:<\/strong> <span class=\"aktivna-materija\">Abamektin 18 g\/l<\/span><\/p>\n<p class=\"detail\"><strong>Formulacija:<\/strong> <span class=\"formulacija\">EC &#8211; koncentrat za emulziju<\/span><\/p>\n<p class=\"detail\"><strong>Pakovanje:<\/strong> <span class=\"pakovanje\">10 ml, 100 ml, 1 l, 5 l<\/span><\/p>\n<p class=\"detail\"><strong>Karenca:<\/strong> <span class=\"karenca\">14 dana \u2013 kru\u0161ka, jabuka, RADNA KARENCA: 1 dan<\/span><\/p>\n<p class=\"detail\"><strong>MBT:<\/strong> <span class=\"mbt\">2<\/span><\/p>","protected":false},"featured_media":8583,"template":"","meta":[],"product_brand":[529],"product_cat":[480],"product_tag":[551],"class_list":{"0":"post-7825","1":"product","2":"type-product","3":"status-publish","4":"has-post-thumbnail","6":"product_brand-agromarket","7":"product_cat-insekticidi-2","8":"product_tag-abamektin-18-g-l","10":"first","11":"instock","12":"featured","13":"purchasable","14":"product-type-simple"},"_links":{"self":[{"href":"https:\/\/agrarpetrovic.rs\/en\/wp-json\/wp\/v2\/product\/7825","targetHints":{"allow":["GET"]}}],"collection":[{"href":"https:\/\/agrarpetrovic.rs\/en\/wp-json\/wp\/v2\/product"}],"about":[{"href":"https:\/\/agrarpetrovic.rs\/en\/wp-json\/wp\/v2\/types\/product"}],"wp:featuredmedia":[{"embeddable":true,"href":"https:\/\/agrarpetrovic.rs\/en\/wp-json\/wp\/v2\/media\/8583"}],"wp:attachment":[{"href":"https:\/\/agrarpetrovic.rs\/en\/wp-json\/wp\/v2\/media?parent=7825"}],"wp:term":[{"taxonomy":"product_brand","embeddable":true,"href":"https:\/\/agrarpetrovic.rs\/en\/wp-json\/wp\/v2\/product_brand?post=7825"},{"taxonomy":"product_cat","embeddable":true,"href":"https:\/\/agrarpetrovic.rs\/en\/wp-json\/wp\/v2\/product_cat?post=7825"},{"taxonomy":"product_tag","embeddable":true,"href":"https:\/\/agrarpetrovic.rs\/en\/wp-json\/wp\/v2\/product_tag?post=7825"}],"curies":[{"name":"wp","href":"https:\/\/api.w.org\/{rel}","templated":true}]}}