{"id":7829,"date":"2025-09-20T00:10:31","date_gmt":"2025-09-19T22:10:31","guid":{"rendered":"https:\/\/agrarpetrovic.rs\/proizvod\/altacor-35-wg-50-g-insekticid\/"},"modified":"2025-10-23T11:55:45","modified_gmt":"2025-10-23T09:55:45","slug":"altacor-35-wg-50-g-insekticid","status":"publish","type":"product","link":"https:\/\/agrarpetrovic.rs\/en\/proizvod\/altacor-35-wg-50-g-insekticid\/","title":{"rendered":"Altacor 35 WG 50 g &#8211; insekticid"},"content":{"rendered":"<div class=\"product-harvest\">\n<p class=\"detail\"><strong>Primena:<\/strong><\/p>\n<table>\n<thead>\n<tr class=\"bg-7\">\n<th>USEV \/ ZASAD<\/th>\n<th>KOLI\u010cINA PRIMENE<\/th>\n<th>VREME PRIMENE<\/th>\n<\/tr>\n<\/thead>\n<tbody>\n<tr class=\"bg-sec-7\">\n<td class=\"bg-7\"><a href=\"https:\/\/www.agromarketsrbija.rs\/srb\/zastita-bilja\/programi-zastite\/1016\/Mahunasto-povrce\">BORANIJA (na otvorenom i u zatvorenom)<\/a><\/td>\n<td>0,08 \u2013 0,12 (80 \u2013 120 g\/ha)<\/td>\n<td>Od razvijenog petog para listova do pune zrelosti (15 \u2013 89 BBCH skale)<\/td>\n<\/tr>\n<tr class=\"bg-sec-7\">\n<td class=\"bg-7\"><a href=\"https:\/\/www.agromarketsrbija.rs\/srb\/zastita-bilja\/programi-zastite\/1014\/Lisnato-povrce\">ZA\u010cINSKO BILJE<\/a><\/td>\n<td>0,08 \u2013 0,12 (80 \u2013 120 g\/ha)<\/td>\n<td>Za ishranu \u2013 od faze razvijenog drugog pravog lista do faze dostignute karakteristi\u010dne visine (12 \u2013 49 BBCH skale) Za seme \u2013 od faze razvijenog drugog pravog lista do faze pune zrelosti (12 \u2013 89 BBCH skale)<\/td>\n<\/tr>\n<tr class=\"bg-sec-7\">\n<td class=\"bg-7\"><a href=\"https:\/\/www.agromarketsrbija.rs\/srb\/zastita-bilja\/programi-zastite\/1014\/Lisnato-povrce\">ZELENA SALATA, SPANA\u0106<\/a><\/td>\n<td>0,08 \u2013 0,12 (80 \u2013 120 g\/ha)<\/td>\n<td>Za ishranu \u2013 od faze razvijenog drugog pravog lista do faze dostignute karakteristi\u010dne visine (12 \u2013 49 BBCH skale) Za seme \u2013 od faze razvijenog drugog pravog lista do faze pune zrelosti (12 \u2013 89 BBCH skale)<\/td>\n<\/tr>\n<tr class=\"bg-sec-7\">\n<td class=\"bg-7\"><a href=\"https:\/\/www.agromarketsrbija.rs\/srb\/zastita-bilja\/programi-zastite\/1011\/Krastavac-Lubenica-Dinja-Tikva\">KRASTAVAC, TIKVE, LUBENICE, DINJA<\/a><\/td>\n<td>0,08 \u2013 0,12 (80 \u2013 120 g\/ha)<\/td>\n<td>Na otvorenom \u2013 od faze kada prvi plodovi dostignu tipi\u010dnu veli\u010dinu do faze pune zrelosti (71 \u2013 89 BBCH skale) U zatvorenom \u2013 od faze razvijenih pet pravih listova na glavnom stablu do faze pune zrelosti (15 \u2013 89 BBCH skale)<\/td>\n<\/tr>\n<tr class=\"bg-sec-7\">\n<td class=\"bg-7\"><a href=\"https:\/\/www.agromarketsrbija.rs\/srb\/zastita-bilja\/programi-zastite\/1010\/Paradajz-i-plavi-patlidzan\">PARADAJZ, PLAVI PATLID\u017dAN (na otvorenom i u zatvorenom)<\/a><\/td>\n<td>0,08 \u2013 0,12 (80 \u2013 120 g\/ha)<\/td>\n<td>Na otvorenom \u2013 od faze kada prvi plodovi dostignu tipi\u010dnu veli\u010dinu do faze pune zrelosti (71 \u2013 89 BBCH skale) U zatvorenom \u2013 od faze razvijenih pet pravih listova na glavnom stablu do faze pune zrelosti (15 \u2013 89 BBCH skale)<\/td>\n<\/tr>\n<tr class=\"bg-sec-7\">\n<td class=\"bg-7\"><a href=\"https:\/\/www.agromarketsrbija.rs\/srb\/zastita-bilja\/programi-zastite\/1017\/Mrkva-Pastrnak-Persun-Celer-Ren\">MRKVA, ROTKVICA<\/a><\/td>\n<td>0,1 \u2013 0,12 (100 \u2013 120 g\/ha)<\/td>\n<td>Za ishranu \u2013 od razvijenog petog stalnog lista do zavr\u0161enog rasta (15 \u2013 49 BBCH skale) Za seme \u2013 od razvijenog petog lista do zavr\u0161enog rasta (15 \u2013 89 BBCH skale)<\/td>\n<\/tr>\n<tr class=\"bg-sec-7\">\n<td class=\"bg-7\"><a href=\"https:\/\/www.agromarketsrbija.rs\/srb\/zastita-bilja\/programi-zastite\/1013\/Kupusasto-povrce\">KUPUS, KELJ, KARFIOL, BROKOLI<\/a><\/td>\n<td>0,08 \u2013 0,12 (80 \u2013 120 g\/ha)<\/td>\n<td>Od razvijenog drugog pravog lista do pune zrelosti (12 \u2013 89 BBCH skale)<\/td>\n<\/tr>\n<\/tbody>\n<\/table>\n<\/div>\n<div class=\"product-info\">\n<p><strong>DELOVANJE<\/strong><\/p>\n<p>Aktivna materija spada u grupu Diamida \u010dije predstavnike karakteri\u0161e da su modulatori rijanodinskih receptora. Ova jedinjenja aktiviraju rijanodinske receptore \u0161to prouzrokuje nekontrolisano osloba\u0111anje jona kalcijuma iz unutra\u0161njih rezervi u mi\u0161i\u0107ima, slabi se njihova funkcija, \u0161to dovodi do paralize i smrti organizma. Drugim re\u010dima, nervno &#8211; muskulaturni otrovi. Poseduje dobro ovicidno delovanje.<\/p>\n<p><strong>SPEKTAR DELOVANJA<\/strong><\/p>\n<p>mala poljska sovica (Spodoptera exigua), egipatska pamukova sovica (Spodoptera litoralis), sovica gama (Autographa gamma), pamukova sovica (Helicoverpa armigera), kukuruzni plamenac (Ostrinia nubilalis) u usevu <strong>boranjie<\/strong>; kupusov moljac (Plutella xylostella), kupusova lisna sovica (Mamestra brassicae), veliki kupusar (Pieris brasicae), mali kupusar (Pieris rapae), mala poljska sovica (Spodoptera exigua), egipatska pamukova sovica (Spodoptera litoralis) u usevu <strong>kupusa, kelja, karfiola i brokolija<\/strong>; mrkvina muva (Psila rosae), sovica gama (Autographa gamma), pamukova sovica (Helicoverpa armigera), mala poljska sovica (Spodoptera exigua), egipatska pamukova sovica (Spodoptera litoralis) u usevima <strong>mrkve i rotkvice<\/strong>; paradajzov moljac (Tuta absoluta), mala poljska sovica (Spodoptera exigua), egipatska pamukova sovica (Spodoptera litoralis), sovica gama (Autographa gamma), pamukova sovica (Helicoverpa armigera), krompirova zlatica (Leptinotarsa decemlineata) u usevu <strong>paradajza i plavog patlid\u017eana<\/strong>; sovica gama (Autographa gamma), pamukova sovica (Helicoverpa armigera), mala poljska sovica (Spodoptera exigua), egipatska pamukova sovica (Spodoptera litoralis), kukuruzni plamenac (Ostrinia nubilalis) u usevu krastavca, <strong>lubenice, tikve i dinje<\/strong>; sovica gama (Autographa gamma), pamukova sovica (Helicoverpa armigera), mala poljska sovica (Spodoptera exigua), egipatska pamukova sovica (Spodoptera litoralis) u usevu<strong> zelene salate, spana\u0107a i za\u010dinskog bilja<\/strong><\/p>\n<p><strong>PREPORUKE I NAPOMENE<\/strong><\/p>\n<p>Visoku efikasnost preparat Altacor 35 WG ispoljava ukoliko se primeni u blok tretmanu (dva prskanja sa razmakom izme\u0111u tretmana) od 7 dana u usevima boranije, kupusa, kelja, karfiola, brokolija, paradajza, plavog patlid\u017eana, krastavca, tikve, lubenice, dinje, zelene salate, spana\u0107a i za\u010dinskog bilja, odnosno 10 dana u usevima mrkve i rotkvice.<\/p>\n<p>Preparat primeniti uz upotrebu: 300 \u2013 1200 l\/ha vode na otvorenom i 300 \u2013 500 l\/ha vode u zatvorenom u usevu boranije; 300 \u2013 1000 l\/ha vode u usevu kupusa, kelja, karfiola, brokolija; 200 \u2013 800 l\/ha u usevu mrkve i rotkvice; 300 \u2013 800 l\/ha vode na otvorenom i 300 \u2013 500 l\/ha vode u zatvorenom u usevu paradajza i plavog patlid\u017eana; 300 \u2013 1200 l\/ha vode na otvorenom i 300 \u2013 500 l\/ha vode u zatvorenom u usevu krastavca, tikve, lubenice, dinje; 300 \u2013 800 l\/ha vode u usevu zelene salate, spana\u0107a i za\u010dinskog bilja.<\/p>\n<p>Preparat se ne sme primenjivati u vreme cvetanja useva. Ne primenjivati sredstvo pre zavr\u0161etka dnevnog leta p\u010dela ve\u0107 ga primeniti nakon zavr\u0161etka leta, kasno uve\u010de.<\/p>\n<\/div>","protected":false},"excerpt":{"rendered":"<p class=\"detail\"><strong>Klasa:<\/strong> <span class=\"klasa\">Insekticid<\/span><\/p>\n<p class=\"detail\"><strong>Aktivna materija:<\/strong> <span class=\"aktivna-materija\">Hlorantraniliprol 350 g\/kg<\/span><\/p>\n<p class=\"detail\"><strong>Formulacija:<\/strong> <span class=\"formulacija\">WG \u2013 vododisperzibilne granule<\/span><\/p>\n<p class=\"detail\"><strong>Proizvo\u0111a\u010d:<\/strong> <span class=\"proizvo\u0111a\u010d\">FMC<\/span><\/p>\n<p class=\"detail\"><strong>Karenca:<\/strong> <span class=\"karenca\">3 dana \u2013 boranija, kupus, kelj, karfiola, brokoli, paradajz, plavi patlid\u017ean, krastavac, tikva, lubenica, dinja, zelena salata, spana\u0107; 21 dan \u2013 mrkva, rotkvica, za\u010dinsko bilje; radna karenca: do su\u0161enja depozita (6 sati) <\/span><\/p>\n<p class=\"detail\"><strong>MBT:<\/strong> <span class=\"mbt\">2<\/span><\/p>","protected":false},"featured_media":8586,"template":"","meta":[],"product_brand":[529],"product_cat":[480],"product_tag":[630],"class_list":{"0":"post-7829","1":"product","2":"type-product","3":"status-publish","4":"has-post-thumbnail","6":"product_brand-agromarket","7":"product_cat-insekticidi-2","8":"product_tag-hlorantraniliprol-350-g-kg","10":"first","11":"outofstock","12":"purchasable","13":"product-type-simple"},"_links":{"self":[{"href":"https:\/\/agrarpetrovic.rs\/en\/wp-json\/wp\/v2\/product\/7829","targetHints":{"allow":["GET"]}}],"collection":[{"href":"https:\/\/agrarpetrovic.rs\/en\/wp-json\/wp\/v2\/product"}],"about":[{"href":"https:\/\/agrarpetrovic.rs\/en\/wp-json\/wp\/v2\/types\/product"}],"wp:featuredmedia":[{"embeddable":true,"href":"https:\/\/agrarpetrovic.rs\/en\/wp-json\/wp\/v2\/media\/8586"}],"wp:attachment":[{"href":"https:\/\/agrarpetrovic.rs\/en\/wp-json\/wp\/v2\/media?parent=7829"}],"wp:term":[{"taxonomy":"product_brand","embeddable":true,"href":"https:\/\/agrarpetrovic.rs\/en\/wp-json\/wp\/v2\/product_brand?post=7829"},{"taxonomy":"product_cat","embeddable":true,"href":"https:\/\/agrarpetrovic.rs\/en\/wp-json\/wp\/v2\/product_cat?post=7829"},{"taxonomy":"product_tag","embeddable":true,"href":"https:\/\/agrarpetrovic.rs\/en\/wp-json\/wp\/v2\/product_tag?post=7829"}],"curies":[{"name":"wp","href":"https:\/\/api.w.org\/{rel}","templated":true}]}}