{"id":7830,"date":"2025-09-20T00:10:37","date_gmt":"2025-09-19T22:10:37","guid":{"rendered":"https:\/\/agrarpetrovic.rs\/proizvod\/ascra-xpro-1-1-fungicid\/"},"modified":"2025-10-23T11:55:45","modified_gmt":"2025-10-23T09:55:45","slug":"ascra-xpro-1-1-fungicid","status":"publish","type":"product","link":"https:\/\/agrarpetrovic.rs\/en\/proizvod\/ascra-xpro-1-1-fungicid\/","title":{"rendered":"Ascra xpro 1\/1 &#8211; fungicid"},"content":{"rendered":"<h4><b>Primena<\/b><\/h4>\n<p>Ascra Xpro je posebno namenjen primeni u usevima p\u0161enice, je\u010dma, ra\u017ei i zobi. U p\u0161enici, ovaj preparat efikasno suzbija bolesti poput parazitskog poleganja, \u017eute i sme\u0111e r\u0111e, sive i sme\u0111e pegavosti lista, fuzarijske pale\u017ei klasa, pepelnice, mre\u017easte pegavosti i sne\u017ene bu\u0111i. U je\u010dmu deluje protiv parazitskog poleganja, sme\u0111e r\u0111e, pepelnice, sive i mre\u017easte pegavosti, kao i ramularijske pegavosti. Ascra Xpro se u ra\u017ei koristi protiv pepelnice, sme\u0111e r\u0111e, sive pegavosti i parazitskog poleganja, a u zobi za suzbijanje pepelnice, naran\u010daste r\u0111e i parazitskog poleganja.<\/p>\n<h4><b>Uputstvo za upotrebu i preporuke<\/b><\/h4>\n<p>Ascra Xpro treba primenjivati preventivno ili odmah nakon pojave prvih simptoma bolesti. Preparat se nanosi prskanjem traktorskim prskalicama, pri \u010demu je va\u017eno obezbediti ravnomerno pokrivanje cele povr\u0161ine biljaka. Primenu treba vr\u0161iti tokom perioda od po\u010detka vlatanja (faza 31 po BBCH skali) do po\u010detka cvetanja (faza 61 BBCH skale). Preporu\u010duje se primena u uslovima koji pogoduju razvoju bolesti, poput visoke vla\u017enosti i umerene temperature. Maksimalni broj tretmana godi\u0161nje iznosi jedan za je\u010dam, ra\u017e i zob, odnosno dva za p\u0161enicu.<\/p>\n<h4><b>Doziranje<\/b><\/h4>\n<ul>\n<li aria-level=\"1\">P\u0161enica: 0,9 \u2013 1,5 l\/ha, u zavisnosti od intenziteta bolesti.<\/li>\n<li aria-level=\"1\">Je\u010dam: 0,9 \u2013 1,2 l\/ha.<\/li>\n<li aria-level=\"1\">Ra\u017e: 1,5 l\/ha.<\/li>\n<li aria-level=\"1\">Zob: 1,2 l\/ha.<\/li>\n<\/ul>\n<p>Za optimalnu efikasnost, preporu\u010duje se utro\u0161ak vode u rasponu od 100 do 400 litara po hektaru, \u010dime se posti\u017ee idealno nano\u0161enje preparata na biljke.<\/p>\n<h4><b>Karenca<\/b><\/h4>\n<p>Kod p\u0161enice, ra\u017ei, zobi i je\u010dma karenca je osigurana vremenom primene, \u0161to zna\u010di da ne postoje dodatna ograni\u010denja vezana za berbu nakon tretmana, sve dok se po\u0161tuju preporu\u010deni termini prskanja.<\/p>","protected":false},"excerpt":{"rendered":"<p>Ascra Xpro je inovativni fungicid kompanije Bayer koji se koristi za efikasnu za\u0161titu \u017eitarica od \u0161irokog spektra bolesti. Svojom naprednom formulacijom, koja sadr\u017ei tri sna\u017ene aktivne supstance\u2014biksafen (65 g\/l)+ fluopiram (65 g\/l) + protiokonazol (130 g\/l), Ascra Xpro obezbe\u0111uje superiornu preventivnu i kurativnu za\u0161titu useva, produ\u017eavaju\u0107i njihov \u017eivotni ciklus i osiguravaju\u0107i visok prinos i kvalitet \u017eitarica. Fungicid dolazi u obliku koncentrata za emulziju (EC), \u0161to omogu\u0107ava lako i ravnomerno nano\u0161enje na biljke.<\/p>","protected":false},"featured_media":8588,"template":"","meta":[],"product_brand":[533],"product_cat":[415],"product_tag":[848],"class_list":{"0":"post-7830","1":"product","2":"type-product","3":"status-publish","4":"has-post-thumbnail","6":"product_brand-bayer","7":"product_cat-fungicidi-2","8":"product_tag-biksafen-65-g-l-fluopiram-65-g-l-protiokonazol-130-g-l","10":"first","11":"outofstock","12":"product-type-simple"},"_links":{"self":[{"href":"https:\/\/agrarpetrovic.rs\/en\/wp-json\/wp\/v2\/product\/7830","targetHints":{"allow":["GET"]}}],"collection":[{"href":"https:\/\/agrarpetrovic.rs\/en\/wp-json\/wp\/v2\/product"}],"about":[{"href":"https:\/\/agrarpetrovic.rs\/en\/wp-json\/wp\/v2\/types\/product"}],"wp:featuredmedia":[{"embeddable":true,"href":"https:\/\/agrarpetrovic.rs\/en\/wp-json\/wp\/v2\/media\/8588"}],"wp:attachment":[{"href":"https:\/\/agrarpetrovic.rs\/en\/wp-json\/wp\/v2\/media?parent=7830"}],"wp:term":[{"taxonomy":"product_brand","embeddable":true,"href":"https:\/\/agrarpetrovic.rs\/en\/wp-json\/wp\/v2\/product_brand?post=7830"},{"taxonomy":"product_cat","embeddable":true,"href":"https:\/\/agrarpetrovic.rs\/en\/wp-json\/wp\/v2\/product_cat?post=7830"},{"taxonomy":"product_tag","embeddable":true,"href":"https:\/\/agrarpetrovic.rs\/en\/wp-json\/wp\/v2\/product_tag?post=7830"}],"curies":[{"name":"wp","href":"https:\/\/api.w.org\/{rel}","templated":true}]}}