{"id":7833,"date":"2025-09-20T00:10:37","date_gmt":"2025-09-19T22:10:37","guid":{"rendered":"https:\/\/agrarpetrovic.rs\/proizvod\/asena-50-g-fungicid\/"},"modified":"2025-10-23T11:55:45","modified_gmt":"2025-10-23T09:55:45","slug":"asena-50-g-fungicid","status":"publish","type":"product","link":"https:\/\/agrarpetrovic.rs\/en\/proizvod\/asena-50-g-fungicid\/","title":{"rendered":"Asena 50 g &#8211; fungicid"},"content":{"rendered":"<div class=\"product-harvest\">\n<p class=\"detail\"><strong>Primena:<\/strong><\/p>\n<table>\n<thead>\n<tr class=\"bg-5\">\n<th>USEV \/ ZASAD<\/th>\n<th>KOLI\u010cINA PRIMENE<\/th>\n<th>VREME PRIMENE<\/th>\n<\/tr>\n<\/thead>\n<tbody>\n<tr class=\"bg-sec-5\">\n<td class=\"bg-5\"><a href=\"https:\/\/www.agromarketsrbija.rs\/srb\/zastita-bilja\/programi-zastite\/1018\/Jabuka\">JABUKA<\/a><\/td>\n<td>0,2 (2 g na 100 m\u00b2)<\/td>\n<td>Primenjuje se tokom vegetacije (11\/54-71\/81 BBCH skale), preventivno, a najbolje po precvetavanju (BBCH 71-79)<\/td>\n<\/tr>\n<tr class=\"bg-sec-5\">\n<td class=\"bg-5\"><a href=\"https:\/\/www.agromarketsrbija.rs\/srb\/zastita-bilja\/programi-zastite\/1020\/Vinova-loza\">VINOVA LOZA<\/a><\/td>\n<td>0,20 \u2013 0,25 (2 &#8211; 2,5 g u 10 l vode)<\/td>\n<td>Preventivno tretiranje tokom vegetacije (faze 11\/13-79 BBCH skale)<\/td>\n<\/tr>\n<\/tbody>\n<\/table>\n<\/div>\n<div class=\"product-info\">\n<p><strong>DELOVANJE:<\/strong><\/p>\n<p>sistemik sa protektivnim, kurativnim, eradikativnim delovanjem i dugim rezidualnim delovanjem na bazi aktivne materije <em>Krezoksim-metil <\/em>koja pripada grupi <em>Strobilurina<\/em>. Inhibira mitohondrijalno disanje preko inhibicije citohrom reduktaze.<\/p>\n<p><strong>SPEKTAR DELOVANJA:<\/strong><\/p>\n<p>Prouzrokova\u010d \u010da\u0111ave pegavosti lista i krastavosti plodova jabuke (<em>Venturia inaequalis<\/em>) i prouzrokova\u010d pepelnice vinove loze (<em>Uncinula necator<\/em>).<\/p>\n<p><strong>PREPORUKE I NAPOMENE<\/strong><\/p>\n<p><strong>za razliku od drugih fungicida pokazao je odli<\/strong><strong>\u010d<\/strong><strong>no delovanje na visokim temperaturama vazduha pa se mo<\/strong><strong>\u017e<\/strong><strong>e preporu<\/strong><strong>\u010d<\/strong><strong>iti za primenu i tokom letnjih meseci u zasadu jabuke. <\/strong>Ne pospe\u0161uje mre\u017eavost plodova, a potpoma\u017ee fiziolo\u0161ke aktivnosti koji seispoljavaju u izra\u017eenijoj zelenoj boji i pove\u0107anju bio mase tretiranih biljaka. U uslovima pove\u0107ane vla\u017enosti vazduha skratiti interval izme\u0111u tretmana na 7 do 10 dana. Izuzetnu efikasnost na venturiju pokazuje primenjen u kombinaciji sa fungicidom <strong>Fiesta <\/strong>(0,75 kg\/ha) sa 1000 litara te\u010dnosti po hektaru. Za suzbijanje pepelnice u uslovima vrlo visokog potencijala patogena po\u010detkom vegetacije preporu\u010duje se primena u kombinaciji sa preparatima na bazi sumpora (<strong>Microthiol disperss <\/strong>0,3%) uz utro\u0161ak vode 600 do 1000 l\/ha.<\/p>\n<p>Tretiranje iz vazduhoplova nije dozvoljeno.<\/p>\n<p>Suzbija veliki broj fitopatogenih gljiva.<\/p>\n<\/div>","protected":false},"excerpt":{"rendered":"<p class=\"detail\"><strong>Klasa:<\/strong> <span class=\"klasa\">Fungicidi<\/span><\/p>\n<p class=\"detail\"><strong>Aktivna materija:<\/strong> <span class=\"aktivna-materija\">Krezoksim \u2013 metil 500 g\/l<\/span><\/p>\n<p class=\"detail\"><strong>Formulacija:<\/strong> <span class=\"formulacija\">WG \u2013 vodorastvorljive granule<\/span><\/p>\n<p class=\"detail\"><strong>Karenca:<\/strong> <span class=\"karenca\">21 dan &#8211; jabuka; 35 dana &#8211; vinova loza<\/span><\/p>\n<p class=\"detail\"><strong>Radna karenca:<\/strong> <span class=\"radna-karenca\">do su\u0161enja depozita<\/span><\/p>\n<p class=\"detail\"><strong>MBT:<\/strong> <span class=\"mbt\">3<\/span><\/p>","protected":false},"featured_media":8591,"template":"","meta":[],"product_brand":[529],"product_cat":[415],"product_tag":[849],"class_list":{"0":"post-7833","1":"product","2":"type-product","3":"status-publish","4":"has-post-thumbnail","6":"product_brand-agromarket","7":"product_cat-fungicidi-2","8":"product_tag-krezoksim-metil-500-g-l","10":"first","11":"outofstock","12":"purchasable","13":"product-type-simple"},"_links":{"self":[{"href":"https:\/\/agrarpetrovic.rs\/en\/wp-json\/wp\/v2\/product\/7833","targetHints":{"allow":["GET"]}}],"collection":[{"href":"https:\/\/agrarpetrovic.rs\/en\/wp-json\/wp\/v2\/product"}],"about":[{"href":"https:\/\/agrarpetrovic.rs\/en\/wp-json\/wp\/v2\/types\/product"}],"wp:featuredmedia":[{"embeddable":true,"href":"https:\/\/agrarpetrovic.rs\/en\/wp-json\/wp\/v2\/media\/8591"}],"wp:attachment":[{"href":"https:\/\/agrarpetrovic.rs\/en\/wp-json\/wp\/v2\/media?parent=7833"}],"wp:term":[{"taxonomy":"product_brand","embeddable":true,"href":"https:\/\/agrarpetrovic.rs\/en\/wp-json\/wp\/v2\/product_brand?post=7833"},{"taxonomy":"product_cat","embeddable":true,"href":"https:\/\/agrarpetrovic.rs\/en\/wp-json\/wp\/v2\/product_cat?post=7833"},{"taxonomy":"product_tag","embeddable":true,"href":"https:\/\/agrarpetrovic.rs\/en\/wp-json\/wp\/v2\/product_tag?post=7833"}],"curies":[{"name":"wp","href":"https:\/\/api.w.org\/{rel}","templated":true}]}}