{"id":7834,"date":"2025-09-20T00:10:37","date_gmt":"2025-09-19T22:10:37","guid":{"rendered":"https:\/\/agrarpetrovic.rs\/proizvod\/avestop-1-1-herbicid\/"},"modified":"2025-10-23T11:55:45","modified_gmt":"2025-10-23T09:55:45","slug":"avestop-1-1-herbicid","status":"publish","type":"product","link":"https:\/\/agrarpetrovic.rs\/en\/proizvod\/avestop-1-1-herbicid\/","title":{"rendered":"Avestop 1\/1 &#8211; herbicid"},"content":{"rendered":"<div class=\"product-harvest\">\n<p class=\"detail\"><strong>Primena:<\/strong><\/p>\n<table>\n<thead>\n<tr class=\"bg-4\">\n<th>USEV \/ ZASAD<\/th>\n<th>KOLI\u010cINA PRIMENE<\/th>\n<th>VREME PRIMENE<\/th>\n<\/tr>\n<\/thead>\n<tbody>\n<tr class=\"bg-sec-4\">\n<td class=\"bg-4\"><a href=\"https:\/\/www.agromarketsrbija.rs\/srb\/zastita-bilja\/programi-zastite\/1002\/STRNA-ZITA\">P\u0160ENICA<\/a><\/td>\n<td>1,2 (12 ml na 100 m\u00b2)<\/td>\n<td>Usev u fazi od 2 lista do faze zastavi\u010dara (faze 12 \u2013 39 BBCH skale), a korovi od 3 lista do I kolenca<\/td>\n<\/tr>\n<\/tbody>\n<\/table>\n<\/div>\n<div class=\"product-info\">\n<p><strong>DELOVANJE:\u00a0<\/strong><\/p>\n<p>aktivna materija spada u grupu <em>Fenilpirazolina<\/em>. Deluje na biosintezu lipida, odnosno inhibira aktivnost enzima i zaustavljaja proces biosinteze masnih kiselina. Biljke ga usvajaju listom, u biljci se kre\u0107e ksilemom i floemom. Nakuplja se u meristemskim tkivima u kojim ispoljava delovanje. Odlikuje ga dugo rezidualno delovanje.<\/p>\n<p><strong>SPEKTAR DELOVANJA:\u00a0<\/strong><\/p>\n<p><strong>JEDNOGODI\u0160NJE I VI\u0160EGODI\u0160NJE USKOLISNE KOROVSKE VRSTE:<\/strong><\/p>\n<p>ovas njivski (<em>Avena fatua<\/em>), ljulj primorski (<em>Lolium rigidum<\/em>), muhar lepljivi (<em>Setaria verticillata<\/em>), muhar zeleni (<em>Setaria viridis<\/em>), pirevina (<em>Algropirum repens<\/em>), ma\u010diji rep (<em>Alopecurus myosuroides<\/em>), livadarka jednogodi\u0161nja (<em>Poa annua<\/em>)<\/p>\n<p><strong>PREPORUKE I NAPOMENE:\u00a0<\/strong><\/p>\n<p>Ne sme me\u0161ati sa sredstvima za ishranu bilja i alkalnim sredstvima za za\u0161titu bilja. Ne preporu\u010duje se primena preparata Avestop sa hormonskim herbicidima ili primena ovih herbicida najmanje 7 dana nakon primene herbicida <strong>Avestop<\/strong>. U stresnim uslovima mo\u017ee prouzrokovati prolaznu fitotoksi\u010dnost koja se manifestuje hlorozom i kratkotrajnim zastojem u porastu \u0161to se ne odra\u017eava na razvoj i prinos useva. Preporu\u010deni utro\u0161ak vode 200 do 400 l\/ha tretiranjem traktorskim prskalicama. Tretiranje iz vazduhoplova nije dozvoljeno. Voditi ra\u010duna da ne do\u0111e do zano\u0161enja preparata na susedne kulture. Prilikom tretiranja treba po\u0161tovati vodoza\u0161titne zone i spre\u010diti kontaminaciju voda (vodotoka, bunara, jezera iizvori\u0161ta voda) tretiraju\u0107i najmanje 20m udaljeno od njih. Ne izlivati i bacati u kanalizaciju koncentrat, te\u010dnost od tretiranja i pranja opreme.<\/p>\n<\/div>","protected":false},"excerpt":{"rendered":"<p class=\"detail\"><strong>Klasa:<\/strong> <span class=\"klasa\">Selektivni translokacioni herbicid<\/span><\/p>\n<p class=\"detail\"><strong>Aktivna materija:<\/strong> <span class=\"aktivna-materija\">Pinoksaden 50 g\/l<\/span><\/p>\n<p class=\"detail\"><strong>Formulacija:<\/strong> <span class=\"formulacija\">EC \u2013 koncentrat za emulziju<\/span><\/p>\n<p class=\"detail\"><strong>Pakovanje:<\/strong> <span class=\"pakovanje\">50 ml, 100 ml, 200 ml, 500 ml, 1 l i 5 l<\/span><\/p>\n<p class=\"detail\"><strong>Karenca:<\/strong> <span class=\"karenca\">OVP<\/span><\/p>\n<p class=\"detail\"><strong>Plodored:<\/strong> <span class=\"plodored\">&#8211;<\/span><\/p>\n<p class=\"detail\"><strong>Radna Karenca:<\/strong> <span class=\"radna-karenca\">48 sati nakon tretiranja<\/span><\/p>","protected":false},"featured_media":8592,"template":"","meta":[],"product_brand":[529],"product_cat":[449],"product_tag":[685],"class_list":{"0":"post-7834","1":"product","2":"type-product","3":"status-publish","4":"has-post-thumbnail","6":"product_brand-agromarket","7":"product_cat-herbicidi-2","8":"product_tag-pinoksaden-50-g-l","10":"first","11":"outofstock","12":"product-type-simple"},"_links":{"self":[{"href":"https:\/\/agrarpetrovic.rs\/en\/wp-json\/wp\/v2\/product\/7834","targetHints":{"allow":["GET"]}}],"collection":[{"href":"https:\/\/agrarpetrovic.rs\/en\/wp-json\/wp\/v2\/product"}],"about":[{"href":"https:\/\/agrarpetrovic.rs\/en\/wp-json\/wp\/v2\/types\/product"}],"wp:featuredmedia":[{"embeddable":true,"href":"https:\/\/agrarpetrovic.rs\/en\/wp-json\/wp\/v2\/media\/8592"}],"wp:attachment":[{"href":"https:\/\/agrarpetrovic.rs\/en\/wp-json\/wp\/v2\/media?parent=7834"}],"wp:term":[{"taxonomy":"product_brand","embeddable":true,"href":"https:\/\/agrarpetrovic.rs\/en\/wp-json\/wp\/v2\/product_brand?post=7834"},{"taxonomy":"product_cat","embeddable":true,"href":"https:\/\/agrarpetrovic.rs\/en\/wp-json\/wp\/v2\/product_cat?post=7834"},{"taxonomy":"product_tag","embeddable":true,"href":"https:\/\/agrarpetrovic.rs\/en\/wp-json\/wp\/v2\/product_tag?post=7834"}],"curies":[{"name":"wp","href":"https:\/\/api.w.org\/{rel}","templated":true}]}}