{"id":7835,"date":"2025-09-20T00:10:37","date_gmt":"2025-09-19T22:10:37","guid":{"rendered":"https:\/\/agrarpetrovic.rs\/proizvod\/bentamark1-l-herbicid\/"},"modified":"2025-10-23T11:55:45","modified_gmt":"2025-10-23T09:55:45","slug":"bentamark-1-l-herbicid","status":"publish","type":"product","link":"https:\/\/agrarpetrovic.rs\/en\/proizvod\/bentamark-1-l-herbicid\/","title":{"rendered":"Bentamark 1 l &#8211; herbicid"},"content":{"rendered":"<div class=\"product-harvest\">\n<p class=\"detail\"><strong>Primena:<\/strong><\/p>\n<table>\n<thead>\n<tr class=\"bg-4\">\n<th>USEV \/ ZASAD<\/th>\n<th>KOLI\u010cINA PRIMENE<\/th>\n<th>VREME PRIMENE<\/th>\n<\/tr>\n<\/thead>\n<tbody>\n<tr class=\"bg-sec-4\">\n<td class=\"bg-4\"><a href=\"https:\/\/www.agromarketsrbija.rs\/srb\/zastita-bilja\/programi-zastite\/1001\/Kukuruz\">KUKURUZ (merkantilni i sila\u017eni)<\/a><\/td>\n<td>3,0 &#8211; 4,0<\/td>\n<td>Kukuruz u fazi 1 do 5 listova, a korovi 2 do 6 listova<\/td>\n<\/tr>\n<tr class=\"bg-sec-4\">\n<td class=\"bg-4\"><a href=\"https:\/\/www.agromarketsrbija.rs\/srb\/zastita-bilja\/programi-zastite\/1003\/Soja\">SOJA<\/a><\/td>\n<td>3,0 &#8211; 4,0<\/td>\n<td>Tretman od prve do tre\u0107e troliske soje, a korovi 2-6 listova<\/td>\n<\/tr>\n<tr class=\"bg-sec-4\">\n<td class=\"bg-4\"><a href=\"https:\/\/www.agromarketsrbija.rs\/srb\/zastita-bilja\/programi-zastite\/1016\/Mahunasto-povrce\">GRA\u0160AK<\/a><\/td>\n<td>1,1 &#8211; 4,0<\/td>\n<td>Kada je usev gra\u0161ka 8 do 10 cm visine, a korovi u fazi 2 do 6 listova<\/td>\n<\/tr>\n<\/tbody>\n<\/table>\n<\/div>\n<div class=\"product-info\">\n<p><strong>DELOVANJE:<\/strong><\/p>\n<p>kontaktni herbicid koji usvaja zelena masa, pri \u010demu je slabo pokretan, te je nu\u017eno da lisna masa bude dobro pokrivena preparatom. Inhibira proces fotosinteze.<\/p>\n<p><strong>SPEKTAR DELOVANJA:<\/strong><\/p>\n<p>JEDNOGODI\u0160NJE \u0160IROKOLISNE KOROVSKE VRSTE:<\/p>\n<p>\u0161tir obi\u010dni (<em>Amaranthus retroflexus<\/em>), vidov\u010dica (<em>Anagallis arvensis<\/em>), pepeljuga obi\u010dna (<em>Chenopodium album<\/em>), tatula (<em>Datura\u00a0<\/em><em>stramonium<\/em>), bro\u0107ika-lepu\u0161a (<em>Galium aparine<\/em>), pti\u010dji dvornik (<em>Polygonum aviculare<\/em>), goru\u0161ica njivska <em>(Sinapis arvensis<\/em>), pomo\u0107nica (<em>Solanum nigrum<\/em>), \u010di\u010dak (<em>Xanthium strumarium)<\/em>.<\/p>\n<p><strong>PREPORUKE I NAPOMENE:<\/strong><\/p>\n<p><strong>Odli\u010dno se pokazao u usevu soje u kombinaciji sa herbicidom Ikarus\/Soyasan u split aplikaciji (dva tretmana): Ikarus\/Soyasan\u00a0<\/strong><strong>(0,6 l\/ha) + Bentamark 480 SL (1,0-1,5 l\/ha) + Harmony 75 WG\/Symphony (4 g\/ha)\u00a0+ preparati na bazi klomazon<\/strong>. Mo\u017ee biti fitotoksi\u010dan u kombinaciji sa organofosfornim insekticidima. Ne tretirati na temperaturama preko 25\u00b0C zbog mogu\u0107ih o\u017eegotina na lisnoj masi. Ukoliko do\u0111e do preoravanja ili privremenog skidanja useva, na tretiranim povr\u0161inama mogu se sejati strna \u017eita, soja i lucerka.<\/p>\n<\/div>","protected":false},"excerpt":{"rendered":"<p class=\"detail\"><strong>Klasa:<\/strong> <span class=\"klasa\">Selektivni, kontaktni herbicid<\/span><\/p>\n<p class=\"detail\"><strong>Aktivna materija:<\/strong> <span class=\"aktivna-materija\">Bentazon 480 g\/l (Bentazon Na-so 524 g\/l)<\/span><\/p>\n<p class=\"detail\"><strong>Formulacija:<\/strong> <span class=\"formulacija\">SL &#8211; koncentrovani rastvor<\/span><\/p>\n<p class=\"detail\"><strong>Pakovanje:<\/strong> <span class=\"pakovanje\">1 l, 5 l, 10 l<\/span><\/p>\n<p class=\"detail\"><strong>Karenca:<\/strong> <span class=\"karenca\">63 dana &#8211; kukuruz, soja<\/span><\/p>\n<p class=\"detail\"><strong>Plodored:<\/strong> <span class=\"plodored\">bez ograni\u010denja kod normalne smene useva u plodoredu<\/span><\/p>","protected":false},"featured_media":8593,"template":"","meta":[],"product_brand":[529],"product_cat":[449],"product_tag":[562],"class_list":{"0":"post-7835","1":"product","2":"type-product","3":"status-publish","4":"has-post-thumbnail","6":"product_brand-agromarket","7":"product_cat-herbicidi-2","8":"product_tag-bentazon-480-g-l-bentazon-na-so-524-g-l","10":"first","11":"outofstock","12":"purchasable","13":"product-type-simple"},"_links":{"self":[{"href":"https:\/\/agrarpetrovic.rs\/en\/wp-json\/wp\/v2\/product\/7835","targetHints":{"allow":["GET"]}}],"collection":[{"href":"https:\/\/agrarpetrovic.rs\/en\/wp-json\/wp\/v2\/product"}],"about":[{"href":"https:\/\/agrarpetrovic.rs\/en\/wp-json\/wp\/v2\/types\/product"}],"wp:featuredmedia":[{"embeddable":true,"href":"https:\/\/agrarpetrovic.rs\/en\/wp-json\/wp\/v2\/media\/8593"}],"wp:attachment":[{"href":"https:\/\/agrarpetrovic.rs\/en\/wp-json\/wp\/v2\/media?parent=7835"}],"wp:term":[{"taxonomy":"product_brand","embeddable":true,"href":"https:\/\/agrarpetrovic.rs\/en\/wp-json\/wp\/v2\/product_brand?post=7835"},{"taxonomy":"product_cat","embeddable":true,"href":"https:\/\/agrarpetrovic.rs\/en\/wp-json\/wp\/v2\/product_cat?post=7835"},{"taxonomy":"product_tag","embeddable":true,"href":"https:\/\/agrarpetrovic.rs\/en\/wp-json\/wp\/v2\/product_tag?post=7835"}],"curies":[{"name":"wp","href":"https:\/\/api.w.org\/{rel}","templated":true}]}}