{"id":7837,"date":"2025-09-20T00:10:37","date_gmt":"2025-09-19T22:10:37","guid":{"rendered":"https:\/\/agrarpetrovic.rs\/proizvod\/blue-bordo-wg-50-g-fungicid\/"},"modified":"2025-10-23T11:55:45","modified_gmt":"2025-10-23T09:55:45","slug":"blue-bordo-wg-50-g-fungicid","status":"publish","type":"product","link":"https:\/\/agrarpetrovic.rs\/en\/proizvod\/blue-bordo-wg-50-g-fungicid\/","title":{"rendered":"Blue Bordo WG 50 g &#8211; fungicid"},"content":{"rendered":"<div class=\"product-harvest\">\n<p class=\"detail\"><strong>Primena:<\/strong><\/p>\n<table>\n<thead>\n<tr class=\"bg-5\">\n<th>USEV \/ ZASAD<\/th>\n<th>KOLI\u010cINA PRIMENE<\/th>\n<th>VREME PRIMENE<\/th>\n<\/tr>\n<\/thead>\n<tbody>\n<tr class=\"bg-sec-5\">\n<td class=\"bg-5\"><a href=\"https:\/\/www.agromarketsrbija.rs\/srb\/zastita-bilja\/programi-zastite\/1020\/Vinova-loza\">VINOVA LOZA<\/a><\/td>\n<td>0,5 \u2013 1,5 % (50g do 150 g u 10 l vode)<\/td>\n<td>Tretman posle cvetanja, po pojavi prvih pega primarne zaraze, a pre ostvarenja uslova za sekundarno zara\u017eavanje i \u0161irenje oboljenja kao i za zadnje tretmane<\/td>\n<\/tr>\n<\/tbody>\n<\/table>\n<\/div>\n<div class=\"product-info\">\n<p><strong>DELOVANJE:<\/strong><\/p>\n<p>deluje preventivno jer spre\u010dava klijanje spora. Nespecifi\u010dnog je na\u010dina delovanja, prete\u017eno inhibira SH enzime.<\/p>\n<p><strong>SPEKTAR DELOVANJA:<\/strong><\/p>\n<p>Prouzrokova\u010d plamenja\u010de vinove loze (<em>Plasmopara viticola<\/em>), prouzrokova\u010d crvenila li\u0161\u0107a vinove loze (<em>Pseudopeziza tracheiphila<\/em>) i prouzrokova\u010d crne trule\u017ei vinove loze (<em>Guignardia bidwellii<\/em>).<\/p>\n<p><strong>PREPORUKE I NAPOMENE<\/strong><\/p>\n<p>prva aktivna materija koja je primenjena u za\u0161titi bilja kao Bordovska \u010dorba. Jo\u0161 uvek je jednako efikasna u za\u0161titi mnogih biljnih bolesti, \u010diji su prouzrokova\u010di gljive i bakterije. <strong>Postala je sinonim u suzbijanju\u00a0prouzrokova\u010da plamenja\u010da<\/strong><strong>, ali je pored Kaptana jedina efikasna i<\/strong> <strong>protiv prouzrokova<\/strong><strong>\u010d<\/strong><strong>a crne trule<\/strong><strong>\u017e<\/strong><strong>i kod vinove loze <\/strong>(<em>Guignardia bidwelli<\/em>). \u0160irok spektar delovanja na fitopatogene gljive i bakterije. Preparat mo\u017ee biti fitotoksi\u010dan ako se primeni po hladnom i vla\u017enom vremenu. Poseduje odli\u010dnu rastvorljivost bez neprijatnog pra\u0161enja. Ja\u010da \u0107elijski zid poko\u017eice kod bobica, \u0161to smanjuje pucanje pri ja\u010dim ki\u0161ama. Uti\u010de na bolje sazrevanje lastara vinove loze, \u0161to poja\u010dava otpornost na izmrzavanje tokom zime, te je zato pogodan za zadnje tretmane. Dobra otpornost na spiranje ki\u0161om. Mo\u017ee se me\u0161ati sa sumpornim preparatima (<strong>Microthiol disperss<\/strong>).<\/p>\n<p><strong>Preparat se nalazi na \u201cLista registrovanih sredstava za ishranu bilja i oplemenjiva<\/strong><strong>\u010d<\/strong><strong>a zemlji<\/strong><strong>\u0161<\/strong><strong>ta i sredstava za za<\/strong><strong>\u0161<\/strong><strong>titu bilja koji se mogu koristiti u organskoj proizvodnji\u201d.<\/strong><\/p>\n<\/div>","protected":false},"excerpt":{"rendered":"<p class=\"detail\"><strong>Klasa:<\/strong> <span class=\"klasa\">Fungicidi<\/span><\/p>\n<p class=\"detail\"><strong>Aktivna materija:<\/strong> <span class=\"aktivna-materija\">200 g\/kg Cu jona iz sme\u0161e bakar(II) sulfata pentahidrata i kalcijum hidroksida<\/span><\/p>\n<p class=\"detail\"><strong>Formulacija:<\/strong> <span class=\"formulacija\">WG-vodorastvorljive granule<\/span><\/p>\n<p class=\"detail\"><strong>Proizvo\u0111a\u010d:<\/strong> <span class=\"proizvo\u0111a\u010d\">United Phosphorus Ltd<\/span><\/p>\n<p class=\"detail\"><strong>Karenca:<\/strong> <span class=\"karenca\">21 dan &#8211; stone sorte vinove loze; 28 &#8211; dana vinske sorte<\/span><\/p>\n<p class=\"detail\"><strong>MBT:<\/strong> <span class=\"mbt\">3<\/span><\/p>","protected":false},"featured_media":8594,"template":"","meta":[],"product_brand":[529],"product_cat":[415],"product_tag":[545],"class_list":{"0":"post-7837","1":"product","2":"type-product","3":"status-publish","4":"has-post-thumbnail","6":"product_brand-agromarket","7":"product_cat-fungicidi-2","8":"product_tag-200-g-kg-cu-jona-iz-smese-bakarii-sulfata-pentahidrata-i-kalcijum-hidroksida","10":"first","11":"outofstock","12":"purchasable","13":"product-type-simple"},"_links":{"self":[{"href":"https:\/\/agrarpetrovic.rs\/en\/wp-json\/wp\/v2\/product\/7837","targetHints":{"allow":["GET"]}}],"collection":[{"href":"https:\/\/agrarpetrovic.rs\/en\/wp-json\/wp\/v2\/product"}],"about":[{"href":"https:\/\/agrarpetrovic.rs\/en\/wp-json\/wp\/v2\/types\/product"}],"wp:featuredmedia":[{"embeddable":true,"href":"https:\/\/agrarpetrovic.rs\/en\/wp-json\/wp\/v2\/media\/8594"}],"wp:attachment":[{"href":"https:\/\/agrarpetrovic.rs\/en\/wp-json\/wp\/v2\/media?parent=7837"}],"wp:term":[{"taxonomy":"product_brand","embeddable":true,"href":"https:\/\/agrarpetrovic.rs\/en\/wp-json\/wp\/v2\/product_brand?post=7837"},{"taxonomy":"product_cat","embeddable":true,"href":"https:\/\/agrarpetrovic.rs\/en\/wp-json\/wp\/v2\/product_cat?post=7837"},{"taxonomy":"product_tag","embeddable":true,"href":"https:\/\/agrarpetrovic.rs\/en\/wp-json\/wp\/v2\/product_tag?post=7837"}],"curies":[{"name":"wp","href":"https:\/\/api.w.org\/{rel}","templated":true}]}}