{"id":7840,"date":"2025-09-20T00:10:37","date_gmt":"2025-09-19T22:10:37","guid":{"rendered":"https:\/\/agrarpetrovic.rs\/proizvod\/bosco-200-g-fungicid\/"},"modified":"2025-10-23T11:55:48","modified_gmt":"2025-10-23T09:55:48","slug":"bosco-200-g-fungicid","status":"publish","type":"product","link":"https:\/\/agrarpetrovic.rs\/en\/proizvod\/bosco-200-g-fungicid\/","title":{"rendered":"Bosco 200 g &#8211; fungicid"},"content":{"rendered":"<p><strong>DELOVANJE:<\/strong> Fungicid\u00a0Boskalid\u00a0pripada grupi\u00a0Karboksimida, a deluje tako \u0161to inhibira aktivnost sukcijat ubikinon reduktaze (kompleks II) u mitohondrijalnom elektrotransportnom lancu tj. blokira prenos elektrona u mitohondriju, odnosno gljivici se oduzima energija potrebna za \u017eivot, kao i onemogu\u0107avanje proizvodnje neophodnih \u017eivotnih elemenata za razmenu materije.<\/p>\n<p><strong>SPEKTAR DELOVANJA<\/strong> Koristi za suzbijanje prouzrokova\u010da sive trule\u017ei (<strong>Botrytis cinerea<\/strong>) u zasadima <strong>vinove loze<\/strong>.<\/p>\n<p>Preparat se primenjuje preventivno od faze precvetavanja do faze \u0161arka (faze 69 \u2013 83 BBCH-skale) <strong>u koli\u010dini\u00a01,2 (12 g na 100 m\u00b2).<\/strong><\/p>\n<p><strong>PREPORUKE I NAPOMENE:<\/strong> Jedan od najkompletnijih fungicidnih preparata na tr\u017ei\u0161tu sa povoljnim ekotoksikolo\u0161kim osobinama, \u0161to ga preporu\u010duje za primenu u integralnoj za\u0161titi. Preparat se mo\u017ee me\u0161ati sa drugim preparatima uz prethodnu proveru. Mo\u017ee se primeniti svim standardnim ure\u0111ajima za tretiranje sa zemlje (le\u0111ne i traktorske prskalice), a primena iz vazduhoplova nije dozvoljena.<br \/>\nUtro\u0161ak te\u010dnosti iznosi 600 \u2013 1000 l\/ha (6 &#8211; 10 l na 100 m\u00b2).<\/p>\n<p><strong>Mehanizam i na\u010din delovanja:\u00a0<\/strong> &#8211; Inhibitor sukcinat-dehidrogenaze (kompleks II) u respirativnom transportu elektrona<br \/>\n&#8211; Sistemi\u010dni fungicid sa protektivnim i kurativnim delovanjem<\/p>","protected":false},"excerpt":{"rendered":"<p><strong>Aktivna materija:<\/strong> Boskalid (500 g\/kg )<\/p>\n<p><strong><span class=\"strong\">Formulacija: <\/span><\/strong>Vododisperzibilne granule (WG)<\/p>\n<p><strong>Radna karenca: <\/strong>Do su\u0161enja depozita<\/p>\n<p><strong>Napomena: <\/strong> &#8211; MBT: 2<br \/>\n&#8211; Ne sme se me\u0161ati sa preparatima na bazi fosetil-Al, dimetoata, dodina, endosulfana,<\/p>\n<p>&nbsp;<\/p>\n<p>&nbsp;<\/p>\n<p>&nbsp;<\/p>","protected":false},"featured_media":8596,"template":"","meta":[],"product_brand":[529],"product_cat":[415],"product_tag":[565],"class_list":{"0":"post-7840","1":"product","2":"type-product","3":"status-publish","4":"has-post-thumbnail","6":"product_brand-agromarket","7":"product_cat-fungicidi-2","8":"product_tag-boskalid-500-g-kg","10":"first","11":"outofstock","12":"purchasable","13":"product-type-simple"},"_links":{"self":[{"href":"https:\/\/agrarpetrovic.rs\/en\/wp-json\/wp\/v2\/product\/7840","targetHints":{"allow":["GET"]}}],"collection":[{"href":"https:\/\/agrarpetrovic.rs\/en\/wp-json\/wp\/v2\/product"}],"about":[{"href":"https:\/\/agrarpetrovic.rs\/en\/wp-json\/wp\/v2\/types\/product"}],"wp:featuredmedia":[{"embeddable":true,"href":"https:\/\/agrarpetrovic.rs\/en\/wp-json\/wp\/v2\/media\/8596"}],"wp:attachment":[{"href":"https:\/\/agrarpetrovic.rs\/en\/wp-json\/wp\/v2\/media?parent=7840"}],"wp:term":[{"taxonomy":"product_brand","embeddable":true,"href":"https:\/\/agrarpetrovic.rs\/en\/wp-json\/wp\/v2\/product_brand?post=7840"},{"taxonomy":"product_cat","embeddable":true,"href":"https:\/\/agrarpetrovic.rs\/en\/wp-json\/wp\/v2\/product_cat?post=7840"},{"taxonomy":"product_tag","embeddable":true,"href":"https:\/\/agrarpetrovic.rs\/en\/wp-json\/wp\/v2\/product_tag?post=7840"}],"curies":[{"name":"wp","href":"https:\/\/api.w.org\/{rel}","templated":true}]}}