{"id":7842,"date":"2025-09-20T00:10:37","date_gmt":"2025-09-19T22:10:37","guid":{"rendered":"https:\/\/agrarpetrovic.rs\/proizvod\/capi-250-ml-fungicid\/"},"modified":"2025-10-27T16:53:23","modified_gmt":"2025-10-27T15:53:23","slug":"capi-250-ml-fungicid","status":"publish","type":"product","link":"https:\/\/agrarpetrovic.rs\/en\/proizvod\/capi-250-ml-fungicid\/","title":{"rendered":"Capi 250 ml &#8211; fungicid"},"content":{"rendered":"<div class=\"product-harvest\">\n<p class=\"detail\"><strong>Primena:<\/strong><\/p>\n<table>\n<thead>\n<tr class=\"bg-5\">\n<th>USEV \/ ZASAD<\/th>\n<th>KOLI\u010cINA PRIMENE<\/th>\n<th>VREME PRIMENE<\/th>\n<\/tr>\n<\/thead>\n<tbody>\n<tr class=\"bg-sec-5\">\n<td class=\"bg-5\"><a href=\"https:\/\/www.agromarketsrbija.rs\/srb\/zastita-bilja\/programi-zastite\/1018\/Jabuka\">JABUKA, KRU\u0160KA<\/a><\/td>\n<td>0,2 \u2013 0,3 % (20 &#8211; 30 ml u 10 l vode)<\/td>\n<td>Preventivno tretiranje pre sticanja uslova za zarazu, od po\u010detka cvetanja do po\u010detka zrenja (faze 51-71\/81 BBCH skale)<\/td>\n<\/tr>\n<tr class=\"bg-sec-5\">\n<td class=\"bg-5\"><a href=\"https:\/\/www.agromarketsrbija.rs\/srb\/zastita-bilja\/programi-zastite\/1022\/Breskva-i-nektarina\">BRESKVA, KAJSIJA, \u0160LJIVA, TRE\u0160NJA, VI\u0160NJA, BADEM<\/a><\/td>\n<td>0,2 \u2013 0,3 % (20 &#8211; 30 ml u 10 l vode)<\/td>\n<td>Protiv S. carpophila od po\u010detka listanja do pred sazrevanje plodova u zavisnosti od vremenskih uslova i infekcionog potencijala. Protiv P. rubrum od cvetanja do pred sazrevanje plodova u zavisnosti od vremenskih uslova i infekcionog potencijala.<\/td>\n<\/tr>\n<tr class=\"bg-sec-5\">\n<td class=\"bg-5\"><a href=\"https:\/\/www.agromarketsrbija.rs\/srb\/zastita-bilja\/programi-zastite\/1020\/Vinova-loza\">VINOVA LOZA <\/a><\/td>\n<td>0,2 \u2013 0,3 % (20 &#8211; 30 ml u 10 l vode)<\/td>\n<td>Preventivno tretiranje protiv P. viticola od fenofaze pred cvetanje do \u0161arka bobica. Tretmani protiv G. bidwellii u fazi rasta lastara do po\u010detka zrenja bobica.<\/td>\n<\/tr>\n<\/tbody>\n<\/table>\n<\/div>\n<div class=\"product-info\">\n<p><strong>DELOVANJE:<\/strong><\/p>\n<p>aktivna materija <em>Kaptan <\/em>pripada grupi <em>Ftalimida <\/em>i inhibira proces disanja, odnosno aktivnost SH-enzima. Patogeni te\u017ee razvijaju rezistentnost na ovaj fungicid.<\/p>\n<p><strong>SPEKTAR DELOVANJA:<\/strong><\/p>\n<p>Prouzrokova\u010d \u010da\u0111ave pegavosti lista i krastavosti plodova jabuke (<em>Venturia inaequalis<\/em>) i kru\u0161ke (<em>Venturia pyrina<\/em>), prouzrokova\u010d \u0161upljikavosti li\u0161\u0107a ko\u0161ti\u010davog vo\u0107a (<em>Stigmina carpophila<\/em>) i prouzrokova\u010d plamenja\u010de \u0161ljive (<em>Polystigma rubrum<\/em>), prouzrokova\u010d plamenja\u010de (<em>Plasmopara viticola<\/em>) i prouzrokova\u010d crne trule\u017ei\u00a0vinove loze (<em>Guignardia bidwellii<\/em>).<\/p>\n<p><strong>PREPORUKE I NAPOMENE<\/strong><\/p>\n<p>ne me\u0161a se sa Bordovskom i sumpornokre\u010dnom \u010dorbom, uljnim formulacijama, insekticidima kisele reakcije (<em>Dimetoat<\/em>) , kao i abamektinom. Mo\u017ee biti fitotoksi\u010dan ako se na vi\u0161im temperaturama vazduha me\u0161a sa preparatima na bazi <em>dimetoata<\/em>. Ne preporu\u010duje se primena u zasadu jabuke sorte <em>crveni deli\u0161es <\/em>i kru\u0161ke <em>an\u017euj<\/em>. Mo\u017ee ispoljiti blagu fitotoksi\u010dnost (kaptanove pege) na plodovima nekih sorti jabuke (<em>vinesep<\/em>) i kru\u0161ke (<em>starking, sejman, boskovka<\/em>) ako se primenjuje u fazi precvetavanja i formiranja plodova (oko mesec dana), a naro\u010dito ako se kombinuje sa preparatima na bazi sumpora. Pripremljen rastvor (1000 l te\u010dnosti po hektaru) se mora utro\u0161iti u roku od dva sata.<\/p>\n<p>Tretiranje iz vazduhoplova nije dozvoljeno.<\/p>\n<\/div>","protected":false},"excerpt":{"rendered":"<p class=\"detail\"><strong>Klasa:<\/strong> <span class=\"klasa\">Fungicidi<\/span><\/p>\n<p class=\"detail\"><strong>Aktivna materija:<\/strong> <span class=\"aktivna-materija\">Kaptan 480 g\/l<\/span><\/p>\n<p class=\"detail\"><strong>Formulacija:<\/strong> <span class=\"formulacija\">SC &#8211; koncentrovana suspenzija<\/span><\/p>\n<p class=\"detail\"><strong>Karenca:<\/strong> <span class=\"karenca\">21 dan &#8211; jabu\u010dasto i ko\u0161ti\u010davo vo\u0107e, 35 &#8211; dana vinova loza<\/span><\/p>\n<p class=\"detail\"><strong>MBT:<\/strong> <span class=\"mbt\">jabuka, breskva i vinova loza bez ograni\u010denja; breskva i \u0161ljiva 3; vi\u0161nja 2<\/span><\/p>","protected":false},"featured_media":8959,"template":"","meta":[],"product_brand":[529],"product_cat":[415],"product_tag":[642],"class_list":{"0":"post-7842","1":"product","2":"type-product","3":"status-publish","4":"has-post-thumbnail","6":"product_brand-agromarket","7":"product_cat-fungicidi-2","8":"product_tag-kaptan-480-g-l","10":"first","11":"outofstock","12":"purchasable","13":"product-type-simple"},"_links":{"self":[{"href":"https:\/\/agrarpetrovic.rs\/en\/wp-json\/wp\/v2\/product\/7842","targetHints":{"allow":["GET"]}}],"collection":[{"href":"https:\/\/agrarpetrovic.rs\/en\/wp-json\/wp\/v2\/product"}],"about":[{"href":"https:\/\/agrarpetrovic.rs\/en\/wp-json\/wp\/v2\/types\/product"}],"wp:featuredmedia":[{"embeddable":true,"href":"https:\/\/agrarpetrovic.rs\/en\/wp-json\/wp\/v2\/media\/8959"}],"wp:attachment":[{"href":"https:\/\/agrarpetrovic.rs\/en\/wp-json\/wp\/v2\/media?parent=7842"}],"wp:term":[{"taxonomy":"product_brand","embeddable":true,"href":"https:\/\/agrarpetrovic.rs\/en\/wp-json\/wp\/v2\/product_brand?post=7842"},{"taxonomy":"product_cat","embeddable":true,"href":"https:\/\/agrarpetrovic.rs\/en\/wp-json\/wp\/v2\/product_cat?post=7842"},{"taxonomy":"product_tag","embeddable":true,"href":"https:\/\/agrarpetrovic.rs\/en\/wp-json\/wp\/v2\/product_tag?post=7842"}],"curies":[{"name":"wp","href":"https:\/\/api.w.org\/{rel}","templated":true}]}}