{"id":7844,"date":"2025-09-20T00:10:37","date_gmt":"2025-09-19T22:10:37","guid":{"rendered":"https:\/\/agrarpetrovic.rs\/proizvod\/captan-80-wg-20-g-fungicid\/"},"modified":"2025-10-27T16:53:40","modified_gmt":"2025-10-27T15:53:40","slug":"captan-80-wg-20-g-fungicid","status":"publish","type":"product","link":"https:\/\/agrarpetrovic.rs\/en\/proizvod\/captan-80-wg-20-g-fungicid\/","title":{"rendered":"Captan 80 WG 20 g &#8211; fungicid"},"content":{"rendered":"<div class=\"product-harvest\">\n<p class=\"detail\"><strong>Primena:<\/strong><\/p>\n<table>\n<thead>\n<tr class=\"bg-5\">\n<th>USEV \/ ZASAD<\/th>\n<th>KOLI\u010cINA PRIMENE<\/th>\n<th>VREME PRIMENE<\/th>\n<\/tr>\n<\/thead>\n<tbody>\n<tr class=\"bg-sec-5\">\n<td class=\"bg-5\"><a href=\"https:\/\/www.agromarketsrbija.rs\/srb\/zastita-bilja\/programi-zastite\/1020\/Vinova-loza\">VINOVA LOZA <\/a><\/td>\n<td>0,2% (20 g u 10 l vode)<\/td>\n<td>Tretiranje preventivno, od razvijena 3 lista do pojave \u0161arka bobica (13-81 BBCH skale) u intervalima 7 do 10 dana<\/td>\n<\/tr>\n<tr class=\"bg-sec-5\">\n<td class=\"bg-5\"><a href=\"https:\/\/www.agromarketsrbija.rs\/srb\/zastita-bilja\/programi-zastite\/1018\/Jabuka\">JABUKA<\/a><\/td>\n<td>0,2% (20 g u 10 l vode)<\/td>\n<td>Preventivna tretiranja od fenofaze mi\u0161jih u\u0161i (faze 10 BBCH skale)<\/td>\n<\/tr>\n<\/tbody>\n<\/table>\n<\/div>\n<div class=\"product-info\">\n<p><strong>DELOVANJE:<\/strong><\/p>\n<p>aktivna supstanca spada u grupu Ftalimida, odnosno organskih nesistemi\u010dnih fungicida sa preventivnim delovanjem. Mehanizam delovanja se zasniva na inhnibiciji procesa disanja, odnosno aktivnosti SH-enzima kod fitopatogenih gljivica.<\/p>\n<p><strong>SPEKTAR DELOVANJA:<\/strong><\/p>\n<p>Prouzrokova\u010d plamenja\u010de vinove loze (<em>Plasmopara viticola<\/em>), prouzrokova\u010d \u010da\u0111ave krastavosti ploda i lisne pegavosti jabuke (<em>Venturia inaequalis<\/em>).<\/p>\n<p><strong>PREPORUKE I NAPOMENE<\/strong><\/p>\n<p>jedna od najstarijih i najpoznatijih aktivnih materija u preventivnom suzbijanju biljnih bolesti. Ne sme se primenjivati u zasadu jabuka sorte crveni <em>deli\u0161es <\/em>i kru\u0161ke <em>an\u017euj<\/em>. Mo\u017ee biti fitotoksi\u010dan ako se na vi\u0161im temperaturama me\u0161a sa insekticidima na bazi <em>Dimetoata<\/em>. Ne me\u0161a se sa Bordovskom \u010dorbom, EC i uljnim formulacijama, insekticidima kisele reakcije i abamektinom. Pripremljena suspenzija se mora utro\u0161iti u roku od dva sata od pripreme. Te\u0161ko se spira ki\u0161om i ima mogu\u0107nost redistribucije na plodu jabuke. Ne\u0161kodljiv je za korisnu entomofaunu, pa se preporu\u010duje u integralnoj za\u0161titi. Visoke je efikasnosti u za\u0161titi ploda jabuke od venturije i to u kombinaciji sa fungicidima <strong>Sigura<\/strong>, odnosno <strong>Indar 5EW<\/strong>. Koristi se, tako\u0111e, i za pobolj\u0161anje<\/p>\n<p>obojenosti plodova i spre\u010davanje skladi\u0161nih oboljenja. Naro\u010dito pogodan za saniranje posledica gradobitnih padavina na plodovima gde u kombinaciji sa \u0111ubrivima koja sadr\u017ee huminske i aminokiseline (<strong>FitoFert Humisuper, FitoFert Humistart, FitoFert Aminoflex, FitoFert Humisuper Plus, FitoFert BioFlex-L<\/strong>) pospe\u0161uje njihovo zaceljenje.<\/p>\n<\/div>","protected":false},"excerpt":{"rendered":"<p class=\"detail\"><strong>Klasa:<\/strong> <span class=\"klasa\">Fungicidi<\/span><\/p>\n<p class=\"detail\"><strong>Aktivna materija:<\/strong> <span class=\"aktivna-materija\">Kaptan 800 g\/kg<\/span><\/p>\n<p class=\"detail\"><strong>Formulacija:<\/strong> <span class=\"formulacija\">WG &#8211; vodorastvorljive granule<\/span><\/p>\n<p class=\"detail\"><strong>Proizvo\u0111a\u010d:<\/strong> <span class=\"proizvo\u0111a\u010d\">Arysta LifeScience<\/span><\/p>\n<p class=\"detail\"><strong>Karenca:<\/strong> <span class=\"karenca\">21 dan &#8211; jabuka; 35 dana &#8211; vinova loza<\/span><\/p>\n<p class=\"detail\"><strong>MBT:<\/strong> <span class=\"mbt\">3<\/span><\/p>","protected":false},"featured_media":8960,"template":"","meta":[],"product_brand":[529],"product_cat":[415],"product_tag":[643],"class_list":{"0":"post-7844","1":"product","2":"type-product","3":"status-publish","4":"has-post-thumbnail","6":"product_brand-agromarket","7":"product_cat-fungicidi-2","8":"product_tag-kaptan-800-g-kg","10":"first","11":"outofstock","12":"product-type-simple"},"_links":{"self":[{"href":"https:\/\/agrarpetrovic.rs\/en\/wp-json\/wp\/v2\/product\/7844","targetHints":{"allow":["GET"]}}],"collection":[{"href":"https:\/\/agrarpetrovic.rs\/en\/wp-json\/wp\/v2\/product"}],"about":[{"href":"https:\/\/agrarpetrovic.rs\/en\/wp-json\/wp\/v2\/types\/product"}],"wp:featuredmedia":[{"embeddable":true,"href":"https:\/\/agrarpetrovic.rs\/en\/wp-json\/wp\/v2\/media\/8960"}],"wp:attachment":[{"href":"https:\/\/agrarpetrovic.rs\/en\/wp-json\/wp\/v2\/media?parent=7844"}],"wp:term":[{"taxonomy":"product_brand","embeddable":true,"href":"https:\/\/agrarpetrovic.rs\/en\/wp-json\/wp\/v2\/product_brand?post=7844"},{"taxonomy":"product_cat","embeddable":true,"href":"https:\/\/agrarpetrovic.rs\/en\/wp-json\/wp\/v2\/product_cat?post=7844"},{"taxonomy":"product_tag","embeddable":true,"href":"https:\/\/agrarpetrovic.rs\/en\/wp-json\/wp\/v2\/product_tag?post=7844"}],"curies":[{"name":"wp","href":"https:\/\/api.w.org\/{rel}","templated":true}]}}