{"id":7845,"date":"2025-09-20T00:10:41","date_gmt":"2025-09-19T22:10:41","guid":{"rendered":"https:\/\/agrarpetrovic.rs\/proizvod\/cerealis20-g-herbicid\/"},"modified":"2025-10-23T11:55:49","modified_gmt":"2025-10-23T09:55:49","slug":"cerealis20-g-herbicid","status":"publish","type":"product","link":"https:\/\/agrarpetrovic.rs\/en\/proizvod\/cerealis20-g-herbicid\/","title":{"rendered":"Cerealis 20 g &#8211; herbicid"},"content":{"rendered":"<h4><b>Primena<\/b><\/h4>\n<p>Cerealis se koristi isklju\u010divo u usevu p\u0161enice, gde pokazuje visoku delotvornost protiv naj\u010de\u0161\u0107ih \u0161irokolisnih korova koji mogu ugroziti prinos i kvalitet useva. Usvaja se putem lista i korena biljaka i kre\u0107e se kroz njihovu unutra\u0161nju strukturu, blokiraju\u0107i kriti\u010dne biohemijske procese u korovima. Zahvaljuju\u0107i svom specifi\u010dnom mehanizmu delovanja, preparat ne \u0161teti p\u0161enici, ve\u0107 joj omogu\u0107ava bolji razvoj u odsustvu konkurentskih korova.<\/p>\n<p>Spektar delovanja obuhvata veliki broj jednogodi\u0161njih \u0161irokolisnih korova, uklju\u010duju\u0107i \u0161tir obi\u010dni (<i>Amaranthus retroflexus<\/i>), teofrastovu lipicu (<i>Abutilon theophrasti<\/i>), lobodu obi\u010dnu (<i>Atriplex patula<\/i>), kukolj (<i>Agrostemma githago<\/i>), pelin (<i>Artemisia vulgaris<\/i>), pepelju obi\u010dnu (<i>Chenopodium album<\/i>), tar\u010du\u017eak (<i>Capsella bursa pastoris<\/i>), samonikli suncokret (<i>Helianthus annuus<\/i>) i mnoge druge.<\/p>\n<h4><b>Uputstvo za upotrebu i preporuke<\/b><\/h4>\n<p>Primenjuje se u fazi od tre\u0107eg lista p\u0161enice pa sve do pojave drugog kolenca (BBCH faza 13-32). Za maksimalan u\u010dinak, preporu\u010duje se primena u ranim fazama razvoja korova, dok su mladi i u fazi intenzivnog rasta. Cerealis se koristi uz dodatak 0,1% okva\u0161iva\u010da, \u0161to pobolj\u0161ava njegovu distribuciju po biljnoj povr\u0161ini i pove\u0107ava efikasnost tretmana.<\/p>\n<p>Za optimalne rezultate, va\u017eno je da se preparat nanosi po mirnom vremenu, bez vetra, kako bi se spre\u010dilo zano\u0161enje na okolne kulture. Tako\u0111e, nije preporu\u010dljivo primenjivati ga kada su biljke pod stresom (usled su\u0161e, niskih temperatura ili drugih nepovoljnih uslova), jer to mo\u017ee umanjiti efikasnost tretmana. Preporu\u010duje se primena u kombinaciji sa drugim herbicidima koji deluju na uskolisne korove, ukoliko su prisutni u usevu.<\/p>\n<h4><b>Doziranje<\/b><\/h4>\n<p>Cerealis se primenjuje u dozi od 15-25 g\/ha, uz dodatak 0,1% okva\u0161iva\u010da. Prilago\u0111avanje doze zavisi od ja\u010dine zakorovljenosti i faze razvoja korova. Ve\u0107a doza se preporu\u010duje u slu\u010dajevima visoke zakorovljenosti ili kada su korovi ve\u0107 u poodmakloj fazi razvoja.<\/p>\n<h4><b>Karenca<\/b><\/h4>\n<p>Karenca za ovaj preparat je obezbe\u0111ena vremenom primene, \u0161to zna\u010di da se prilikom po\u0161tovanja preporu\u010denog perioda primene ne javlja opasnost od prisustva rezidua u p\u0161enici u trenutku \u017eetve. To poljoprivrednicima omogu\u0107ava sigurnu i pravovremenu \u017eetvu bez bojazni od ostataka hemijskih supstanci.<\/p>","protected":false},"excerpt":{"rendered":"<p><strong>Kategorija<\/strong> Herbicidi<\/p>\n<p><strong>Aktivna materija<\/strong> Tribenuron-metil 750 g\/kg<\/p>\n<p><strong>Mehanizam delovanja:<\/strong> Inhibitori acetolaktat sintaze(ALS-aze)<\/p>\n<p><strong>Formulacija<\/strong> WG<\/p>\n<p><strong>Doza primene<\/strong> P\u0161enica 15-25 g\/ha uz dodatak 0,1% okva\u0161iva\u010da<\/p>","protected":false},"featured_media":8601,"template":"","meta":[],"product_brand":[529],"product_cat":[449],"product_tag":[727],"class_list":{"0":"post-7845","1":"product","2":"type-product","3":"status-publish","4":"has-post-thumbnail","6":"product_brand-agromarket","7":"product_cat-herbicidi-2","8":"product_tag-tribenuron-metil-750-g-kg","10":"first","11":"outofstock","12":"purchasable","13":"product-type-simple"},"_links":{"self":[{"href":"https:\/\/agrarpetrovic.rs\/en\/wp-json\/wp\/v2\/product\/7845","targetHints":{"allow":["GET"]}}],"collection":[{"href":"https:\/\/agrarpetrovic.rs\/en\/wp-json\/wp\/v2\/product"}],"about":[{"href":"https:\/\/agrarpetrovic.rs\/en\/wp-json\/wp\/v2\/types\/product"}],"wp:featuredmedia":[{"embeddable":true,"href":"https:\/\/agrarpetrovic.rs\/en\/wp-json\/wp\/v2\/media\/8601"}],"wp:attachment":[{"href":"https:\/\/agrarpetrovic.rs\/en\/wp-json\/wp\/v2\/media?parent=7845"}],"wp:term":[{"taxonomy":"product_brand","embeddable":true,"href":"https:\/\/agrarpetrovic.rs\/en\/wp-json\/wp\/v2\/product_brand?post=7845"},{"taxonomy":"product_cat","embeddable":true,"href":"https:\/\/agrarpetrovic.rs\/en\/wp-json\/wp\/v2\/product_cat?post=7845"},{"taxonomy":"product_tag","embeddable":true,"href":"https:\/\/agrarpetrovic.rs\/en\/wp-json\/wp\/v2\/product_tag?post=7845"}],"curies":[{"name":"wp","href":"https:\/\/api.w.org\/{rel}","templated":true}]}}