{"id":7849,"date":"2025-09-20T00:10:41","date_gmt":"2025-09-19T22:10:41","guid":{"rendered":"https:\/\/agrarpetrovic.rs\/proizvod\/citas-50-ml-insekticid\/"},"modified":"2025-10-23T11:55:49","modified_gmt":"2025-10-23T09:55:49","slug":"citas-50-ml-insekticid","status":"publish","type":"product","link":"https:\/\/agrarpetrovic.rs\/en\/proizvod\/citas-50-ml-insekticid\/","title":{"rendered":"Citas 50 ml &#8211; insekticid"},"content":{"rendered":"<div class=\"product-harvest\">\n<p class=\"detail\"><strong>Primena:<\/strong><\/p>\n<table>\n<thead>\n<tr class=\"bg-7\">\n<th>USEV \/ ZASAD<\/th>\n<th>KOLI\u010cINA PRIMENE<\/th>\n<th>VREME PRIMENE<\/th>\n<\/tr>\n<\/thead>\n<tbody>\n<tr class=\"bg-sec-7\">\n<td class=\"bg-7\"><a href=\"https:\/\/www.agromarketsrbija.rs\/srb\/zastita-bilja\/programi-zastite\/1018\/Jabuka\">JABUKA<\/a><\/td>\n<td>0,15 \u2013 0, 20<\/td>\n<td>Optimalno vreme primene je, prvo u fazi \u201dcrne glave\u201c, odnosno neposredno pre piljenja gusenica, a drugo 10-14 dana kasnije<\/td>\n<\/tr>\n<tr class=\"bg-sec-7\">\n<td class=\"bg-7\"><a href=\"https:\/\/www.agromarketsrbija.rs\/srb\/zastita-bilja\/programi-zastite\/1004\/Secerna-repa\">\u0160E\u0106ERNA REPA<\/a><\/td>\n<td>0,2<\/td>\n<td>Optimalno vreme primene je na po\u010detku pojave imaga repine pipe, kada se utvrdi brojnost 1-3 imaga \/10 m2.<\/td>\n<\/tr>\n<\/tbody>\n<\/table>\n<\/div>\n<div class=\"product-info\">\n<p><strong>DELOVANJE:<\/strong><\/p>\n<p>Aktivna materija Cipermetrin pripada grupi Piretroida. Modulator natrijumovih kanala<\/p>\n<p><strong>SPEKTAR DELOVANJA:\u00a0<\/strong><\/p>\n<p>Jabukin smotavac (Cydia pomonella) u zasadu jabuke; repina pipa (Bothynoderes punctiventris) u usevu \u0161e\u0107erne repe<\/p>\n<p><strong>PREPORUKE I NAPOMENE:\u00a0<\/strong><\/p>\n<p>Zbog potencijalnog razvoja rezistentnosti jabukinog smotavca na cipermetrin i ukr\u0161tene rezistentnosti na druge piretroide, ne primenjivati preparat CITAS vi\u0161e od dva puta tokom vegetacione sezone, niti alternativno sa drugim piretroidima, na istoj povr\u0161ini. Preparat se ne sme primenjivati tokom cvetanja zasada jabuke zbog eventualnih toksi\u010dnih efekata za insekte opra\u0161iva\u010de. Ne sme se me\u0161ati sa bordovskom \u010dorbom, preparatima alkalne reakcije. Tako\u0111e, ukoliko ne postoji prethodno iskustvo, \u017eeljenu kombinaciju treba ispitati na maloj eksperimentalnoj povr\u0161ini. Utro\u0161ak vode u zasadu jabuke je od 600 \u2013 1000 l\/ha (6- 10 l na 100 m2), a 200 \u2013 400 l\/ha (2- 4 l na 100 m2).<\/p>\n<\/div>","protected":false},"excerpt":{"rendered":"<p class=\"detail\"><strong>Klasa:<\/strong> <span class=\"klasa\">Insekticidi<\/span><\/p>\n<p class=\"detail\"><strong>Aktivna materija:<\/strong> <span class=\"aktivna-materija\">Cipermetrin 250 g\/l<\/span><\/p>\n<p class=\"detail\"><strong>Formulacija:<\/strong> <span class=\"formulacija\">EC \u2013 koncentrovana emulzija<\/span><\/p>\n<p class=\"detail\"><strong>Pakovanje:<\/strong> <span class=\"pakovanje\">50 ml, 100 ml, 1 l<\/span><\/p>\n<p class=\"detail\"><strong>Karenca:<\/strong> <span class=\"karenca\">3 dana \u2013 jabuka; 14 dana &#8211; \u0161e\u0107erna repa<\/span><\/p>\n<p class=\"detail\"><strong>MBT:<\/strong> <span class=\"mbt\">2<\/span><\/p>","protected":false},"featured_media":8970,"template":"","meta":[],"product_brand":[529],"product_cat":[480],"product_tag":[573],"class_list":{"0":"post-7849","1":"product","2":"type-product","3":"status-publish","4":"has-post-thumbnail","6":"product_brand-agromarket","7":"product_cat-insekticidi-2","8":"product_tag-cipermetrin-250-g-l","10":"first","11":"outofstock","12":"purchasable","13":"product-type-simple"},"_links":{"self":[{"href":"https:\/\/agrarpetrovic.rs\/en\/wp-json\/wp\/v2\/product\/7849","targetHints":{"allow":["GET"]}}],"collection":[{"href":"https:\/\/agrarpetrovic.rs\/en\/wp-json\/wp\/v2\/product"}],"about":[{"href":"https:\/\/agrarpetrovic.rs\/en\/wp-json\/wp\/v2\/types\/product"}],"wp:featuredmedia":[{"embeddable":true,"href":"https:\/\/agrarpetrovic.rs\/en\/wp-json\/wp\/v2\/media\/8970"}],"wp:attachment":[{"href":"https:\/\/agrarpetrovic.rs\/en\/wp-json\/wp\/v2\/media?parent=7849"}],"wp:term":[{"taxonomy":"product_brand","embeddable":true,"href":"https:\/\/agrarpetrovic.rs\/en\/wp-json\/wp\/v2\/product_brand?post=7849"},{"taxonomy":"product_cat","embeddable":true,"href":"https:\/\/agrarpetrovic.rs\/en\/wp-json\/wp\/v2\/product_cat?post=7849"},{"taxonomy":"product_tag","embeddable":true,"href":"https:\/\/agrarpetrovic.rs\/en\/wp-json\/wp\/v2\/product_tag?post=7849"}],"curies":[{"name":"wp","href":"https:\/\/api.w.org\/{rel}","templated":true}]}}