{"id":7852,"date":"2025-09-20T00:10:41","date_gmt":"2025-09-19T22:10:41","guid":{"rendered":"https:\/\/agrarpetrovic.rs\/proizvod\/closer120-sc-1-1-l-insekticid\/"},"modified":"2025-10-27T10:49:41","modified_gmt":"2025-10-27T09:49:41","slug":"closer120-sc-1-1-l-insekticid","status":"publish","type":"product","link":"https:\/\/agrarpetrovic.rs\/en\/proizvod\/closer120-sc-1-1-l-insekticid\/","title":{"rendered":"Closer120 SC 1\/1 l &#8211; insekticid"},"content":{"rendered":"<div class=\"product-harvest\">\n<p class=\"detail\"><strong>Primena:<\/strong><\/p>\n<table>\n<thead>\n<tr class=\"bg-7\">\n<th>USEV \/ ZASAD<\/th>\n<th>KOLI\u010cINA PRIMENE<\/th>\n<th>VREME PRIMENE<\/th>\n<\/tr>\n<\/thead>\n<tbody>\n<tr class=\"bg-sec-7\">\n<td class=\"bg-7\"><a href=\"https:\/\/www.agromarketsrbija.rs\/srb\/zastita-bilja\/programi-zastite\/1018\/Jabuka\">JABUKA, KRU\u0160KA<\/a><\/td>\n<td>0,2<\/td>\n<td>Primena preparata pre cvetanja (faza 51-59 BBCH skale), do kraja cvetanja \u2013 zrenja (faza 69-85 BBCH skale)<\/td>\n<\/tr>\n<tr class=\"bg-sec-7\">\n<td class=\"bg-7\"><a href=\"https:\/\/www.agromarketsrbija.rs\/srb\/zastita-bilja\/programi-zastite\/1022\/Breskva-i-nektarina\">BRESKVA, NEKTARINA<\/a><\/td>\n<td>0,2 \u2013 0,4<\/td>\n<td>Primena preparata pre cvetanja (faza 51-59 BBCH skale), do kraja cvetanja \u2013 zrenja (faza 69-85 BBCH skale)<\/td>\n<\/tr>\n<tr class=\"bg-sec-7\">\n<td class=\"bg-7\"><a href=\"https:\/\/www.agromarketsrbija.rs\/srb\/zastita-bilja\/programi-zastite\/1024\/Visnja-Tresnja\">VI\u0160NJA, TRE\u0160NJA<\/a><\/td>\n<td>0,2 \u2013 0,4<\/td>\n<td>Primena preparata pre cvetanja (faza 51-59 BBCH skale), do kraja cvetanja \u2013 zrenja (faza 69-85 BBCH skale)<\/td>\n<\/tr>\n<tr class=\"bg-sec-7\">\n<td class=\"bg-7\"><a href=\"https:\/\/www.agromarketsrbija.rs\/srb\/zastita-bilja\/programi-zastite\/1010\/Paradajz-i-plavi-patlidzan\">PARADAJZ, PLAVI PATLID\u017dAN (na otvorenom i u za\u0161ti\u0107enom prostoru<\/a><\/td>\n<td>0,2-0,4<\/td>\n<td>Primena preparata pre cvetanja (faza 51-59 BBCH skale), do kraja cvetanja \u2013 zrenja (faza 69-85 BBCH skale)<\/td>\n<\/tr>\n<tr class=\"bg-sec-7\">\n<td class=\"bg-7\"><a href=\"https:\/\/www.agromarketsrbija.rs\/srb\/zastita-bilja\/programi-zastite\/1012\/Paprika\">PAPRIKA<\/a><\/td>\n<td>0,2-0,4<\/td>\n<td>Primena preparata pre cvetanja (faza 51-59 BBCH skale), do kraja cvetanja \u2013 zrenja (faza 69-85 BBCH skale)<\/td>\n<\/tr>\n<tr class=\"bg-sec-7\">\n<td class=\"bg-7\"><a href=\"https:\/\/www.agromarketsrbija.rs\/srb\/zastita-bilja\/programi-zastite\/1013\/Kupusasto-povrce\">ZELENA SALATA, SPANA\u0106 (na otvorenom)<\/a><\/td>\n<td>0,2-0,4<\/td>\n<td>Primena preparata pre cvetanja (faza 51-59 BBCH skale), do kraja cvetanja \u2013 zrenja (faza 69-85 BBCH skale)<\/td>\n<\/tr>\n<tr class=\"bg-sec-7\">\n<td class=\"bg-7\"><a href=\"https:\/\/www.agromarketsrbija.rs\/srb\/zastita-bilja\/programi-zastite\/1011\/Krastavac-Lubenica-Dinja-Tikva\">SALATNI KRASTAVAC, KRASTAVAC ZA PRERADU, TIKVICA TIKVA, DINJA, LUBENICA (na otvorenom i u za\u0161ti\u0107enom prostoru)<\/a><\/td>\n<td>0,2-0,4<\/td>\n<td>Primena preparata pre cvetanja (faza 51-59 BBCH skale), do kraja cvetanja \u2013 zrenja (faza 69-85 BBCH skale)<\/td>\n<\/tr>\n<tr class=\"bg-sec-7\">\n<td class=\"bg-7\"><a href=\"https:\/\/www.agromarketsrbija.rs\/srb\/zastita-bilja\/programi-zastite\/1009\/Krompir\">KROMPIR<\/a><\/td>\n<td>0,2-0,4<\/td>\n<td>Primena preparata pre cvetanja (faza 51-59 BBCH skale), do kraja cvetanja \u2013 zrenja (faza 69-85 BBCH skale)<\/td>\n<\/tr>\n<tr class=\"bg-sec-7\">\n<td class=\"bg-7\"><a href=\"https:\/\/www.agromarketsrbija.rs\/srb\/zastita-bilja\/programi-zastite\/1012\/Paprika\">\u010cILI PAPRI\u010cICE (na otvorenom i u za\u0161ti\u0107enom prostoru)<\/a><\/td>\n<td>0,2-0,4<\/td>\n<td>Primena preparata pre cvetanja (faza 51-59 BBCH skale), do kraja cvetanja \u2013 zrenja (faza 69-85 BBCH skale)<\/td>\n<\/tr>\n<tr class=\"bg-sec-7\">\n<td class=\"bg-7\"><a href=\"https:\/\/www.agromarketsrbija.rs\/srb\/zastita-bilja\/programi-zastite\/1030\/Dunja\">DUNJA, MU\u0160MULA<\/a><\/td>\n<td>0,2<\/td>\n<td>Primena preparata pre cvetanja (faza 51-59 BBCH skale), do kraja cvetanja \u2013 zrenja (faza 69-85 BBCH skale)<\/td>\n<\/tr>\n<\/tbody>\n<\/table>\n<\/div>\n<div class=\"product-info\">\n<p><strong>DELOVANJE:\u00a0<\/strong><\/p>\n<p>aktivna materija pripada grupi <em>Sulfoksamina<\/em>. Na insekte deluje kontaktno prilikom aplikacije insekticida ili neposredno nakon aplikacije, tako \u0161to \u0161tetni insekt dolazi u neposredan kontakt sa depozitom insekticida na tretiranim biljkama. Digestivno delovanje nastaje tako \u0161to, zahvaljuju\u0107i sistemi\u010dnosti insekticida, \u0161tetni insekt uzima insekticid sisanjem ili grickanjem. Nakon ulaska u telo insekta ili kontakta sa insekticidom, insekticid deluje na nikotinske receptore acetilholina. Simptomi se javljaju za nekoliko sati, a smrtnost se javlja ubrzo nakon toga.<\/p>\n<p><strong>SPEKTAR DELOVANJA:\u00a0<\/strong><\/p>\n<p>Zelena jabukina va\u0161 (<em>Aphis pomi<\/em>), bra\u0161njava jabukina va\u0161 (<em>Dysaphis plantaginea<\/em>), pamukova lisna va\u0161 (<em>Aphis gossypii<\/em>), zelena va\u0161 spiree (<em>Aphis spiraecola<\/em>), crna repina va\u0161 (<em>Aphis fabae<\/em>) krvava va\u0161 (<em>Eriosoma lanigerum<\/em>), zelena breskvina va\u0161 (<em>Myzus persicae<\/em>), crna tre\u0161njina va\u0161 (<em>Myzus cerasi<\/em>), kalifornijska \u0161titasta va\u0161 (<em>Quadraspidiotus perniciosus<\/em>) u zasadu jabuke i kru\u0161ke; <em>Eriosoma lanigerum<\/em>, <em>Myzus persicae<\/em>, <em>Myzus cerasi<\/em>, bra\u0161njava va\u0161 \u0161ljive (<em>Hyalopterus pruni<\/em>), \u0161ljivina lisna va\u0161 (<em>Brachycaudus helichrysi<\/em>), <em>Aphis spiraecola<\/em>, <em>Quadraspidiotus perniciosus<\/em>, dudova \u0161titasta va\u0161 (<em>Pseudalacaspis pentagona<\/em>) u zasadu breskve, nektarine, tre\u0161nje, vi\u0161nje; <em>Myzus<\/em> <em>persicae<\/em>, <em>Aphis gossypii<\/em>, lisna va\u0161 krompira (<em>Macrosiphum euphorbiae<\/em>), bela leptirasta va\u0161 (<em>Trialeurodes vaporariorum<\/em>), leptirasta va\u0161 duvana (<em>Bemisia tabaci<\/em>) u usevima paradajza, paprike i plavog patlid\u017eana (na otvorenom i u za\u0161ti\u0107enom prostoru); <em>Myzus persicae,<\/em> <em>Macrosiphum euphorbiae<\/em>, lisna va\u0161 (<em>Aphis nasturtii<\/em>), stakleni\u0109ka krompirova va\u0161 (<em>Aulacorthum solani<\/em>), <em>Aphis fabae<\/em>, <em>Aphis gossypii<\/em> u usevu krompira; lisna va\u0161 salate (<em>Nasonovia ribisnigri<\/em>), <em>Myzus persicae <\/em>u usevu salate i spana\u0107a na otvorenom; <em>Myzus persicae<\/em>. <em>Aphis gossypii<\/em>, <em>Aphis fabae<\/em>, <em>Aphis nasturtii<\/em>, <em>Trialeurodes vaporariorum<\/em>, <em>Bemisia tabaci <\/em>u usevu salatnog krastavca, krastavca za preradu, tikvica, tikva, dinja i lubenica (na otvorenom i u za\u0161ti\u0107enom prostoru).<\/p>\n<p><strong>PREPORUKE I NAPOMENE<\/strong><\/p>\n<p>brzo po\u010detno delovanje \u201cknockdown\u201d efekat i rezidualna aktivnost. Minimalan uticaj na korisne organizme, brza degradacija u zemlji\u0161tu. Idealan za programe integralne za\u0161tite bilja.<\/p>\n<\/div>","protected":false},"excerpt":{"rendered":"<p class=\"detail\"><strong>Klasa:<\/strong> <span class=\"klasa\">Insekticid<\/span><\/p>\n<p class=\"detail\"><strong>Aktivna materija:<\/strong> <span class=\"aktivna-materija\">Sulfoksaflor 120 g\/l<\/span><\/p>\n<p class=\"detail\"><strong>Formulacija:<\/strong> <span class=\"formulacija\">SC \u2013 koncentrovana suspenzija<\/span><\/p>\n<p class=\"detail\"><strong>Pakovanje:<\/strong> <span class=\"pakovanje\">40 ml, 200 ml, 1 l<\/span><\/p>\n<p class=\"detail\"><strong>Proizvo\u0111a\u010d:<\/strong> <span class=\"proizvo\u0111a\u010d\">Corteva Agriscience<\/span><\/p>\n<p class=\"detail\"><strong>Karenca:<\/strong> <span class=\"karenca\">1 dan &#8211; paradajz, paprika, plavi patlid\u017ean, \u010dili papri\u010dice, krastavac, korni\u0161oni, tikvica, tikva, lubenica, dinja 7 dana &#8211; jabuka, kru\u0161ka, dunja, mu\u0161mula, breskva, tre\u0161nja, vi\u0161nja, zelena salata, spana\u0107, kupus, brokoli, karfiol, kelj, kineski kupus, crveni kupus RADNA KARENCA: 1 dan<\/span><\/p>\n<p class=\"detail\"><strong>MBT:<\/strong> <span class=\"mbt\">2<\/span><\/p>","protected":false},"featured_media":8607,"template":"","meta":[],"product_brand":[534],"product_cat":[480],"product_tag":[729],"class_list":{"0":"post-7852","1":"product","2":"type-product","3":"status-publish","4":"has-post-thumbnail","6":"product_brand-corteva","7":"product_cat-insekticidi-2","8":"product_tag-sulfoksaflor-120-g-l","10":"first","11":"instock","12":"featured","13":"purchasable","14":"product-type-simple"},"_links":{"self":[{"href":"https:\/\/agrarpetrovic.rs\/en\/wp-json\/wp\/v2\/product\/7852","targetHints":{"allow":["GET"]}}],"collection":[{"href":"https:\/\/agrarpetrovic.rs\/en\/wp-json\/wp\/v2\/product"}],"about":[{"href":"https:\/\/agrarpetrovic.rs\/en\/wp-json\/wp\/v2\/types\/product"}],"wp:featuredmedia":[{"embeddable":true,"href":"https:\/\/agrarpetrovic.rs\/en\/wp-json\/wp\/v2\/media\/8607"}],"wp:attachment":[{"href":"https:\/\/agrarpetrovic.rs\/en\/wp-json\/wp\/v2\/media?parent=7852"}],"wp:term":[{"taxonomy":"product_brand","embeddable":true,"href":"https:\/\/agrarpetrovic.rs\/en\/wp-json\/wp\/v2\/product_brand?post=7852"},{"taxonomy":"product_cat","embeddable":true,"href":"https:\/\/agrarpetrovic.rs\/en\/wp-json\/wp\/v2\/product_cat?post=7852"},{"taxonomy":"product_tag","embeddable":true,"href":"https:\/\/agrarpetrovic.rs\/en\/wp-json\/wp\/v2\/product_tag?post=7852"}],"curies":[{"name":"wp","href":"https:\/\/api.w.org\/{rel}","templated":true}]}}