{"id":7854,"date":"2025-09-20T00:10:41","date_gmt":"2025-09-19T22:10:41","guid":{"rendered":"https:\/\/agrarpetrovic.rs\/proizvod\/coragen-20-sc-30-ml-insekticid\/"},"modified":"2025-10-27T10:49:40","modified_gmt":"2025-10-27T09:49:40","slug":"coragen-20-sc-30-ml-insekticid","status":"publish","type":"product","link":"https:\/\/agrarpetrovic.rs\/en\/proizvod\/coragen-20-sc-30-ml-insekticid\/","title":{"rendered":"Coragen 20 SC 30 ml &#8211; insekticid"},"content":{"rendered":"<div class=\"product-harvest\">\n<p class=\"detail\"><strong>Primena:<\/strong><\/p>\n<table>\n<thead>\n<tr class=\"bg-7\">\n<th>USEV \/ ZASAD<\/th>\n<th>KOLI\u010cINA PRIMENE<\/th>\n<th>VREME PRIMENE<\/th>\n<\/tr>\n<\/thead>\n<tbody>\n<tr class=\"bg-sec-7\">\n<td class=\"bg-7\"><a href=\"https:\/\/www.agromarketsrbija.rs\/srb\/zastita-bilja\/programi-zastite\/1018\/Jabuka\">JABUKA<\/a><\/td>\n<td>0,016 &#8211; 0,02 % (1,6 &#8211; 2,0 ml u 10 l vode )<\/td>\n<td>Za vreme polaganja jaja, pre piljenja larvi i ubu\u0161ivanja u plodove<\/td>\n<\/tr>\n<tr class=\"bg-sec-7\">\n<td class=\"bg-7\"><a href=\"https:\/\/www.agromarketsrbija.rs\/srb\/zastita-bilja\/programi-zastite\/1022\/Breskva-i-nektarina\">BRESKVA<\/a><\/td>\n<td>0,016 &#8211; 0,02 %<\/td>\n<td>Za vreme polaganja jaja, pre piljenja larvi i ubu\u0161ivanja u plodove<\/td>\n<\/tr>\n<tr class=\"bg-sec-7\">\n<td class=\"bg-7\"><a href=\"https:\/\/www.agromarketsrbija.rs\/srb\/zastita-bilja\/programi-zastite\/1020\/Vinova-loza\">VINOVA LOZA <\/a><\/td>\n<td>0,015 &#8211; 0,018 (1,5 &#8211; 1,8 ml u 10 l vode)<\/td>\n<td>Za vreme polaganja jaja, pre piljenja larvi i ubu\u0161ivanja u plodove<\/td>\n<\/tr>\n<tr class=\"bg-sec-7\">\n<td class=\"bg-7\"><a href=\"https:\/\/www.agromarketsrbija.rs\/srb\/zastita-bilja\/programi-zastite\/1001\/Kukuruz\">KUKURUZ (SEMENSKI I \u0160E\u0106ERAC)<\/a><\/td>\n<td>0,1 &#8211; 0,15<\/td>\n<td>Za vreme polaganja jaja, pre piljenja i na po\u010detku piljenja gusenica<\/td>\n<\/tr>\n<tr class=\"bg-sec-7\">\n<td class=\"bg-7\"><a href=\"https:\/\/www.agromarketsrbija.rs\/srb\/zastita-bilja\/programi-zastite\/1010\/Paradajz-i-plavi-patlidzan\">PARADAJZ <\/a><\/td>\n<td>0,14 -0,175 &#8211; 0,2 (1,4 &#8211; 1,75 &#8211; 2 ml\/100 m\u00b2)<\/td>\n<td>U periodu piljenja iz jaja odnosno prilikom masovnog leta u intervalima 7-10-14 dana<\/td>\n<\/tr>\n<tr class=\"bg-sec-7\">\n<td class=\"bg-7\"><a href=\"https:\/\/www.agromarketsrbija.rs\/srb\/zastita-bilja\/programi-zastite\/1013\/Kupusasto-povrce\">KUPUS <\/a><\/td>\n<td>0,14 &#8211; 0,20<\/td>\n<td>Za vreme polaganja jaja, a pre piljenja gusenica<\/td>\n<\/tr>\n<tr class=\"bg-sec-7\">\n<td class=\"bg-7\"><a href=\"https:\/\/www.agromarketsrbija.rs\/srb\/zastita-bilja\/programi-zastite\/1009\/Krompir\">KROMPIR <\/a><\/td>\n<td>0,05-0,06<\/td>\n<td>Na po\u010detku piljenja larvi do pojave prvih larvi L3<\/td>\n<\/tr>\n<\/tbody>\n<\/table>\n<\/div>\n<div class=\"product-info\">\n<p><strong>DELOVANJE:<\/strong><\/p>\n<p>insekticid sa kontaktnim i digestivnim delovanjem. Ima ovicidno i larvicidno delovanje na sve stadijume larvi, kao i nekih adulta, posebno kod krompirove zlatice. Paraliza nastupa nakon nekoliko sati, a za potpunu kontrolu je potrebno da pro\u0111e 2 &#8211; 4 dana. Prouzrokuje aktivaciju receptora rianodina kod insekata, \u010dime se stimuli\u0161e otpu\u0161tanje kalcijuma iz unutra\u0161njih depoa glatkih i popre\u010dno prugastih mi\u0161i\u0107a, izazivaju\u0107i slabljenje mi\u0161i\u0107ne kontrole, paralizu i na kraju, smrt insekta.<\/p>\n<p><strong>SPEKTAR DELOVANJA:<\/strong><\/p>\n<p>Jabukin smotavac (<em>Cydia pomonella<\/em>), miner okruglih mina (<em>Leucoptera scitella<\/em>), miner mramornih mina (<em>Phyllonorychter blancardella<\/em>), pepeljasti grozdov moljac (<em>Lobesia botrana<\/em>), breskvin smotavac (<em>Cydia molesta<\/em>), krompirova zlatica (<em>Leptinotarsa decemlineata<\/em>), veliki kupusar (<em>Pieris brassicae<\/em>), mali kupusar (<em>Pieris rapae<\/em>), kupusov moljac (<em>Plutella xylostella<\/em>), kukuruzni plamenac(<em>Ostrinia nubilalis<\/em>), pamukova sovica (<em>Helicoverpa armigera<\/em>),\u00a0pamukova sovica (Helicoverpa armigera), moljac paradajza (Tuta absoluta).<\/p>\n<p><strong>PREPORUKE I NAPOMENE:<\/strong><\/p>\n<p>Preparat nije \u0161tetan za sisare, ptice, p\u010dele i ki\u0161ne gliste te predstavlja novi standard u kontroli insekata. Zbog novog mehanizma delovanja odli\u010dno suzbija populacije insekata kod kojih je registrovana sni\u017eena osetljivost u odnosu na insekticide iz drugih grupa. Da bi se obezbedio ovicidni (delovanje na jaja) efekat, neophodno je da jaja budu polo\u017eena na ve\u0107 tretiranu povr\u0161inu. Poseduje odli\u010dnu otpornost na spiranje ki\u0161om. Mo\u017ee se me\u0161ati sa drugim preparatima. U vo\u0107arstvu primeniti ga u 600 do 1000 l\/ha, a u ratarstvu i povrtarstvu u 200-400 l\/ha te\u010dnosti.<\/p>\n<\/div>","protected":false},"excerpt":{"rendered":"<p class=\"detail\"><strong>Klasa:<\/strong> <span class=\"klasa\">Insekticid<\/span><\/p>\n<p class=\"detail\"><strong>Aktivna materija:<\/strong> <span class=\"aktivna-materija\">Hlorantraniliprol 200 g\/l<\/span><\/p>\n<p class=\"detail\"><strong>Formulacija:<\/strong> <span class=\"formulacija\">SC &#8211; koncentrovana suspenzija<\/span><\/p>\n<p class=\"detail\"><strong>Pakovanje:<\/strong> <span class=\"pakovanje\">30 ml, 100 ml, 1 l<\/span><\/p>\n<p class=\"detail\"><strong>Proizvo\u0111a\u010d:<\/strong> <span class=\"proizvo\u0111a\u010d\">FMC<\/span><\/p>\n<p class=\"detail\"><strong>Karenca:<\/strong> <span class=\"karenca\">1 dan &#8211; paradajz; 7 dana &#8211; kupus; 14 &#8211; dana jabu\u010dasto vo\u0107e, breskva; 28 dana &#8211; vinova loza<\/span><\/p>\n<p class=\"detail\"><strong>MBT:<\/strong> <span class=\"mbt\">2<\/span><\/p>","protected":false},"featured_media":8609,"template":"","meta":[],"product_brand":[529],"product_cat":[480],"product_tag":[845],"class_list":{"0":"post-7854","1":"product","2":"type-product","3":"status-publish","4":"has-post-thumbnail","6":"product_brand-agromarket","7":"product_cat-insekticidi-2","8":"product_tag-hlorantraniliprol-200-g-l","10":"first","11":"instock","12":"featured","13":"purchasable","14":"product-type-simple"},"_links":{"self":[{"href":"https:\/\/agrarpetrovic.rs\/en\/wp-json\/wp\/v2\/product\/7854","targetHints":{"allow":["GET"]}}],"collection":[{"href":"https:\/\/agrarpetrovic.rs\/en\/wp-json\/wp\/v2\/product"}],"about":[{"href":"https:\/\/agrarpetrovic.rs\/en\/wp-json\/wp\/v2\/types\/product"}],"wp:featuredmedia":[{"embeddable":true,"href":"https:\/\/agrarpetrovic.rs\/en\/wp-json\/wp\/v2\/media\/8609"}],"wp:attachment":[{"href":"https:\/\/agrarpetrovic.rs\/en\/wp-json\/wp\/v2\/media?parent=7854"}],"wp:term":[{"taxonomy":"product_brand","embeddable":true,"href":"https:\/\/agrarpetrovic.rs\/en\/wp-json\/wp\/v2\/product_brand?post=7854"},{"taxonomy":"product_cat","embeddable":true,"href":"https:\/\/agrarpetrovic.rs\/en\/wp-json\/wp\/v2\/product_cat?post=7854"},{"taxonomy":"product_tag","embeddable":true,"href":"https:\/\/agrarpetrovic.rs\/en\/wp-json\/wp\/v2\/product_tag?post=7854"}],"curies":[{"name":"wp","href":"https:\/\/api.w.org\/{rel}","templated":true}]}}