{"id":7855,"date":"2025-09-20T00:10:41","date_gmt":"2025-09-19T22:10:41","guid":{"rendered":"https:\/\/agrarpetrovic.rs\/proizvod\/cormax-20-g-fungicid\/"},"modified":"2025-10-23T11:55:49","modified_gmt":"2025-10-23T09:55:49","slug":"cormax-20-g-fungicid","status":"publish","type":"product","link":"https:\/\/agrarpetrovic.rs\/en\/proizvod\/cormax-20-g-fungicid\/","title":{"rendered":"Cormax 20 g &#8211; fungicid"},"content":{"rendered":"<div class=\"span9\">\n<div class=\"product-harvest\">\n<p class=\"detail\"><strong>Primena:<\/strong><\/p>\n<table>\n<thead>\n<tr class=\"bg-5\">\n<th>USEV \/ ZASAD<\/th>\n<th>KOLI\u010cINA PRIMENE<\/th>\n<th>VREME PRIMENE<\/th>\n<\/tr>\n<\/thead>\n<tbody>\n<tr class=\"bg-sec-5\">\n<td class=\"bg-5\"><a href=\"https:\/\/www.agromarketsrbija.rs\/srb\/zastita-bilja\/programi-zastite\/1024\/Visnja-Tresnja\">VI\u0160NJA, TRE\u0160NJA<\/a><\/td>\n<td>0,2 (2 g na 100 m\u00b2)<\/td>\n<td>Preventivno, pre ostvarenja uslova za zarazu, od pojave cvetnog balona (bele koke) do zavr\u0161etka cvetanja (59-69 BBCH skale)<\/td>\n<\/tr>\n<tr class=\"bg-sec-5\">\n<td class=\"bg-5\"><a href=\"https:\/\/www.agromarketsrbija.rs\/srb\/zastita-bilja\/programi-zastite\/1018\/Jabuka\">JABUKA<\/a><\/td>\n<td>0,2 &#8211; 0,3<\/td>\n<td>Tretiranja se izvode od fenofaze \u201cmi\u0161je u\u0161i\u201d do zavr\u0161etka cvetanja (faze 10 -51\/69 BBCH skale)<\/td>\n<\/tr>\n<\/tbody>\n<\/table>\n<\/div>\n<div class=\"product-info\">\n<p><strong>DELOVANJE:<\/strong><\/p>\n<p>sistemi\u010dni fungicid, pripada grupi <em>Anilinopirimidina <\/em>sa preventivnim i kurativnim delovanjem. Nakon folijarne primene apsorbuje se i transportuje kroz tkiva, akropetalno sistemom sprovodnih sudova ksilema. Spre\u010dava penetraciju i rast micelije gljiva u i na povr\u0161ini lista. Inhibira biosintezu aminokiseline metionina i lu\u010denje hidroliti\u010dkih enzima gljive. Ako se primeni do 48 sati nakon po\u010detka zaraze deluje kurativno (zaustavlja dalje \u0161irenje infekcije u biljci), te je efikasnije ako se primeni preventivno.<\/p>\n<p><strong>SPEKTAR DELOVANJA:<\/strong><\/p>\n<p>Prouzrokova\u010d su\u0161enja cvetova, gran\u010dica i mrke trule\u017ei plodova ko\u0161ti\u010davih vo\u0107nih vrsta (<em>Monilinia laxa<\/em>), prouzrokova\u010d \u010da\u0111ave krastavosti plodova i lisne pegavosti jabuke (<em>Venturia inaequalis<\/em>).<\/p>\n<p><strong>PREPORUKE I NAPOMENE<\/strong><\/p>\n<p><strong>najbolje sistemi<\/strong><strong>\u010d<\/strong><strong>no delovanje i brzo kretanje kroz biljku u svojoj hemijskoj grupi <\/strong><em>Anilinopirimidina<\/em>. Vrlo efikasan na gljive koje izazivaju trule\u017e cvetova i plodova, kao i krastavost plodova. Preparat <strong>Cormax <\/strong>je visoku efikasnost u za\u0161titi jabuke dao u kombinaciji sa preparatom <strong>Fiesta <\/strong>(0,75 kg\/ha). Ima odli\u010dno delovanje i na ni\u017eim temperaturama (+5\u00b0C). Odli\u010dna otpornost na spiranje padavinama te dva sata po tretiranju depozit pesticida se ne mo\u017ee sprati. Preparat nije fitotoksi\u010dan ako se primenjuje prema uputstvu. Ne sme se me\u0161ati sa insekticidima izrazito kisele reakcije. Prakti\u010dno neotrovan za p\u010dele.<\/p>\n<p>Tretiranje iz vazduhoplova nije dozvoljeno.<\/p>\n<p>Preporu\u010deni utro\u0161ak vode 600-1000 l\/ha (6 &#8211; 10 l na 100 m<sup>2<\/sup>).<\/p>\n<\/div>\n<\/div>","protected":false},"excerpt":{"rendered":"<p class=\"detail\"><strong>Klasa:<\/strong> <span class=\"klasa\">Fungicidi<\/span><\/p>\n<p class=\"detail\"><strong>Aktivna materija:<\/strong> <span class=\"aktivna-materija\">Ciprodinil 750 g\/kg<\/span><\/p>\n<p class=\"detail\"><strong>Formulacija:<\/strong> <span class=\"formulacija\">WG &#8211; vodorastvorljive granule<\/span><\/p>\n<p class=\"detail\"><strong>Karenca:<\/strong> <span class=\"karenca\">14 dana &#8211; vi\u0161nja, tre\u0161nja; 28 dana &#8211; jabuka<\/span><\/p>\n<p class=\"detail\"><strong>Radna karenca:<\/strong> <span class=\"radna-karenca\">1 dan<\/span><\/p>\n<p class=\"detail\"><strong>MBT:<\/strong> <span class=\"mbt\">2<\/span><\/p>","protected":false},"featured_media":8610,"template":"","meta":[],"product_brand":[529],"product_cat":[415],"product_tag":[575],"class_list":{"0":"post-7855","1":"product","2":"type-product","3":"status-publish","4":"has-post-thumbnail","6":"product_brand-agromarket","7":"product_cat-fungicidi-2","8":"product_tag-ciprodinil-750-g-kg","10":"first","11":"outofstock","12":"purchasable","13":"product-type-simple"},"_links":{"self":[{"href":"https:\/\/agrarpetrovic.rs\/en\/wp-json\/wp\/v2\/product\/7855","targetHints":{"allow":["GET"]}}],"collection":[{"href":"https:\/\/agrarpetrovic.rs\/en\/wp-json\/wp\/v2\/product"}],"about":[{"href":"https:\/\/agrarpetrovic.rs\/en\/wp-json\/wp\/v2\/types\/product"}],"wp:featuredmedia":[{"embeddable":true,"href":"https:\/\/agrarpetrovic.rs\/en\/wp-json\/wp\/v2\/media\/8610"}],"wp:attachment":[{"href":"https:\/\/agrarpetrovic.rs\/en\/wp-json\/wp\/v2\/media?parent=7855"}],"wp:term":[{"taxonomy":"product_brand","embeddable":true,"href":"https:\/\/agrarpetrovic.rs\/en\/wp-json\/wp\/v2\/product_brand?post=7855"},{"taxonomy":"product_cat","embeddable":true,"href":"https:\/\/agrarpetrovic.rs\/en\/wp-json\/wp\/v2\/product_cat?post=7855"},{"taxonomy":"product_tag","embeddable":true,"href":"https:\/\/agrarpetrovic.rs\/en\/wp-json\/wp\/v2\/product_tag?post=7855"}],"curies":[{"name":"wp","href":"https:\/\/api.w.org\/{rel}","templated":true}]}}