{"id":7859,"date":"2025-09-20T00:10:41","date_gmt":"2025-09-19T22:10:41","guid":{"rendered":"https:\/\/agrarpetrovic.rs\/proizvod\/cuprablau-z-35-wp-1-kg-fungicid\/"},"modified":"2025-10-23T11:55:50","modified_gmt":"2025-10-23T09:55:50","slug":"cuprablau-z-35-wp-1-kg-fungicid","status":"publish","type":"product","link":"https:\/\/agrarpetrovic.rs\/en\/proizvod\/cuprablau-z-35-wp-1-kg-fungicid\/","title":{"rendered":"Cuprablau Z 35 WP 1 kg &#8211; fungicid"},"content":{"rendered":"<div class=\"product-harvest\">\n<p class=\"detail\"><strong>Primena:<\/strong><\/p>\n<table>\n<thead>\n<tr class=\"bg-5\">\n<th>USEV \/ ZASAD<\/th>\n<th>KOLI\u010cINA PRIMENE<\/th>\n<th>VREME PRIMENE<\/th>\n<\/tr>\n<\/thead>\n<tbody>\n<tr class=\"bg-sec-5\">\n<td class=\"bg-5\"><a href=\"https:\/\/www.agromarketsrbija.rs\/srb\/zastita-bilja\/programi-zastite\/1020\/Vinova-loza\">VINOVA LOZA<\/a><\/td>\n<td>3,0<\/td>\n<td>Primena od po\u010detka razvoja ploda (od faze 70 BBCH skale). Protiv prouzrokova\u010da crne pegavosti primena je u fenofazi razvoja lisne mase (faze 8-13 BBCH skale)<\/td>\n<\/tr>\n<tr class=\"bg-sec-5\">\n<td class=\"bg-5\"><a href=\"https:\/\/www.agromarketsrbija.rs\/srb\/zastita-bilja\/programi-zastite\/1018\/Jabuka\">JABU\u010cASTO VO\u0106E<\/a><\/td>\n<td>3,0<\/td>\n<td>U fazama od mi\u0161jih u\u0161iju do po\u010detka cvetanja (faza 54-59 BBCH skale), kao i za jesenje tretiranje, kada se zavr\u0161ava rast mladara (faza 91 BBCH skale)<\/td>\n<\/tr>\n<tr class=\"bg-sec-5\">\n<td class=\"bg-5\"><a href=\"https:\/\/www.agromarketsrbija.rs\/srb\/zastita-bilja\/programi-zastite\/1022\/Breskva-i-nektarina\">BRESKVA I NEKTARINA<\/a><\/td>\n<td>3,0<\/td>\n<td>Zimsko i prole\u0107no tretiranje do po\u010detka cvetanja (do faze 54-59 BBCH skale)<\/td>\n<\/tr>\n<tr class=\"bg-sec-5\">\n<td class=\"bg-5\"><a href=\"https:\/\/www.agromarketsrbija.rs\/srb\/zastita-bilja\/programi-zastite\/1009\/Krompir\">KROMPIR<\/a><\/td>\n<td>3,0<\/td>\n<td>Od faze kada se 70% biljaka dodiruju izme\u0111u redova (od faze 37 BBCH skale)<\/td>\n<\/tr>\n<tr class=\"bg-sec-5\">\n<td class=\"bg-5\"><a href=\"https:\/\/www.agromarketsrbija.rs\/srb\/zastita-bilja\/programi-zastite\/1010\/Paradajz-i-plavi-patlidzan\">PARADAJZ<\/a><\/td>\n<td>3,0<\/td>\n<td>Tokom vegetacije od po\u010detka pojave zaraze<\/td>\n<\/tr>\n<tr class=\"bg-sec-5\">\n<td class=\"bg-5\"><a href=\"https:\/\/www.agromarketsrbija.rs\/srb\/zastita-bilja\/programi-zastite\/1002\/STRNA-ZITA\">HMELJ<\/a><\/td>\n<td>5,5<\/td>\n<td>Od po\u010detka cvetanja (faze 61 BBCH skale)<\/td>\n<\/tr>\n<tr class=\"bg-sec-5\">\n<td class=\"bg-5\"><a href=\"https:\/\/www.agromarketsrbija.rs\/srb\/zastita-bilja\/programi-zastite\/1030\/Dunja\">DUNJA<\/a><\/td>\n<td>2,5 + 0,85 + 0,57<\/td>\n<td>Do faze mi\u0161je u\u0161i (faze 00-54 BBCH skale). Od pojave cvetnih pupoljaka do zavr\u0161etka cvetanja (faze 55-69 BBCH skale). Od perioda kada su plodovi ve\u0107i od 10 mm do daljeg zrenja (faze 71-85 BBCH skale)<\/td>\n<\/tr>\n<tr class=\"bg-sec-5\">\n<td class=\"bg-5\"><a href=\"https:\/\/www.agromarketsrbija.rs\/srb\/zastita-bilja\/programi-zastite\/1022\/Breskva-i-nektarina\">KO\u0160TI\u010cAVO VO\u0106E<\/a><\/td>\n<td>2,0<\/td>\n<td>Jesenje-zimsko tretiranje do cvetanja<\/td>\n<\/tr>\n<tr class=\"bg-sec-5\">\n<td class=\"bg-5\"><a href=\"https:\/\/www.agromarketsrbija.rs\/srb\/zastita-bilja\/programi-zastite\/1016\/Mahunasto-povrce\">GRA\u0160AK I PASULJ (sve\u017e, sa ili bez mahuna)<\/a><\/td>\n<td>1,5<\/td>\n<td>U skladu sa prognozom PIS<\/td>\n<\/tr>\n<tr class=\"bg-sec-5\">\n<td class=\"bg-5\"><a href=\"https:\/\/www.agromarketsrbija.rs\/srb\/zastita-bilja\/programi-zastite\/1011\/Krastavac-Lubenica-Dinja-Tikva\">PORODICA TIKAVA SA JESTIVOM KOROM (krastavci, krastav\u010di\u0107i za zimnicu, tikvice)<\/a><\/td>\n<td>1,5<\/td>\n<td>Prema preporuci PIS<\/td>\n<\/tr>\n<tr class=\"bg-sec-5\">\n<td class=\"bg-5\"><a href=\"https:\/\/www.agromarketsrbija.rs\/srb\/zastita-bilja\/programi-zastite\/1029\/Borovnica-i-aronija\">AMERI\u010cKA BOROVNICA<\/a><\/td>\n<td>2,0 \u2013 3,0<\/td>\n<td>Posle berbe, tj. kada je zavr\u0161en rast izdanaka, kada su terminalni pupoljci zreli, a listovi jo\u0161 uvek zeleni i u prole\u0107e naredne godine pre cvetanja do faze kada su prvi cvetovi vidljivi, ali jo\u0161 uvek zatvoreni (faze 91-95 BBCH skale)<\/td>\n<\/tr>\n<tr class=\"bg-sec-5\">\n<td class=\"bg-5\"><a href=\"https:\/\/www.agromarketsrbija.rs\/srb\/zastita-bilja\/programi-zastite\/1033\/Orah\">ORAH I LESKA<\/a><\/td>\n<td>2,0<\/td>\n<td>U prole\u0107e, posle zimskog orezivanja, u vreme pupljenja (pre cvetanja) i u jesen, posle sakupljanja proizvoda i opadanja li\u0161\u0107a<\/td>\n<\/tr>\n<tr class=\"bg-sec-5\">\n<td class=\"bg-5\"><a href=\"https:\/\/www.agromarketsrbija.rs\/srb\/zastita-bilja\/programi-zastite\/1027\/Jagoda\">JAGODA<\/a><\/td>\n<td>1,5<\/td>\n<td>U skladu da prognozom PIS<\/td>\n<\/tr>\n<\/tbody>\n<\/table>\n<\/div>\n<div class=\"product-info\">\n<p><strong>DELOVANJE:\u00a0<\/strong><\/p>\n<p>aktivne materije na bazi bakra deluju tako \u0161to remete enzimski sistem patogena.<\/p>\n<p><strong>SPEKTAR DELOVANJA:\u00a0<\/strong><\/p>\n<p>Prouzrokova\u010d plamenja\u010de vinove loze (<em>Plasmopara viticola<\/em>), prouzrokova\u010d crvenila li\u0161\u0107a (<em>Pseudopeziza tracheiphila<\/em>), prouzrokova\u010d crne pegavosti vinove loze (<em>Phomopsis viticola<\/em>), i prouzrokova\u010da crne trule\u017ei gro\u017e\u0111a (<em>Guinardia bidwellii<\/em>) u zasadu vinove loze, prouzrokova\u010da \u010da\u0111ave pegavosti lista i krastavosti ploda jabu\u010dastog vo\u0107a (<em>Venturia spp<\/em>.), kovrd\u017eavosti lista breskve (<em>Taphrina<\/em> <em>deformans<\/em>) u zasadu breskve i nektarine, prouzrokova\u010da plamenja\u010de (<em>Phytophthora infestans<\/em>) i prouzrokova\u010da crne pegavosti (<em>Alternaria solani<\/em>) u usevima krompira i paradajza, prouzrokova\u010da plamenja\u010de (<em>Pseudoperonospora humuli<\/em>) u zasadu hmelja.<\/p>\n<p>Prouzrokova\u010d bakterijske plamenja\u010de jabu\u010dastog vo\u0107a (<em>Erwinia amylovora<\/em>) u zasadu dunje; prouzrokova\u010d \u0161upljikavosti li\u0161\u0107a ko\u0161ti\u010davog vo\u0107a (<em>Stigmina carpophila<\/em>); prouzrokova\u010d plamenja\u010de gra\u0161ka (<em>Peronospora vicie<\/em>); prouzrokova\u010d plamenja\u010de krastavca (<em>Pseudoperonospora cubensis<\/em>) i prouzrokova\u010d bakteriozne plamenja\u010de tikvi (<em>Pseudomonas syringe<\/em>) u usevima vrsti iz porodice tikava sa jestivom korom; prouzrokova\u010d cvetne monilinije (<em>Monilinia vaccinii-corymbasi<\/em>), prouzrokova\u010d odumiranja stabla (<em>Godronia<\/em> <em>cassandrae<\/em>), prouzrokova\u010d su\u0161enja izdanaka (<em>Diaporthe vaccinii<\/em>), prouzrokova\u010d antraknoze (<em>Colletotrichum acutatum<\/em>), prouzrokova\u010d pegavosti lista (<em>Mycosphaerella spp<\/em>.), prouzrokova\u010d trule\u017ei korena (<em>Phytophthora cinnamon<\/em>) u zasadima borovnice; prouzrokova\u010d crne lisne pegavosti oraha i le\u0161nika (<em>Xanthomonas campestris<\/em>) u zasadima oraha i leske; prouzrokova\u010d ljubi\u010daste pegavosti lista jagode (<em>Mycosphaerella fragarie<\/em>), prouzrokova\u010d crne pegavosti lista jagode (<em>Diplocarpon earlionum<\/em>), prouzrokova\u010d antraknoze jagode (<em>Coletotrichum acutatum<\/em>) i prouzrokova\u010da uglaste lisne pegavosti jagode (<em>Xanthomonas fragarie<\/em>) u zasadu jagode.<\/p>\n<p><strong>PREPORUKE I NAPOMENE<\/strong><\/p>\n<p>Preparat se mo\u017ee upotrebljavati samo na otvorenom prostoru.<\/p>\n<p>Pri upotrebi ovog sredstva za za\u0161titu bilja, broj tretiranja treba odgovaraju\u0107e smanjiti tako da godi\u0161nja koli\u010dina upotrebljenog \u010distog bakra na istoj povr\u0161ini zemlji\u0161ta ne prelazi 4 kg bakra\/ha. Efikasnost i fitotoksi\u010dnost preparata <strong>Cuprablau Z 35 WP <\/strong>pri upotrebi na malim usevima (nisu proveravane, zato odgovornost u vezi sa upotrebom ovog sredstva snosi korisnik).<\/p>\n<p>Preparat se primenjuje svim ure\u0111ajima za tretiranje sa zemlje.<\/p>\n<p>Tretiranje iz vazduhoplova nije dozvoljeno.<\/p>\n<\/div>","protected":false},"excerpt":{"rendered":"<p class=\"detail\"><strong>Klasa:<\/strong> <span class=\"klasa\">Fungicid<\/span><\/p>\n<p class=\"detail\"><strong>Aktivna materija:<\/strong> <span class=\"aktivna-materija\">Bakar (Cu) iz Bakar-oksihlorida 350 g\/kg<\/span><\/p>\n<p class=\"detail\"><strong>Formulacija:<\/strong> <span class=\"formulacija\">WP \u2013 kva\u0161ljivi pra\u0161ak<\/span><\/p>\n<p class=\"detail\"><strong>Proizvo\u0111a\u010d:<\/strong> <span class=\"proizvo\u0111a\u010d\">Cinkarna<\/span><\/p>\n<p class=\"detail\"><strong>Karenca:<\/strong> <span class=\"karenca\">OVP \u2013 jabu\u010dasto vo\u0107e, breskva, nektarina, dunja, ameri\u010dka borovnica, orah, leska 21 dan \u2013 vinova loza, dunja (tretman u fazi 71-85 BBCH skale) 14 dana \u2013 krompir, hmelj 10 dana \u2013 paradajz industrijski 3 dana \u2013 paradajz koji se konzumira sve\u017e, porodica tikava sa jestivom korom, pasulj, gra\u0161ak jagoda<\/span><\/p>\n<p class=\"detail\"><strong>Radna karenca:<\/strong> <span class=\"radna-karenca\">6 sati<\/span><\/p>\n<p class=\"detail\"><strong>MBT:<\/strong> <span class=\"mbt\">4 puta u gra\u0161ku i pasulju, u jagodi 3 puta u vinovoj lozi, jabu\u010dastim vo\u0107nim vrstama, ko\u0161ti\u010davim vo\u0107nim vrstama, krompiru, paradajzu, ameri\u010dkoj borovnici 2 puta u hmelju, tikvicama sa jestivom korom, u jezgrastim vo\u0107nim vrstama<\/span><\/p>","protected":false},"featured_media":8614,"template":"","meta":[],"product_brand":[529],"product_cat":[415],"product_tag":[837],"class_list":{"0":"post-7859","1":"product","2":"type-product","3":"status-publish","4":"has-post-thumbnail","6":"product_brand-agromarket","7":"product_cat-fungicidi-2","8":"product_tag-bakar-cu-bakar-oksihlorida-350-g-kg","10":"first","11":"outofstock","12":"purchasable","13":"product-type-simple"},"_links":{"self":[{"href":"https:\/\/agrarpetrovic.rs\/en\/wp-json\/wp\/v2\/product\/7859","targetHints":{"allow":["GET"]}}],"collection":[{"href":"https:\/\/agrarpetrovic.rs\/en\/wp-json\/wp\/v2\/product"}],"about":[{"href":"https:\/\/agrarpetrovic.rs\/en\/wp-json\/wp\/v2\/types\/product"}],"wp:featuredmedia":[{"embeddable":true,"href":"https:\/\/agrarpetrovic.rs\/en\/wp-json\/wp\/v2\/media\/8614"}],"wp:attachment":[{"href":"https:\/\/agrarpetrovic.rs\/en\/wp-json\/wp\/v2\/media?parent=7859"}],"wp:term":[{"taxonomy":"product_brand","embeddable":true,"href":"https:\/\/agrarpetrovic.rs\/en\/wp-json\/wp\/v2\/product_brand?post=7859"},{"taxonomy":"product_cat","embeddable":true,"href":"https:\/\/agrarpetrovic.rs\/en\/wp-json\/wp\/v2\/product_cat?post=7859"},{"taxonomy":"product_tag","embeddable":true,"href":"https:\/\/agrarpetrovic.rs\/en\/wp-json\/wp\/v2\/product_tag?post=7859"}],"curies":[{"name":"wp","href":"https:\/\/api.w.org\/{rel}","templated":true}]}}