{"id":7861,"date":"2025-09-20T00:10:45","date_gmt":"2025-09-19T22:10:45","guid":{"rendered":"https:\/\/agrarpetrovic.rs\/proizvod\/cythrin-250-ec-100-ml-insekticid\/"},"modified":"2025-10-27T10:48:07","modified_gmt":"2025-10-27T09:48:07","slug":"cythrin-250-ec-100-ml-insekticid","status":"publish","type":"product","link":"https:\/\/agrarpetrovic.rs\/en\/proizvod\/cythrin-250-ec-100-ml-insekticid\/","title":{"rendered":"Cythrin 250 EC 100 ml &#8211; insekticid"},"content":{"rendered":"<div class=\"product-harvest\">\n<p class=\"detail\"><strong>Primena:<\/strong><\/p>\n<table>\n<thead>\n<tr class=\"bg-7\">\n<th>USEV \/ ZASAD<\/th>\n<th>KOLI\u010cINA PRIMENE<\/th>\n<th>VREME PRIMENE<\/th>\n<\/tr>\n<\/thead>\n<tbody>\n<tr class=\"bg-sec-7\">\n<td class=\"bg-7\"><a href=\"https:\/\/www.agromarketsrbija.rs\/srb\/zastita-bilja\/programi-zastite\/1002\/STRNA-ZITA\">STRNA \u017dITA <\/a><\/td>\n<td>0,12 &#8211; 0,24 (1,2 &#8211; 2,4 ml na 100 m\u00b2)<\/td>\n<td>Mla\u0111i larveni stadijumi<\/td>\n<\/tr>\n<tr class=\"bg-sec-7\">\n<td class=\"bg-7\"><a href=\"https:\/\/www.agromarketsrbija.rs\/srb\/zastita-bilja\/programi-zastite\/1020\/Vinova-loza\">VINOVA LOZA <\/a><\/td>\n<td>0,012 &#8211; 0,015 % (1,2 &#8211; 1,5 ml na 100 m\u00b2)<\/td>\n<td>Na po\u010detku piljenja prvih gusenica<\/td>\n<\/tr>\n<\/tbody>\n<\/table>\n<\/div>\n<div class=\"product-info\">\n<p><strong>DELOVANJE:<\/strong><\/p>\n<p>nesistemi\u010dni insekticid iz grupe <em>Piretroida <\/em>koji deluje digestivno i kontaktno. Remeti protok Na+ jona kroz nervnu membranu.<\/p>\n<p><strong>SPEKTAR DELOVANJA:<\/strong><\/p>\n<p>\u017ditna pijavica (<em>Lema melanopus<\/em>) i grozdov smotavac (<em>Lobesia botrana<\/em>).<\/p>\n<p><strong>PREPORUKE I NAPOMENE<\/strong><\/p>\n<p><strong>Klasi<\/strong><strong>\u010d<\/strong><strong>ni piretroid, brzog inicijalnog delovanja (\u201cknockdown\u201d efekat).<\/strong><\/p>\n<p>Ne sme se me\u0161ati sa alkalnim i preparatima koji imaju visok sadr\u017eaj glikola i drugih alkohola. Tretiranje iz vazduhoplova dozvoljeno samo u usevu \u0161e\u0107erne repe.<\/p>\n<p>\u0160irok spektar delovanja na sve vrste insekata i skoro sve stadijume. Primenjivati ga na po\u010detku vegetacije kada su temperature ni\u017ee do 20\u00b0C, jer zbog isparljivosti na vi\u0161im temperaturama kratko deluje.<\/p>\n<p><strong>\u00a0<\/strong><\/p>\n<\/div>","protected":false},"excerpt":{"rendered":"<p class=\"detail\"><strong>Klasa:<\/strong> <span class=\"klasa\">Insekticid<\/span><\/p>\n<p class=\"detail\"><strong>Aktivna materija:<\/strong> <span class=\"aktivna-materija\">Cipermetrin 250 g\/l<\/span><\/p>\n<p class=\"detail\"><strong>Formulacija:<\/strong> <span class=\"formulacija\">EC &#8211; koncentrat za emulziju<\/span><\/p>\n<p class=\"detail\"><strong>Pakovanje:<\/strong> <span class=\"pakovanje\">50 ml, 100 ml, 1 l<\/span><\/p>\n<p class=\"detail\"><strong>Proizvo\u0111a\u010d:<\/strong> <span class=\"proizvo\u0111a\u010d\">Arysta LifeScience<\/span><\/p>\n<p class=\"detail\"><strong>Karenca:<\/strong> <span class=\"karenca\">10 dana &#8211; strna \u017eita, 56 dana &#8211; vinova loza RADNA KARENCA: 1 dan<\/span><\/p>\n<p class=\"detail\"><strong>MBT:<\/strong> <span class=\"mbt\">2<\/span><\/p>","protected":false},"featured_media":8616,"template":"","meta":[],"product_brand":[529],"product_cat":[480],"product_tag":[573],"class_list":{"0":"post-7861","1":"product","2":"type-product","3":"status-publish","4":"has-post-thumbnail","6":"product_brand-agromarket","7":"product_cat-insekticidi-2","8":"product_tag-cipermetrin-250-g-l","10":"first","11":"instock","12":"featured","13":"purchasable","14":"product-type-simple"},"_links":{"self":[{"href":"https:\/\/agrarpetrovic.rs\/en\/wp-json\/wp\/v2\/product\/7861","targetHints":{"allow":["GET"]}}],"collection":[{"href":"https:\/\/agrarpetrovic.rs\/en\/wp-json\/wp\/v2\/product"}],"about":[{"href":"https:\/\/agrarpetrovic.rs\/en\/wp-json\/wp\/v2\/types\/product"}],"wp:featuredmedia":[{"embeddable":true,"href":"https:\/\/agrarpetrovic.rs\/en\/wp-json\/wp\/v2\/media\/8616"}],"wp:attachment":[{"href":"https:\/\/agrarpetrovic.rs\/en\/wp-json\/wp\/v2\/media?parent=7861"}],"wp:term":[{"taxonomy":"product_brand","embeddable":true,"href":"https:\/\/agrarpetrovic.rs\/en\/wp-json\/wp\/v2\/product_brand?post=7861"},{"taxonomy":"product_cat","embeddable":true,"href":"https:\/\/agrarpetrovic.rs\/en\/wp-json\/wp\/v2\/product_cat?post=7861"},{"taxonomy":"product_tag","embeddable":true,"href":"https:\/\/agrarpetrovic.rs\/en\/wp-json\/wp\/v2\/product_tag?post=7861"}],"curies":[{"name":"wp","href":"https:\/\/api.w.org\/{rel}","templated":true}]}}