{"id":7865,"date":"2025-09-20T00:10:45","date_gmt":"2025-09-19T22:10:45","guid":{"rendered":"https:\/\/agrarpetrovic.rs\/proizvod\/decis-expert-ec-500-ml-insekticid\/"},"modified":"2025-10-23T11:55:53","modified_gmt":"2025-10-23T09:55:53","slug":"decis-expert-ec-500-ml-insekticid","status":"publish","type":"product","link":"https:\/\/agrarpetrovic.rs\/en\/proizvod\/decis-expert-ec-500-ml-insekticid\/","title":{"rendered":"Decis EXPERT EC 500 ml &#8211; insekticid"},"content":{"rendered":"<h4>Primena<\/h4>\n<p>Decis Expert je idealan za upotrebu u slede\u0107im usevima:<\/p>\n<ol>\n<li aria-level=\"1\"><b>P\u0161enica:<\/b> Za suzbijanje \u017eitne pijavice (Oulema malanopus) u koli\u010dini od 0,075 l\/ha (0,75 ml\/100 m\u00b2) sa utro\u0161kom vode od 200\u2013400 l\/ha. Tretiranje se vr\u0161i po pojavi prvih o\u0161te\u0107enja i mla\u0111ih larvenih stadijuma.<\/li>\n<li aria-level=\"1\"><b>Kukuruz:<\/b> Protiv kukuruznog plamenca (Ostrinia nubilalis) i kukuruzne sovice (Helicoverpa armigera) u koli\u010dini od 0,075\u20130,125 l\/ha (0,75\u20131,25 ml\/100 m\u00b2) deset dana nakon maksimalnog leta leptira.<\/li>\n<li aria-level=\"1\"><b>Uljana repica:<\/b> Suzbijanje repi\u010dinog sjajnika (Meligethes aeneus) u koli\u010dini od 0,075 l\/ha (0,75 ml\/100 m\u00b2), u fazi kada je glavna cvast vidljiva, ali jo\u0161 zatvorena.<\/li>\n<li aria-level=\"1\"><b>Lucerka:<\/b> Protiv lucerkine bube (Phytodecta fornicate) u koli\u010dini od 0,05\u20130,075 l\/ha (0,5\u20130,75 ml\/100 m\u00b2) posle pojave imaga.<\/li>\n<li aria-level=\"1\"><b>Suncokret:<\/b> Suzbijanje biljnih va\u0161i (Aphididae) u koli\u010dini od 0,075 l\/ha (0,75 ml\/100 m\u00b2) kada se pojave prve \u0161teto\u010dine.<\/li>\n<li aria-level=\"1\"><b>Vi\u0161nja:<\/b> Protiv tre\u0161njine muve (Rhagoletis cerasi) u koli\u010dini od 0,175 l\/ha (1,75 ml\/100 m\u00b2) pre promene boje ploda.<\/li>\n<li aria-level=\"1\"><b>Gra\u0161ak:<\/b> Suzbijanje gra\u0161kovog savija\u010da (Cydia nigricana) u koli\u010dini od 0,063 l\/ha (0,63 ml\/100 m\u00b2).<\/li>\n<li aria-level=\"1\"><b>Malina:<\/b> Protiv malinine bube (Byturus tomentosus) u koli\u010dini od 0,125 l\/ha (1,25 ml\/100 m\u00b2).<\/li>\n<\/ol>\n<h4>Uputstvo za upotrebu i preporuke<\/h4>\n<p>Priprema rastvora za tretiranje je jednostavna. Potrebnu koli\u010dinu preparata najpre pome\u0161ajte sa vodom u posebnom sudu, a zatim rastvor ulijte u rezervoar prskalice koji je do pola napunjen vodom. Dodajte ostatak vode uz stalno me\u0161anje. Pre upotrebe, proverite mogu\u0107nost me\u0161anja sa drugim pesticidima izvo\u0111enjem probne me\u0161avine.<\/p>\n<p>Preparate na bazi deltametrina ne treba primenjivati na lokalitetima gde je uo\u010dena smanjena osetljivost populacija krompirove zlatice i biljnih va\u0161i na ovo jedinjenje, odnosno, kada je utvr\u0111ena smanjena efikasnost ovih preparata. Tako\u0111e, zbog rizika od ukr\u0161tene rezistentnosti, preporu\u010duje se da se za suzbijanje biljnih va\u0161i ne koriste alternativno preparati na bazi drugih piretroida. Ne preporu\u010duje se primena tokom leta p\u010dela, a kada su temperature iznad 28\u00b0C, idealno vreme za tretiranje je predve\u010de. Tako\u0111e, preparat treba izbegavati me\u0161ati sa pesticidima alkalne reakcije, kao \u0161to su Bordovska \u010dorba, preparati na bazi sumpora ili azinfos-metila. Maksimalan broj tretiranja godi\u0161nje zavisi od kulture: jednom za p\u0161enicu, suncokret, krompirovu zlaticu i biljnu va\u0161, dok je za kukuruz, uljanu repicu i lucerku mogu\u0107e obaviti do dva tretiranja.<\/p>\n<h4>Doziranje<\/h4>\n<p>Doziranje preparata Decis Expert zavisi od useva i \u0161teto\u010dina.<\/p>\n<p>Kod p\u0161enice, koristi se za suzbijanje \u017eitne pijavice (Oulema malanopus) u koli\u010dini od 0,075 l\/ha (0,75 ml\/100 m\u00b2), uz utro\u0161ak vode od 200\u2013400 l\/ha (2\u20134 l\/m\u00b2), po pojavi prvih o\u0161te\u0107enja i mla\u0111ih larvenih stadijuma.<\/p>\n<p>Kod kukuruza, primenjuje se za suzbijanje kukuruznog plamenca (Ostrinia nubilalis) i kukuruzne sovice (Helicoverpa armigera) u koli\u010dini od 0,075\u20130,125 l\/ha (0,75\u20131,25 ml\/100 m\u00b2), deset dana posle maksimalnog leta leptira ili po pojavi prvih gusenica, pre nego \u0161to se ubu\u0161e u stabljiku ili klip.<\/p>\n<p>U uljanoj repici, koristi se za suzbijanje repi\u010dinog sjajnika (Meligethes aeneus) u koli\u010dini od 0,075 l\/ha (0,75 ml\/100 m\u00b2), tretiranjem u vreme pojave imaga, kada je glavna cvast jo\u0161 zatvorena. Kod lucerke, preparat se koristi za suzbijanje lucerkine bube (Phytodecta fornicate) u koli\u010dini od 0,05\u20130,075 l\/ha (0,5\u20130,75 ml\/100 m\u00b2) nakon pojave imaga.<\/p>\n<p>Za suzbijanje biljnih va\u0161i (Aphididae) u suncokretu, koristi se u koli\u010dini od 0,075 l\/ha (0,75 ml\/100 m\u00b2) uz utro\u0161ak vode od 300\u2013600 l\/ha (3\u20136 l\/m\u00b2), tretiranjem u vreme pojave prvih \u0161teto\u010dina.<\/p>\n<p>Kod vi\u0161nje, koristi se za suzbijanje tre\u0161njine muve (Rhagoletis cerasi) u koli\u010dini od 0,175 l\/ha (1,75 ml\/100 m\u00b2) uz utro\u0161ak vode od 1000 l\/ha (10 l\/m\u00b2), prskanjem ili oro\u0161avanjem u vreme masovnog leta imaga, pre promene boje ploda.<\/p>\n<p>Za gra\u0161ak, preparat se koristi protiv gra\u0161kovog savija\u010da (Cydia nigricana) u koli\u010dini od 0,063 l\/ha (0,63 ml\/100 m\u00b2), po pojavi \u0161tetnih insekata, kada se dostigne prag ekonomske \u0161tete, uz utro\u0161ak vode od 400 l\/ha (40 l\/100 m\u00b2). Kod maline, koristi se za suzbijanje malinine bube (Byturus tomentosus) u koli\u010dini od 0,125 l\/ha (1,25 ml\/100 m\u00b2), uz utro\u0161ak vode od 600\u20131000 l\/ha (6\u201310 l\/100 m\u00b2), po pojavi \u0161tetnih insekata.<\/p>\n<h4>Karenca<\/h4>\n<p>Karenca je period izme\u0111u poslednje primene preparata i \u017eetve.<\/p>\n<p>Za suncokret, karenca iznosi 60 dana, dok je za p\u0161enicu 35 dana, a za kukuruz 30 dana.<\/p>\n<p>Uljana repica zahteva period karence od 42 dana, dok lucerka ima kra\u0107i period od 14 dana.<\/p>\n<p>Za vo\u0107e poput vi\u0161nje i maline, kao i za gra\u0161ak, karenca je 7 dana.<\/p>\n<p>Kod drugih kultura, vremenski intervali se razlikuju: krompir, jabuka, kru\u0161ka, paradajz i krastavac imaju karencu od 7 dana, dok je za ostalo vo\u0107e, povr\u0107e, koren \u0161e\u0107erne repe i hmelj potrebno 14 dana.<\/p>\n<p>Vinova loza ima karencu od 21 dan, dok duvan, maslina i li\u0161\u0107e \u0161e\u0107erne repe zahtevaju 28 dana. Za strna \u017eita karenca je 35 dana, a za uljanu repicu 42 dana.<\/p>\n<p>Radna karenca, odnosno vreme u kojem nije dozvoljen rad na tretiranim povr\u0161inama, iznosi 24 sata.<\/p>","protected":false},"excerpt":{"rendered":"<p>Decis Expert je visokokvalitetni nesistemi\u010dni insekticid brzog kontaktnog i digestivnog delovanja, namenjen za suzbijanje \u0161tetnih insekata u raznim usevima i zasadima. Sa aktivnom materijom deltametrin (100 g\/l), ovaj preparat se odlikuje \u201eknockdown\u201c efektom, \u0161to zna\u010di da deluje trenutno na ciljne \u0161teto\u010dine, ometaju\u0107i prenos nadra\u017eaja u njihovom centralnom nervnom sistemu. Decis Expert je formulisan kao koncentrat za emulziju (EC), \u0161to ga \u010dini lako primenjivim u raznim poljoprivrednim kulturama.<\/p>","protected":false},"featured_media":8621,"template":"","meta":[],"product_brand":[533],"product_cat":[480],"product_tag":[413],"class_list":{"0":"post-7865","1":"product","2":"type-product","3":"status-publish","4":"has-post-thumbnail","6":"product_brand-bayer","7":"product_cat-insekticidi-2","8":"product_tag-deltametrin-100-g-l","10":"first","11":"outofstock","12":"purchasable","13":"product-type-simple"},"_links":{"self":[{"href":"https:\/\/agrarpetrovic.rs\/en\/wp-json\/wp\/v2\/product\/7865","targetHints":{"allow":["GET"]}}],"collection":[{"href":"https:\/\/agrarpetrovic.rs\/en\/wp-json\/wp\/v2\/product"}],"about":[{"href":"https:\/\/agrarpetrovic.rs\/en\/wp-json\/wp\/v2\/types\/product"}],"wp:featuredmedia":[{"embeddable":true,"href":"https:\/\/agrarpetrovic.rs\/en\/wp-json\/wp\/v2\/media\/8621"}],"wp:attachment":[{"href":"https:\/\/agrarpetrovic.rs\/en\/wp-json\/wp\/v2\/media?parent=7865"}],"wp:term":[{"taxonomy":"product_brand","embeddable":true,"href":"https:\/\/agrarpetrovic.rs\/en\/wp-json\/wp\/v2\/product_brand?post=7865"},{"taxonomy":"product_cat","embeddable":true,"href":"https:\/\/agrarpetrovic.rs\/en\/wp-json\/wp\/v2\/product_cat?post=7865"},{"taxonomy":"product_tag","embeddable":true,"href":"https:\/\/agrarpetrovic.rs\/en\/wp-json\/wp\/v2\/product_tag?post=7865"}],"curies":[{"name":"wp","href":"https:\/\/api.w.org\/{rel}","templated":true}]}}