{"id":7866,"date":"2025-09-20T00:10:45","date_gmt":"2025-09-19T22:10:45","guid":{"rendered":"https:\/\/agrarpetrovic.rs\/proizvod\/defender1-l-fungicid\/"},"modified":"2025-10-23T11:55:53","modified_gmt":"2025-10-23T09:55:53","slug":"defender-1-l-fungicid","status":"publish","type":"product","link":"https:\/\/agrarpetrovic.rs\/en\/proizvod\/defender-1-l-fungicid\/","title":{"rendered":"Defender 1 l &#8211; fungicid"},"content":{"rendered":"<div class=\"product-harvest\">\n<p class=\"detail\"><strong>Primena:<\/strong><\/p>\n<table>\n<thead>\n<tr class=\"bg-8\">\n<th>USEV \/ ZASAD<\/th>\n<th>KOLI\u010cINA PRIMENE<\/th>\n<th>VREME PRIMENE<\/th>\n<\/tr>\n<\/thead>\n<tbody>\n<tr class=\"bg-sec-8\">\n<td class=\"bg-8\"><a href=\"https:\/\/www.agromarketsrbija.rs\/srb\/zastita-bilja\/programi-zastite\/1002\/STRNA-ZITA\">P\u0160ENICA (ozima i jara)<\/a><\/td>\n<td>50 ml na 100 kg semena (uz dodatak 500 do 700 ml vode)<\/td>\n<td>Nanosi se najranije tri meseca pre setve na suvo i kalibrirano seme (faza 00 BBCH skala), visoke klijavosti koje prethodno nije tretirano drugim sredstvima za tretiranje semena<\/td>\n<\/tr>\n<\/tbody>\n<\/table>\n<\/div>\n<div class=\"product-info\">\n<p><strong>DELOVANJE:\u00a0<\/strong><\/p>\n<p>sistemik \u010dija aktivna materija pripada grupi <em>Triazola<\/em>. Inhibira procese demetilacije, odnosno sintezu ergosterola (demetilacija u C-14) u \u0107elijama gljive te spre\u010dava njihov razvoj.<\/p>\n<p><strong>SPEKTAR DELOVANJA:<\/strong><\/p>\n<p>Prouzrokova\u010d glavnice p\u0161enice (<em>Tilletia tritici, T. laevis<\/em>) i prouzrokova\u010d otkrivene gari p\u0161enice (<em>Ustilago tritici<\/em>)<\/p>\n<p><strong>PREPORUKE I NAPOMENE<\/strong><\/p>\n<p>mo\u017ee se me\u0161ati sa insekticidima i fungicidima koji su formulisani kao te\u010dne suspenzije za tretiranje semena i koji su neutralne reakcije. Ne sme se me\u0161ati sa koncentrovanim rastvorima (SL) i preparatima koji sadr\u017ee organske rastvara\u010de \u2013 naj\u010de\u0161\u0107e su koncentrati za emulzije (EC). Tretirano seme ne koristiti za ishranu ljudi, riba, ptica i drugih doma\u0107ih i divljih \u017eivotinja. Tretirano seme ne ostavljati na povr\u0161ini zemlje. Tretirano seme ne ostavljati otkriveno na povr\u0161ini zemlje, ve\u0107 ga deponovati u tlo.<\/p>\n<\/div>","protected":false},"excerpt":{"rendered":"<p class=\"detail\"><strong>Klasa:<\/strong> <span class=\"klasa\">Sredstvo za tretiranje semena <\/span><\/p>\n<p class=\"detail\"><strong>Aktivna materija:<\/strong> <span class=\"aktivna-materija\">Tebukonazol 60 g\/l<\/span><\/p>\n<p class=\"detail\"><strong>Formulacija:<\/strong> <span class=\"formulacija\">FS &#8211; koncentrovana suspenzija za tretiranje semena<\/span><\/p>\n<p class=\"detail\"><strong>Pakovanje:<\/strong> <span class=\"pakovanje\">1 l, 5 l<\/span><\/p>\n<p class=\"detail\"><strong>Karenca:<\/strong> <span class=\"karenca\">OVP <\/span><\/p>\n<p class=\"detail\"><strong>MBT:<\/strong> <span class=\"mbt\">OVP<\/span><\/p>","protected":false},"featured_media":8622,"template":"","meta":[],"product_brand":[529],"product_cat":[415],"product_tag":[719],"class_list":{"0":"post-7866","1":"product","2":"type-product","3":"status-publish","4":"has-post-thumbnail","6":"product_brand-agromarket","7":"product_cat-fungicidi-2","8":"product_tag-tebukonazol-60-g-l","10":"first","11":"outofstock","12":"product-type-simple"},"_links":{"self":[{"href":"https:\/\/agrarpetrovic.rs\/en\/wp-json\/wp\/v2\/product\/7866","targetHints":{"allow":["GET"]}}],"collection":[{"href":"https:\/\/agrarpetrovic.rs\/en\/wp-json\/wp\/v2\/product"}],"about":[{"href":"https:\/\/agrarpetrovic.rs\/en\/wp-json\/wp\/v2\/types\/product"}],"wp:featuredmedia":[{"embeddable":true,"href":"https:\/\/agrarpetrovic.rs\/en\/wp-json\/wp\/v2\/media\/8622"}],"wp:attachment":[{"href":"https:\/\/agrarpetrovic.rs\/en\/wp-json\/wp\/v2\/media?parent=7866"}],"wp:term":[{"taxonomy":"product_brand","embeddable":true,"href":"https:\/\/agrarpetrovic.rs\/en\/wp-json\/wp\/v2\/product_brand?post=7866"},{"taxonomy":"product_cat","embeddable":true,"href":"https:\/\/agrarpetrovic.rs\/en\/wp-json\/wp\/v2\/product_cat?post=7866"},{"taxonomy":"product_tag","embeddable":true,"href":"https:\/\/agrarpetrovic.rs\/en\/wp-json\/wp\/v2\/product_tag?post=7866"}],"curies":[{"name":"wp","href":"https:\/\/api.w.org\/{rel}","templated":true}]}}