{"id":7872,"date":"2025-09-20T00:10:45","date_gmt":"2025-09-19T22:10:45","guid":{"rendered":"https:\/\/agrarpetrovic.rs\/proizvod\/delegate-250-wg-250-g-insekticid\/"},"modified":"2025-10-23T11:55:53","modified_gmt":"2025-10-23T09:55:53","slug":"delegate-250-wg-250-g-insekticid","status":"publish","type":"product","link":"https:\/\/agrarpetrovic.rs\/en\/proizvod\/delegate-250-wg-250-g-insekticid\/","title":{"rendered":"Delegate 250 WG 250 g &#8211; insekticid"},"content":{"rendered":"<div class=\"product-harvest\">\n<p class=\"detail\"><strong>Primena:<\/strong><\/p>\n<table>\n<thead>\n<tr class=\"bg-7\">\n<th>USEV \/ ZASAD<\/th>\n<th>KOLI\u010cINA PRIMENE<\/th>\n<th>VREME PRIMENE<\/th>\n<\/tr>\n<\/thead>\n<tbody>\n<tr class=\"bg-sec-7\">\n<td class=\"bg-7\"><a href=\"https:\/\/www.agromarketsrbija.rs\/srb\/zastita-bilja\/programi-zastite\/1019\/Kruska\">KRU\u0160KA <\/a><\/td>\n<td>0,3 \u2013 0,4<\/td>\n<td>Tretman u vreme masovnog piljenja larvi, a kru\u0161ka u fazi razvoja (BBCH-skala 71-75)<\/td>\n<\/tr>\n<tr class=\"bg-sec-7\">\n<td class=\"bg-7\"><a href=\"https:\/\/www.agromarketsrbija.rs\/srb\/zastita-bilja\/programi-zastite\/1018\/Jabuka\">JABUKA <\/a><\/td>\n<td>0,3 \u2013 0,4<\/td>\n<td>Tretman na po\u010detku piljenja larvi, a jabuka u fazi razvoja (73-75 BBCH-skale)<\/td>\n<\/tr>\n<\/tbody>\n<\/table>\n<\/div>\n<div class=\"product-info\">\n<p><strong>DELOVANJE:<\/strong><\/p>\n<p>aktivna materija pripada grupi <em>Spinosini<\/em>, deluje kao neurotoksi\u010dni insekticid, alosteri\u010dni aktivator nikotinskih receptora acetilholina.<\/p>\n<p><strong>SPEKTAR DELOVANJA:<\/strong><\/p>\n<p>Obi\u010dna kru\u0161kina buva (<em>Cacopsylla pyri<\/em>) u zasadu kru\u0161ke i jabukin smotavac (<em>Cydia pomonella<\/em>) u zasadu jabuke<\/p>\n<p><strong>PREPORUKE I NAPOMENE<\/strong><\/p>\n<p>ne preporu\u010duje se primena preparata <strong>Delegate 250 WG <\/strong>u vreme cvetanja vo\u0107a, odnosno u vreme leta opra\u0161iva\u010da (p\u010dele, bumbari&#8230;).<\/p>\n<p>Preparat ne treba primenjivati alternativno sa preparatima na bazi <em>spinosada<\/em>. Preparat je mogu\u0107e me\u0161ati sa ve\u0107inom insekticida i fungicida uz prethodnu proveru kompatibilnosti, ali se ne preporu\u010duje tank-mix sa preparatima alkalne reakcije.<\/p>\n<p>Preparat se primenjuje folijarno tokom vegetacije svim ure\u0111ajima za tretiranje sa zemlje. Tretman iz vazduhoplova nije dozvoljen.<\/p>\n<p><strong>Preparat Delegate 250 WG je u zemljama EU registrovan za primenu u zasadima dunje protiv smotavca ploda, breskve, nektarine i <\/strong><strong>\u0161<\/strong><strong>ljive protiv smotavca, moljca i tripsa (0,3 kg\/ha) uz karencu od 7 dana<\/strong><\/p>\n<\/div>","protected":false},"excerpt":{"rendered":"<p class=\"detail\"><strong>Klasa:<\/strong> <span class=\"klasa\">Insekticid<\/span><\/p>\n<p class=\"detail\"><strong>Aktivna materija:<\/strong> <span class=\"aktivna-materija\">Spinetoram 250 g\/kg<\/span><\/p>\n<p class=\"detail\"><strong>Formulacija:<\/strong> <span class=\"formulacija\">WG \u2013 vodorastvorljive granule<\/span><\/p>\n<p class=\"detail\"><strong>Pakovanje:<\/strong> <span class=\"pakovanje\">250 g, 500 g<\/span><\/p>\n<p class=\"detail\"><strong>Proizvo\u0111a\u010d:<\/strong> <span class=\"proizvo\u0111a\u010d\">Corteva Agriscience<\/span><\/p>\n<p class=\"detail\"><strong>Karenca:<\/strong> <span class=\"karenca\">7 dana &#8211; kru\u0161ka, jabuka RADNA KARENCA: 6 sati (do su\u0161enja depozita)<\/span><\/p>\n<p class=\"detail\"><strong>MBT:<\/strong> <span class=\"mbt\">2<\/span><\/p>","protected":false},"featured_media":8630,"template":"","meta":[],"product_brand":[534],"product_cat":[480],"product_tag":[843],"class_list":{"0":"post-7872","1":"product","2":"type-product","3":"status-publish","4":"has-post-thumbnail","6":"product_brand-corteva","7":"product_cat-insekticidi-2","8":"product_tag-spinetoram-250-g-kg","10":"first","11":"outofstock","12":"purchasable","13":"product-type-simple"},"_links":{"self":[{"href":"https:\/\/agrarpetrovic.rs\/en\/wp-json\/wp\/v2\/product\/7872","targetHints":{"allow":["GET"]}}],"collection":[{"href":"https:\/\/agrarpetrovic.rs\/en\/wp-json\/wp\/v2\/product"}],"about":[{"href":"https:\/\/agrarpetrovic.rs\/en\/wp-json\/wp\/v2\/types\/product"}],"wp:featuredmedia":[{"embeddable":true,"href":"https:\/\/agrarpetrovic.rs\/en\/wp-json\/wp\/v2\/media\/8630"}],"wp:attachment":[{"href":"https:\/\/agrarpetrovic.rs\/en\/wp-json\/wp\/v2\/media?parent=7872"}],"wp:term":[{"taxonomy":"product_brand","embeddable":true,"href":"https:\/\/agrarpetrovic.rs\/en\/wp-json\/wp\/v2\/product_brand?post=7872"},{"taxonomy":"product_cat","embeddable":true,"href":"https:\/\/agrarpetrovic.rs\/en\/wp-json\/wp\/v2\/product_cat?post=7872"},{"taxonomy":"product_tag","embeddable":true,"href":"https:\/\/agrarpetrovic.rs\/en\/wp-json\/wp\/v2\/product_tag?post=7872"}],"curies":[{"name":"wp","href":"https:\/\/api.w.org\/{rel}","templated":true}]}}