{"id":7881,"date":"2025-09-20T00:10:50","date_gmt":"2025-09-19T22:10:50","guid":{"rendered":"https:\/\/agrarpetrovic.rs\/proizvod\/duet-turbo-1-1-fungicid\/"},"modified":"2025-10-23T11:55:56","modified_gmt":"2025-10-23T09:55:56","slug":"duet-turbo-1-1-fungicid","status":"publish","type":"product","link":"https:\/\/agrarpetrovic.rs\/en\/proizvod\/duet-turbo-1-1-fungicid\/","title":{"rendered":"Duet TURBO 1\/1 &#8211; fungicid"},"content":{"rendered":"<p>Duett\u00ae Turbo je fungicid \u0161irokog spektra delovanja koji se koristi za suzbijanje bolesti lista strnih \u017eita AKTIVNA MATERIJA: 100 g\/l revysol\u00ae (mefentrifluconazole), 150 g\/l kresoksim-metil Usev\/zasad u kome se primenjuje: P\u0161enica, je\u010dam, (ra\u017e i tritikale) Proizvo\u0111a\u010d: Basf Oblik i oznaka formulacije: koncentrovana suspenzija (SC) Pakovanje: 1 L Koli\u010dina primene: 0,6 \u2013 1 l\/ha<\/p>\n<p><strong>Spektar delovanja:<\/strong><\/p>\n<p>P\u0161enica: siva pegavost lista (Zymoseptoria tritici), sme\u0111a lisna r\u0111a (Puccinia tritici), \u017euta r\u0111a (Puccinia striiformis) *pepelnica (Erysiphe graminis), *fuzarium (Fusarium spp.)\u00a0Je\u010dam: mre\u017easta pegavost (Pyrenophora teres)<\/p>\n<p><strong>Vreme primene:<\/strong><\/p>\n<p>P\u0161enica: u fenofazi izme\u0111u po\u010detka rasta stabljike i kraja cvetanja p\u0161enice (BBCH 30-69)<\/p>\n<p>Je\u010dam: u fenofazi izme\u0111u po\u010detka rasta stabljike i pre pojave cvetova (BBCH 30-49)<\/p>\n<p>Novi predstavnik Revysol\u00ae tehnologije za suzbijanje \u0161irokog spektra najzna\u010dajnijih bolesti strnih \u017eita Specijalno dizajnirana formulacija za nenadma\u0161no preventivno i dugotrajno delovanje Efikasan u nepovoljnim vremenskim uslovima Ekonomi\u010dno re\u0161enje koje optimizuje tro\u0161kove za\u0161tite i postavlja temelje za postizanje stabilnih i visokih prinosa Posebne napomene Maksimalan broj tretiranja u toku godine na istoj povr\u0161ini je 2 puta. Karenca: P\u0161enica i je\u010dam 35 dana.<\/p>","protected":false},"excerpt":{"rendered":"<p>Duett\u00ae Turbo\u00a0je sistemi\u010dni fungicid \u0161irokog spektra delovanja koji se primenjuje za suzbijanje prouzrokova\u010da bolesti \u017eitarica.<\/p>\n<p><strong>Aktivna materija<\/strong> 100 g\/l Revysol\u00ae (mefentrifluconazole)+ 150 g\/l Kresoksim-metil<\/p>\n<p><strong>Formulacija<\/strong> koncentrovana suspenzija (SC) koncentrovana suspenzija (SC)<\/p>","protected":false},"featured_media":8459,"template":"","meta":[],"product_brand":[530],"product_cat":[415],"product_tag":[829],"class_list":{"0":"post-7881","1":"product","2":"type-product","3":"status-publish","4":"has-post-thumbnail","6":"product_brand-basf","7":"product_cat-fungicidi-2","8":"product_tag-100-g-l-revysol-mefentrifluconazole-150-g-l-kresoksim-metil","10":"first","11":"outofstock","12":"purchasable","13":"product-type-simple"},"_links":{"self":[{"href":"https:\/\/agrarpetrovic.rs\/en\/wp-json\/wp\/v2\/product\/7881","targetHints":{"allow":["GET"]}}],"collection":[{"href":"https:\/\/agrarpetrovic.rs\/en\/wp-json\/wp\/v2\/product"}],"about":[{"href":"https:\/\/agrarpetrovic.rs\/en\/wp-json\/wp\/v2\/types\/product"}],"wp:featuredmedia":[{"embeddable":true,"href":"https:\/\/agrarpetrovic.rs\/en\/wp-json\/wp\/v2\/media\/8459"}],"wp:attachment":[{"href":"https:\/\/agrarpetrovic.rs\/en\/wp-json\/wp\/v2\/media?parent=7881"}],"wp:term":[{"taxonomy":"product_brand","embeddable":true,"href":"https:\/\/agrarpetrovic.rs\/en\/wp-json\/wp\/v2\/product_brand?post=7881"},{"taxonomy":"product_cat","embeddable":true,"href":"https:\/\/agrarpetrovic.rs\/en\/wp-json\/wp\/v2\/product_cat?post=7881"},{"taxonomy":"product_tag","embeddable":true,"href":"https:\/\/agrarpetrovic.rs\/en\/wp-json\/wp\/v2\/product_tag?post=7881"}],"curies":[{"name":"wp","href":"https:\/\/api.w.org\/{rel}","templated":true}]}}