{"id":7884,"date":"2025-09-20T00:10:50","date_gmt":"2025-09-19T22:10:50","guid":{"rendered":"https:\/\/agrarpetrovic.rs\/proizvod\/envidor-100-ml-insekticid\/"},"modified":"2025-10-23T11:55:57","modified_gmt":"2025-10-23T09:55:57","slug":"envidor-100-ml-insekticid","status":"publish","type":"product","link":"https:\/\/agrarpetrovic.rs\/en\/proizvod\/envidor-100-ml-insekticid\/","title":{"rendered":"Envidor 100 ml &#8211; insekticid"},"content":{"rendered":"<div><\/div>\n<div class=\"primena\"><strong><span class=\"strong\">Primena:<\/span><\/strong><\/div>\n<div><\/div>\n<div class=\"primena\"><b>&#8211; jabuka:<\/b> suzbijanje crvene vo\u0107ne grinje (Panonychus ulmi) i obi\u010dnog pau\u010dinara (Tetranychus urticae) u konc. 0,04-0,06% (4-6 ml\/10 l vode) tretiranjem po pojavi pokretnih stadijuma, na kraju cvetanja (faze 69 BBCH-skale), maksimalno jednom u toku godine, uz utro\u0161ak vode 600-1000 l\/ha (6-10 l\/100 m\u00b2);<br \/>\n<b>&#8211; vinova loza:<\/b> suzbijanje eriofidne grinje (<strong>Calepitrimerus vitis<\/strong>) u konc. 0,04% (4 ml\/10 l vode) tretiranjem u vreme pojave prvih pokretnih formi, od pojave prvog lista do po\u010detka cvetanja (faze 11-55 BBCH-skale), maksimalno jednom u toku godine, uz utro\u0161ak vode 600-1000 l\/ha (6-10 l\/100 m\u00b2);<br \/>\n<b>&#8211; malina:<\/b> suzbijanje eriofidne grinje (Phyllocoptes gracilis) u konc. 0,04% (4 ml\/10 l vode) tretiranjem u vreme pojave prvih pokretnih formi, maksimalno jednom u toku godine, uz utro\u0161ak vode 600-1000 l\/ha (6-10 l\/100 m\u00b2). kru\u0161ka:suzbijanje obi\u010dne kru\u0161kine buve (Cacopsylla pyri) u konc. 0,06% (6 ml\/10 l vode) tretiranjem pred cvetanje (faze 59-60 BBCH-skale), u vreme pojave larvi L1 stupnja, maksimalno jednom u toku godine, uz utro\u0161ak vode 600-1000 l\/ha (6-10 l\/100 m\u00b2)<\/div>\n<p><strong>Mehanizam i na\u010din delovanja : <\/strong> &#8211; Inhibitori acetil CoA karboksilaze.<br \/>\n&#8211; Regulatori razvoja koji inhibiraju sintezu lipida, deluju\u0107i izra\u017eeno na mla\u0111e razvojne stadijume \u0161teto\u010dina. Efekti su vidljivi nekoliko dana posle primene.<br \/>\n&#8211; Selektivni, nesistemi\u010dni insekticid i akaricid sa kontaktnim i digestivnim delovanjem.<\/p>","protected":false},"excerpt":{"rendered":"<p class=\"hero-banner-h\"><strong>Aktivne materije: <\/strong>spirodiklofen (240 g\/l)<\/p>\n<p><span class=\"strong\"><strong>Formulacija<\/strong>: <\/span>Koncentrovana suspenzija (SC)<\/p>\n<p><strong>Karenca: <\/strong>(u danima): 14 &#8211; jabuka,vinova loza; OVP &#8211; malina 14 &#8211; kru\u0161ka<\/p>\n<p><strong>MBT:<\/strong> jednom.<\/p>\n<p>&nbsp;<\/p>\n<p class=\"hero-banner-h\">","protected":false},"featured_media":8641,"template":"","meta":[],"product_brand":[533],"product_cat":[480],"product_tag":[831],"class_list":{"0":"post-7884","1":"product","2":"type-product","3":"status-publish","4":"has-post-thumbnail","6":"product_brand-bayer","7":"product_cat-insekticidi-2","8":"product_tag-spirodiklofen-240-g-l","10":"first","11":"outofstock","12":"purchasable","13":"product-type-simple"},"_links":{"self":[{"href":"https:\/\/agrarpetrovic.rs\/en\/wp-json\/wp\/v2\/product\/7884","targetHints":{"allow":["GET"]}}],"collection":[{"href":"https:\/\/agrarpetrovic.rs\/en\/wp-json\/wp\/v2\/product"}],"about":[{"href":"https:\/\/agrarpetrovic.rs\/en\/wp-json\/wp\/v2\/types\/product"}],"wp:featuredmedia":[{"embeddable":true,"href":"https:\/\/agrarpetrovic.rs\/en\/wp-json\/wp\/v2\/media\/8641"}],"wp:attachment":[{"href":"https:\/\/agrarpetrovic.rs\/en\/wp-json\/wp\/v2\/media?parent=7884"}],"wp:term":[{"taxonomy":"product_brand","embeddable":true,"href":"https:\/\/agrarpetrovic.rs\/en\/wp-json\/wp\/v2\/product_brand?post=7884"},{"taxonomy":"product_cat","embeddable":true,"href":"https:\/\/agrarpetrovic.rs\/en\/wp-json\/wp\/v2\/product_cat?post=7884"},{"taxonomy":"product_tag","embeddable":true,"href":"https:\/\/agrarpetrovic.rs\/en\/wp-json\/wp\/v2\/product_tag?post=7884"}],"curies":[{"name":"wp","href":"https:\/\/api.w.org\/{rel}","templated":true}]}}