{"id":7886,"date":"2025-09-20T00:10:50","date_gmt":"2025-09-19T22:10:50","guid":{"rendered":"https:\/\/agrarpetrovic.rs\/proizvod\/equip-1-1-l-herbicid\/"},"modified":"2025-10-23T11:55:57","modified_gmt":"2025-10-23T09:55:57","slug":"equip-1-1-l-herbicid","status":"publish","type":"product","link":"https:\/\/agrarpetrovic.rs\/en\/proizvod\/equip-1-1-l-herbicid\/","title":{"rendered":"Equip 1\/1 l &#8211; herbicid"},"content":{"rendered":"<h4><b>Upotreba<\/b><\/h4>\n<p>Equip se primenjuje u usevu <b>kukuruza<\/b> u koli\u010dini od 2\u20132,5 l\/ha.<\/p>\n<p>Utro\u0161ak vode<b>:<\/b> 200\u2013400 l\/ha.<\/p>\n<p>Broj tretiranja<b>:<\/b> Jednom godi\u0161nje ili split aplikacija (1,5 l + 1 l).<\/p>\n<h4><b>Vreme primene<\/b><\/h4>\n<p><b>Kukuruz:<\/b> faza 2\u20138 listova (12\u201318 BBCH-skala)<\/p>\n<p><b>Korovi:<\/b> uskolisni korovi u fazi 1\u20135 listova, \u0161irokolisni korovi u najranijem stadijumu rasta.<\/p>\n<h4><b>Spektar delovanja<\/b><\/h4>\n<p><b>Vi\u0161egodi\u0161nji uskolisni korovi:<\/b> Divlji sirak iz rizoma (<i>Sorghum halepense<\/i>).<\/p>\n<p><b>Jednogodi\u0161nji uskolisni korovi:<\/b> Sirak divlji iz semena, muhar zeleni (<i>Setaria viridis<\/i>), muhar sivi (<i>Setaria glauca<\/i>), proso korovsko (<i>Echinochloa crus-galli<\/i>).<\/p>\n<p><b>Jednogodi\u0161nji \u0161irokolisni korovi (rani stadijum):<\/b> Ambrozija pelenasta (<i>Ambrosia artemisiifolia<\/i>), kere\u0107e gro\u017e\u0111e (<i>Solanum nigrum<\/i>), lipica teofrastova (<i>Abutilon theophrasti<\/i>), samonikli suncokret (<i>Helianthus annuus<\/i>), tatula obi\u010dna (<i>Datura stramonium<\/i>), \u010distac jednogodi\u0161nji (<i>Stachys annua<\/i>), \u0161tir obi\u010dni (<i>Amaranthus retroflexus<\/i>), \u0161tir bljutavi (<i>Amaranthus blitoides<\/i>).<\/p>\n<h4><b>Me\u0161anje sa drugim preparatima<\/b><\/h4>\n<p>Preporu\u010duje se kombinacija sa herbicidom Laudis za efikasno suzbijanje \u0161irokolisnih korova.<\/p>\n<p>Kompatibilan sa preparatima na bazi dikambe i 2,4 D.<\/p>\n<p>Nije kompatibilan sa organofosfornim insekticidima.<\/p>\n<p>Pre upotrebe u me\u0161avini, napraviti probu me\u0161anja.<\/p>\n<h4><b>Priprema rastvora<\/b><\/h4>\n<p>Potrebnu koli\u010dinu preparata pome\u0161ati s vodom u odvojenom sudu. Rastvor uliti u rezervoar prskalice napunjen do pola, zatim dodati preostalu vodu uz kontinuirano me\u0161anje.<\/p>\n<h4><b>Karenca<\/b><\/h4>\n<p>Karenca je obezbe\u0111ena vremenom primene preparata u usevu kukuruza.<\/p>","protected":false},"excerpt":{"rendered":"<p>Equip je selektivni translokacioni herbicid namenjen za suzbijanje vi\u0161egodi\u0161njih i jednogodi\u0161njih uskolisnih korova, kao i nekih \u0161irokolisnih korova u ranom stadijumu porasta u usevu kukuruza.<\/p>\n<p>Njegova efikasnost le\u017ei u kombinaciji dve aktivne materije koje deluju sinergijski, pru\u017eaju\u0107i optimalnu za\u0161titu usevu.<\/p>\n<h4><b>Aktivne materije<\/b><\/h4>\n<p><b>Foramsulfuron (22.5 g\/l):<\/b> Zaustavlja sintezu enzima acetolaktat-sintetaze (ALS), blokiraju\u0107i sintezu aminokiselina neophodnih za rast korova.<\/p>\n<p><b>Izoksadifen-etil (22.5 g\/l):<\/b> Protektant koji \u0161titi kukuruz ubrzavanjem razgradnje foramsulfurona u biljci kukuruza, dok u korovu razgradnje nema.<\/p>\n<p><b>Oblik i formulacija: <\/b>Uljna disperzija \u2013 OD<\/p>","protected":false},"featured_media":8376,"template":"","meta":[],"product_brand":[533],"product_cat":[449],"product_tag":[832],"class_list":{"0":"post-7886","1":"product","2":"type-product","3":"status-publish","4":"has-post-thumbnail","6":"product_brand-bayer","7":"product_cat-herbicidi-2","8":"product_tag-foramsulfuron-22-5-g-l-izoksadifen-etil-22-5-g-l","10":"first","11":"outofstock","12":"purchasable","13":"product-type-simple"},"_links":{"self":[{"href":"https:\/\/agrarpetrovic.rs\/en\/wp-json\/wp\/v2\/product\/7886","targetHints":{"allow":["GET"]}}],"collection":[{"href":"https:\/\/agrarpetrovic.rs\/en\/wp-json\/wp\/v2\/product"}],"about":[{"href":"https:\/\/agrarpetrovic.rs\/en\/wp-json\/wp\/v2\/types\/product"}],"wp:featuredmedia":[{"embeddable":true,"href":"https:\/\/agrarpetrovic.rs\/en\/wp-json\/wp\/v2\/media\/8376"}],"wp:attachment":[{"href":"https:\/\/agrarpetrovic.rs\/en\/wp-json\/wp\/v2\/media?parent=7886"}],"wp:term":[{"taxonomy":"product_brand","embeddable":true,"href":"https:\/\/agrarpetrovic.rs\/en\/wp-json\/wp\/v2\/product_brand?post=7886"},{"taxonomy":"product_cat","embeddable":true,"href":"https:\/\/agrarpetrovic.rs\/en\/wp-json\/wp\/v2\/product_cat?post=7886"},{"taxonomy":"product_tag","embeddable":true,"href":"https:\/\/agrarpetrovic.rs\/en\/wp-json\/wp\/v2\/product_tag?post=7886"}],"curies":[{"name":"wp","href":"https:\/\/api.w.org\/{rel}","templated":true}]}}