{"id":7887,"date":"2025-09-20T00:10:50","date_gmt":"2025-09-19T22:10:50","guid":{"rendered":"https:\/\/agrarpetrovic.rs\/proizvod\/exalt-50-ml-insekticid\/"},"modified":"2025-10-23T11:55:57","modified_gmt":"2025-10-23T09:55:57","slug":"exalt-50-ml-insekticid","status":"publish","type":"product","link":"https:\/\/agrarpetrovic.rs\/en\/proizvod\/exalt-50-ml-insekticid\/","title":{"rendered":"Exalt 50 ml &#8211; insekticid"},"content":{"rendered":"<div class=\"product-harvest\">\n<p class=\"detail\"><strong>Primena:<\/strong><\/p>\n<table>\n<thead>\n<tr class=\"bg-7\">\n<th>USEV \/ ZASAD<\/th>\n<th>KOLI\u010cINA PRIMENE<\/th>\n<th>VREME PRIMENE<\/th>\n<\/tr>\n<\/thead>\n<tbody>\n<tr class=\"bg-sec-7\">\n<td class=\"bg-7\"><a href=\"https:\/\/www.agromarketsrbija.rs\/srb\/zastita-bilja\/programi-zastite\/1013\/Kupusasto-povrce\">KUPUS (na otvorenom)<\/a><\/td>\n<td>2,0 (20 ml na 100m\u00b2)<\/td>\n<td>Kada su kotiledoni potpuno razvijeni \u2013 vidljiva vegetaciona kupa ili po\u010detak pravog lista, pa do faze kada je glavica tipi\u010dne veli\u010dine, oblika i \u010dvrsto\u0107e (BBCH 10-49)<\/td>\n<\/tr>\n<tr class=\"bg-sec-7\">\n<td class=\"bg-7\"><a href=\"https:\/\/www.agromarketsrbija.rs\/srb\/zastita-bilja\/programi-zastite\/1013\/Kupusasto-povrce\">PROKELJ, KARFIOL, BROKOLI (na otvorenom)<\/a><\/td>\n<td>2,0 (20 ml na 100m\u00b2)<\/td>\n<td>Kada su kotiledoni potpuno razvijeni \u2013 vidljiva vegetaciona kupa ili po\u010detak pravog lista, pa do faze kada je glavica karfiola i brokolia tipi\u010dne veli\u010dine, oblika i \u010dvrsto\u0107e, a vr\u0161ni pupoljci prokelja jo\u0161 uvek zatvoreni (BBCH 10-49)<\/td>\n<\/tr>\n<tr class=\"bg-sec-7\">\n<td class=\"bg-7\"><a href=\"https:\/\/www.agromarketsrbija.rs\/srb\/zastita-bilja\/programi-zastite\/1011\/Krastavac-Lubenica-Dinja-Tikva\">KRASTAVAC, KORNI\u0160ON, TIKVICA<\/a><\/td>\n<td>2 \u2013 2,4 (20-24 ml na 100m\u00b2)<\/td>\n<td>Na otvorenom: od razvijenog 4. pravog lista na glavnom stablu do pune zrelosti, kad plodovi imaju boju zrelosti (BBCH 14-89); U zatvorenom: od razvijenog 1. pravog lista glavnog stabla do pune zrelosti, kad plodovi imaju boju zrelosti (BBCH 11-89)<\/td>\n<\/tr>\n<tr class=\"bg-sec-7\">\n<td class=\"bg-7\"><a href=\"https:\/\/www.agromarketsrbija.rs\/srb\/zastita-bilja\/programi-zastite\/1012\/Paprika\">PAPRIKA, PAPRIKA LJUTA<\/a><\/td>\n<td>2 \u2013 2,4 (20-24 ml na 100m\u00b2)<\/td>\n<td>Od faze kada je prvi pravi list glavnog stabla razvijen, pa do pune zrelosti, kad plodovi imaju tipi\u010dnu boju zrelosti (BBCH 14-89)<\/td>\n<\/tr>\n<tr class=\"bg-sec-7\">\n<td class=\"bg-7\"><a href=\"https:\/\/www.agromarketsrbija.rs\/srb\/zastita-bilja\/programi-zastite\/1010\/Paradajz-i-plavi-patlidzan\">PARADAJZ, PLAVI PATLID\u017dAN<\/a><\/td>\n<td>2 \u2013 2,4 (20-24 ml na 100m\u00b2)<\/td>\n<td>Od faze kada je razvijen \u010detvrti pravi list pa do pune zrelosti (BBCH 14-89)<\/td>\n<\/tr>\n<tr class=\"bg-sec-7\">\n<td class=\"bg-7\"><a href=\"https:\/\/www.agromarketsrbija.rs\/srb\/zastita-bilja\/programi-zastite\/1011\/Krastavac-Lubenica-Dinja-Tikva\">DINJA, LUBENICA TIKVA<\/a><\/td>\n<td>2 \u2013 2,4 (20-24 ml na 100m\u00b2)<\/td>\n<td>Od faze kada je potpuno razvijen \u010detvrti pravi list na glavnom stablu, pa do pune zrelosti, kada plodovi imaju karakteristi\u010dnu boju zrelosti (BBCH 14-89)<\/td>\n<\/tr>\n<tr class=\"bg-sec-7\">\n<td class=\"bg-7\"><a href=\"https:\/\/www.agromarketsrbija.rs\/srb\/zastita-bilja\/programi-zastite\/1025\/Malina\">MALINA (na otvorenom)<\/a><\/td>\n<td>2 \u2013 2,4 (20-24 ml na 100m\u00b2)<\/td>\n<td>Od faze kada je prvi list razvijen, pa do druge berbe: ve\u0107ina plodova je obojena (BBCH 11-89)<\/td>\n<\/tr>\n<tr class=\"bg-sec-7\">\n<td class=\"bg-7\"><a href=\"https:\/\/www.agromarketsrbija.rs\/srb\/zastita-bilja\/programi-zastite\/1027\/Jagoda\">JAGODA<\/a><\/td>\n<td>2,0 (20 ml na 100 m\u00b2)<\/td>\n<td>Od faze kada je prvi list razvijen, pa do druge berbe: ve\u0107ina plodova je obojena (BBCH 11-89)<\/td>\n<\/tr>\n<tr class=\"bg-sec-7\">\n<td class=\"bg-7\"><a href=\"https:\/\/www.agromarketsrbija.rs\/srb\/zastita-bilja\/programi-zastite\/1029\/Borovnica-i-aronija\">RIBIZLA, BOROVNICA (na otvorenom)<\/a><\/td>\n<td>2 \u2013 2,4 (20-24 ml na 100m\u00b2)<\/td>\n<td>Od faze kada je prvi list razvijen, pa do druge berbe: ve\u0107ina plodova je obojena (BBCH 11-89)<\/td>\n<\/tr>\n<tr class=\"bg-sec-7\">\n<td class=\"bg-7\"><a href=\"https:\/\/www.agromarketsrbija.rs\/srb\/zastita-bilja\/programi-zastite\/1014\/Lisnato-povrce\">ZELENA SALATA MATOVILAC RUKOLA, SPANA\u0106, CVEKLA (na otvorenom<\/a><\/td>\n<td>2,0 (20 ml na 100m\u00b2)<\/td>\n<td>Od faze kada je prvi pravi list razvijen, pa do faze kada je dostignuta karakteristi\u010dna veli\u010dina (BBCH 11-49)<\/td>\n<\/tr>\n<tr class=\"bg-sec-7\">\n<td class=\"bg-7\"><a href=\"https:\/\/www.agromarketsrbija.rs\/srb\/zastita-bilja\/programi-zastite\/1014\/Lisnato-povrce\">ZELENA SALATA MATOVILAC RUKOLA (u zatvorenom)<\/a><\/td>\n<td>2,0 (20 ml na 100m\u00b2)<\/td>\n<td>Od faze kada je prvi pravi list razvijen, pa do faze kada je dostignuta karakteristi\u010dna veli\u010dina (BBCH 11-49)<\/td>\n<\/tr>\n<tr class=\"bg-sec-7\">\n<td class=\"bg-7\"><a href=\"https:\/\/www.agromarketsrbija.rs\/srb\/zastita-bilja\/programi-zastite\/1017\/Mrkva-Pastrnak-Persun-Celer-Ren\">BOSILJAK, CELER LI\u0160\u0106AR, LUK ZA SALATU (mladi luk) ESTRAGON LOVOROV LIST PER\u0160UN, RUZMARIN \u010cAJ MATI\u010cNJAK<\/a><\/td>\n<td>2,0 l\/ha (20 ml na 100m\u00b2)<\/td>\n<td>Od faze kada je prvi pravi list razvijen, pa do faze kada je dostignuta karakteristi\u010dna veli\u010dina (BBCH 11-49)<\/td>\n<\/tr>\n<tr class=\"bg-sec-7\">\n<td class=\"bg-7\"><a href=\"https:\/\/www.agromarketsrbija.rs\/srb\/zastita-bilja\/programi-zastite\/1031\/Cvece-i-ukrasno-bilje\">UKRASNE BILJKE (DRVE\u0106E I \u017dBUNJE, UKRASNE BILJKE, LUKOVICE, CVETNICE I ZELENE BILJKE, RU\u017dE)<\/a><\/td>\n<td>2,0 l\/ha (20 ml na 100m\u00b2)<\/td>\n<td>U svim fenofazama razvoja biljke<\/td>\n<\/tr>\n<\/tbody>\n<\/table>\n<\/div>\n<div class=\"product-info\">\n<p><strong>DELOVANJE<\/strong><\/p>\n<p>aktivna materija Spinetoram pripada grupi <em>Spinosina<\/em>, i deluje na nikotinske receptore insekata na druga\u010diji na\u010din od neonikotinoida ili drugih nikotinskih aktivnih supstanci. Efekti prime\u0107eni kod insekata izlo\u017eenih <em>Spinetoramu <\/em>uklju\u010duju progresivne simptome koji po\u010dinju kontrakcijama mi\u0161i\u0107a, podrhtavanjem, nedostatkom koordinacije, zamorom mi\u0161i\u0107a, prostraciju i paralizu, \u0161to na kraju dovodi do smrti insekata.<\/p>\n<p><strong>SPEKTAR DELOVANJA<\/strong><\/p>\n<p>Veliki kupusar (<em>Pieris brassicae<\/em>), pamukova-kukuruzna sovica (<em>Helicoverpa armigera<\/em>), kupusni moljac (<em>Plutella xylostella<\/em>), sovice iz roda <em>Spodoptera spp<\/em>., kupusna sovica (<em>Mamestra brassicae<\/em>) u usevu kupusa, karfiola, brokolija i prokelja; trips (<em>Thrips spp<\/em>.) kalifornijski trips (<em>Frankliniella occidentalis<\/em>), pamukova sovica (<em>Helicoverpa armigera<\/em>), sovice iz roda <em>Spodoptera spp<\/em>. u usevu krastavca, korni\u0161ona, dinja, lubenica, tikvi i tikvica, paradajza i plavog patlid\u017eana, paprike, per\u0161una, paprike ljute, zelene salate, matovilca, rukole, spana\u0107a, cvekle, bosiljka, celera za list, luka za salatu, estragona, lovora za list, peru\u0161una, ruzmarina, \u010daja, mati\u010dnjaka, kao i u zasadu ukrasnih biljaka (drve\u0107e i \u017ebunje, ukrasne biljke lukovice, cvetnice i zelene biljke, ru\u017ee, i u zasadu maline; moljac paradajza (<em>Tuta absoluta<\/em>) u usevu paradajza i plavog patlid\u017eana, paprike i paprike ljute; azijska vo\u0107na mu\u0161ica (<em>Drosophila suzukii<\/em>) u zasadima ribizle, borovnice, maline i jagode;<\/p>\n<p><strong>PREPORUKE I NAPOMENE<\/strong><\/p>\n<p>preparat primeniti u usevima kupusa, prokelja, karfiola, brokolija, dinje, lubenice, tikve, krastavca, korni\u0161ona, tikvice, zelene salate, matovilca, rukole, spana\u0107a, cvekle, bosiljka, celera li\u0161\u0107ara, luka za salatu, estragona, lovorovog lista, per\u0161una, ruzmarina, \u010daja, mati\u010dnjaka i u zasadima ukrasnih biljaka uz upotrebu 30 do 100 litara vode na 1000 m2, a u usevima paprike, paprika ljute, paradajza, plavog patlid\u017eana, i zasadima ribizle, borovnice, jagode i maline sa 20 do 100 litara vode na 1000 m<sup>2<\/sup>.<\/p>\n<p><strong>\u00a0<\/strong><\/p>\n<\/div>","protected":false},"excerpt":{"rendered":"<p class=\"detail\"><strong>Klasa:<\/strong> <span class=\"klasa\">Insekticid<\/span><\/p>\n<p class=\"detail\"><strong>Aktivna materija:<\/strong> <span class=\"aktivna-materija\">Spinetoram 25 g\/l<\/span><\/p>\n<p class=\"detail\"><strong>Formulacija:<\/strong> <span class=\"formulacija\">SC \u2013 koncentrovana suspenzija<\/span><\/p>\n<p class=\"detail\"><strong>Pakovanje:<\/strong> <span class=\"pakovanje\">50 ml, 250 ml, 1 l<\/span><\/p>\n<p class=\"detail\"><strong>Proizvo\u0111a\u010d:<\/strong> <span class=\"proizvo\u0111a\u010d\">Corteva Agriscience<\/span><\/p>\n<p class=\"detail\"><strong>Karenca:<\/strong> <span class=\"karenca\">3 dana &#8211; dinja, lubenica, tikva, malina, ribizla, borovnica, krastavac, korni\u0161on, tikvica, paradajz, plavi patlid\u017ean, paprika, paprika ljuta, jagoda, zelena salata, matovilac, rukola, spana\u0107, cvekla, bosiljak, celer li\u0161\u0107ar, luk za salatu, estragon, lovorov list, per\u0161un, ruzmarin, \u010daj, mati\u010dnjak; 7 dana &#8211; kupus, prokelj, karfiol, brokoli OVP &#8211; ukrasne biljke (drve\u0107e i \u017ebunje, ukrasne biljke lukovice, cvetnice i zelene biljke, ru\u017ee)<\/span><\/p>\n<p class=\"detail\"><strong>MBT:<\/strong> <span class=\"mbt\">kupus, prokelj, karfiol, brokoli, dinja, lubenica, tikva, malina, ribizla, borovnica \u2013 1; krastavac, korni\u0161on, tikvica, paradajz, plavi patlid\u017ean, paprika, paprika ljuta, jagoda, zelena salata, matovilac, rukola, spana\u0107, cvekla, bosiljak, celer li\u0161\u0107ar, luk za salatu, estragon, lovorov list, per\u0161un, ruzmarin, \u010daj, mati\u010dnjak, ukrasne biljke (drve\u0107e i \u017ebunje, ukrasne biljke lukovice, cvetnice i zelene biljke, ru\u017ee) \u2013 1 (na otvorenom), 3 (zatvoren prostor);<\/span><\/p>","protected":false},"featured_media":8643,"template":"","meta":[],"product_brand":[534],"product_cat":[480],"product_tag":[833],"class_list":{"0":"post-7887","1":"product","2":"type-product","3":"status-publish","4":"has-post-thumbnail","6":"product_brand-corteva","7":"product_cat-insekticidi-2","8":"product_tag-spinetoram-25-g-l","10":"first","11":"outofstock","12":"purchasable","13":"product-type-simple"},"_links":{"self":[{"href":"https:\/\/agrarpetrovic.rs\/en\/wp-json\/wp\/v2\/product\/7887","targetHints":{"allow":["GET"]}}],"collection":[{"href":"https:\/\/agrarpetrovic.rs\/en\/wp-json\/wp\/v2\/product"}],"about":[{"href":"https:\/\/agrarpetrovic.rs\/en\/wp-json\/wp\/v2\/types\/product"}],"wp:featuredmedia":[{"embeddable":true,"href":"https:\/\/agrarpetrovic.rs\/en\/wp-json\/wp\/v2\/media\/8643"}],"wp:attachment":[{"href":"https:\/\/agrarpetrovic.rs\/en\/wp-json\/wp\/v2\/media?parent=7887"}],"wp:term":[{"taxonomy":"product_brand","embeddable":true,"href":"https:\/\/agrarpetrovic.rs\/en\/wp-json\/wp\/v2\/product_brand?post=7887"},{"taxonomy":"product_cat","embeddable":true,"href":"https:\/\/agrarpetrovic.rs\/en\/wp-json\/wp\/v2\/product_cat?post=7887"},{"taxonomy":"product_tag","embeddable":true,"href":"https:\/\/agrarpetrovic.rs\/en\/wp-json\/wp\/v2\/product_tag?post=7887"}],"curies":[{"name":"wp","href":"https:\/\/api.w.org\/{rel}","templated":true}]}}