{"id":7894,"date":"2025-09-20T00:10:50","date_gmt":"2025-09-19T22:10:50","guid":{"rendered":"https:\/\/agrarpetrovic.rs\/proizvod\/fides-200-sc-5ml-insekticid\/"},"modified":"2025-10-27T10:48:07","modified_gmt":"2025-10-27T09:48:07","slug":"fides-200-sc-5-ml-insekticid","status":"publish","type":"product","link":"https:\/\/agrarpetrovic.rs\/en\/proizvod\/fides-200-sc-5-ml-insekticid\/","title":{"rendered":"Fides 200 SC 5 ml &#8211; insekticid"},"content":{"rendered":"<div class=\"product-harvest\">\n<p class=\"detail\"><strong>Primena:<\/strong><\/p>\n<table>\n<thead>\n<tr class=\"bg-7\">\n<th>USEV \/ ZASAD<\/th>\n<th>KOLI\u010cINA PRIMENE<\/th>\n<th>VREME PRIMENE<\/th>\n<\/tr>\n<\/thead>\n<tbody>\n<tr class=\"bg-sec-7\">\n<td class=\"bg-7\"><a href=\"https:\/\/www.agromarketsrbija.rs\/srb\/zastita-bilja\/programi-zastite\/1018\/Jabuka\">JABUKA<\/a><\/td>\n<td>0,03 \u2013 0,035 % (3 \u2013 3,5 ml\/10l vode)<\/td>\n<td>Na po\u010detku formiranja prvih kolonija va\u0161i<\/td>\n<\/tr>\n<tr class=\"bg-sec-7\">\n<td class=\"bg-7\"><a href=\"https:\/\/www.agromarketsrbija.rs\/srb\/zastita-bilja\/programi-zastite\/1012\/Paprika\">PAPRIKA<\/a><\/td>\n<td>300 &#8211; 350 ml\/ha (3-3.5ml na 100 m\u00b2)<\/td>\n<td>Na po\u010detku formiranja kolonija va\u0161i<\/td>\n<\/tr>\n<\/tbody>\n<\/table>\n<\/div>\n<div class=\"product-info\">\n<p><strong>DELOVANJE:\u00a0<\/strong><\/p>\n<p>aktivna materija pripada grupi <em>Pirimidinkarboksamida<\/em>, deluje tako da inhibira ishranu va\u0161i. Aktivna materija je klasifikovana u IRAC 29.<\/p>\n<p><strong>SPEKTAR DELOVANJA:<\/strong><\/p>\n<p>Zelena va\u0161 jabuke (<em>Aphis pomi<\/em>), zelena breskvina va\u0161 (<em>Myzus persicae<\/em>).<\/p>\n<p><strong>PREPORUKE I NAPOMENE:\u00a0<\/strong><\/p>\n<p>Ne preporu\u010duje se me\u0161anje sa preparatima za za\u0161titu bilja alkalne reakcije. Folijarno prskanje i oro\u0161avanje uz kori\u0161\u0107enje 600 &#8211; 1000 l\/ha (6 do 10 l na 100\u00a0m\u00b2 ) vode u zasadu jabuke, odnosno 300 do 600 l\/ha vode u usevu paprika (3 do 6 l na 100\u00a0m\u00b2 ).<\/p>\n<\/div>","protected":false},"excerpt":{"rendered":"<p class=\"detail\"><strong>Klasa:<\/strong> <span class=\"klasa\">Insekticid<\/span><\/p>\n<p class=\"detail\"><strong>Aktivna materija:<\/strong> <span class=\"aktivna-materija\">Flonikamid 200 g\/l<\/span><\/p>\n<p class=\"detail\"><strong>Formulacija:<\/strong> <span class=\"formulacija\">SC \u2013 koncentrovana suspenzija<\/span><\/p>\n<p class=\"detail\"><strong>Pakovanje:<\/strong> <span class=\"pakovanje\">5 ml, 50 ml, 500 ml<\/span><\/p>\n<p class=\"detail\"><strong>Karenca:<\/strong> <span class=\"karenca\">21 dan \u2013 jabuka; 5 dana \u2013 paprika<\/span><\/p>\n<p class=\"detail\"><strong>MDK:<\/strong> <span class=\"mdk\"> u skladu sa pozitivnim zakonodavstvom u zemljama EU<\/span><\/p>\n<p class=\"detail\"><strong>MBT:<\/strong> <span class=\"mbt\">2<\/span><\/p>","protected":false},"featured_media":8650,"template":"","meta":[],"product_brand":[529],"product_cat":[480],"product_tag":[601],"class_list":{"0":"post-7894","1":"product","2":"type-product","3":"status-publish","4":"has-post-thumbnail","6":"product_brand-agromarket","7":"product_cat-insekticidi-2","8":"product_tag-flonikamid-200-g-l","10":"first","11":"instock","12":"featured","13":"purchasable","14":"product-type-simple"},"_links":{"self":[{"href":"https:\/\/agrarpetrovic.rs\/en\/wp-json\/wp\/v2\/product\/7894","targetHints":{"allow":["GET"]}}],"collection":[{"href":"https:\/\/agrarpetrovic.rs\/en\/wp-json\/wp\/v2\/product"}],"about":[{"href":"https:\/\/agrarpetrovic.rs\/en\/wp-json\/wp\/v2\/types\/product"}],"wp:featuredmedia":[{"embeddable":true,"href":"https:\/\/agrarpetrovic.rs\/en\/wp-json\/wp\/v2\/media\/8650"}],"wp:attachment":[{"href":"https:\/\/agrarpetrovic.rs\/en\/wp-json\/wp\/v2\/media?parent=7894"}],"wp:term":[{"taxonomy":"product_brand","embeddable":true,"href":"https:\/\/agrarpetrovic.rs\/en\/wp-json\/wp\/v2\/product_brand?post=7894"},{"taxonomy":"product_cat","embeddable":true,"href":"https:\/\/agrarpetrovic.rs\/en\/wp-json\/wp\/v2\/product_cat?post=7894"},{"taxonomy":"product_tag","embeddable":true,"href":"https:\/\/agrarpetrovic.rs\/en\/wp-json\/wp\/v2\/product_tag?post=7894"}],"curies":[{"name":"wp","href":"https:\/\/api.w.org\/{rel}","templated":true}]}}