{"id":7896,"date":"2025-09-20T00:10:50","date_gmt":"2025-09-19T22:10:50","guid":{"rendered":"https:\/\/agrarpetrovic.rs\/proizvod\/flager-1-1-fungicid\/"},"modified":"2025-10-23T11:55:57","modified_gmt":"2025-10-23T09:55:57","slug":"flager-1-1-fungicid","status":"publish","type":"product","link":"https:\/\/agrarpetrovic.rs\/en\/proizvod\/flager-1-1-fungicid\/","title":{"rendered":"Flager 1\/1 &#8211; fungicid"},"content":{"rendered":"<div class=\"span9\">\n<div class=\"product-harvest\">\n<p class=\"detail\"><strong>Primena:<\/strong><\/p>\n<table>\n<thead>\n<tr class=\"bg-5\">\n<th>USEV \/ ZASAD<\/th>\n<th>KOLI\u010cINA PRIMENE<\/th>\n<th>VREME PRIMENE<\/th>\n<\/tr>\n<\/thead>\n<tbody>\n<tr class=\"bg-sec-5\">\n<td class=\"bg-5\"><a href=\"https:\/\/www.agromarketsrbija.rs\/srb\/zastita-bilja\/programi-zastite\/1002\/STRNA-ZITA\">P\u0160ENICA<\/a><\/td>\n<td>0,93 \u2013 1,0 (9, 375 g i 10 g na 100 m2)<\/td>\n<td>Tretiranje se vr\u0161i preventivno do punog cvetanja tj. zrelo 50% polenovih kesica BBCH 65 skale<\/td>\n<\/tr>\n<tr class=\"bg-sec-5\">\n<td class=\"bg-5\"><a href=\"https:\/\/www.agromarketsrbija.rs\/srb\/zastita-bilja\/programi-zastite\/1018\/Jabuka\">JABUKA<\/a><\/td>\n<td>1,25 (12,5 g na 100 m2)<\/td>\n<td>Tretiranje se vr\u0161i preventivno, tokom listanja, cvetanja i formiranja plodova (faze 10-78 BBCH skale)<\/td>\n<\/tr>\n<\/tbody>\n<\/table>\n<\/div>\n<div class=\"product-info\">\n<p><strong>DELOVANJE:<\/strong><\/p>\n<p>Aktivna materija pripada grupi Ftalimida. Fungicidi iz ove grupe deluju na vi\u0161e razli\u010ditih na\u010dina \u2013 \u201cMulti-site activity\u201d. Inhibitor sulfhidrilnih enzima (koji sadr\u017ee SH-grupu), odnosno u parazitnoj gljivici ometa delovanje brojnih enzima zbog \u010dega nastaju smetnje u metabolizmu uglejnih hidrata, aminoskielina i fostata.<\/p>\n<p><strong>SPEKTAR DELOVANJA:\u00a0<\/strong><\/p>\n<p>Prouzrokova\u010d \u010da\u0111ava pegavost li\u0161\u0107a i krastavost plodova jabuke (Venturia inaequalis), prouzrokova\u010d r\u0111e (Puccinia sp.) i sive pegavosti lista (Septoria tritici) p\u0161enice<\/p>\n<p><strong>PREPORUKE I NAPOMENE:\u00a0<\/strong><\/p>\n<p>Visoku efikasnost posti\u017ee se tretmanima na 5 do 10 dana u zasadu jabuke, odnosno na 14 dana u usevu p\u0161enice. Preparat se primenjuje folijarno, svim ure\u0111ajima za tretiranje sa zemlje uz utro\u0161ak 600-1000 l\/ha u zasadu jabuke, a 200 do 400 l\/ ha vode u usevu p\u0161enice. Tretiranje iz vazduhoplova nije dozvoljeno. Mo\u017ee se me\u0161ati (kompatibilnost) sa preparatima na bazi: bakar-oksihlorida, benalaksila, cimoksanila, dimetomorfa, fosetil-aluminijuma i metalaksila. Ipak, pre primene proveriti kompatibilnost. Ne sme se me\u0161ati (inkompatibilnost) sa insekticidima kisele reakcije, alkalnim preparatima, (Bordovskom \u010dorbom) i preparatima u obliku EC formulacija. U Srbiji i zemljama \u010dlanicama EU, preparati na bazi iste aktivne materije registrovani su za primenu u zasadima vinove loze, kru\u0161ke, \u0161ljive i ukrasnom bilju &#8211; cve\u0107e.<\/p>\n<\/div>\n<\/div>","protected":false},"excerpt":{"rendered":"<p class=\"detail\"><strong>Klasa:<\/strong> <span class=\"klasa\">Fungicidi<\/span><\/p>\n<p class=\"detail\"><strong>Aktivna materija:<\/strong> <span class=\"aktivna-materija\">Folpet 800 g\/kg<\/span><\/p>\n<p class=\"detail\"><strong>Formulacija:<\/strong> <span class=\"formulacija\">WG &#8211; vododisperzibilne granule<\/span><\/p>\n<p class=\"detail\"><strong>Karenca:<\/strong> <span class=\"karenca\"> jabuka \u2013 21 dan; p\u0161enica \u2013 42 dana<\/span><\/p>\n<p class=\"detail\"><strong>Radna karenca:<\/strong> <span class=\"radna-karenca\">48 sati <\/span><\/p>\n<p class=\"detail\"><strong>MBT:<\/strong> <span class=\"mbt\">2 p\u0161enica; 4 &#8211; jabuka <\/span><\/p>","protected":false},"featured_media":8654,"template":"","meta":[],"product_brand":[529],"product_cat":[415],"product_tag":[614],"class_list":{"0":"post-7896","1":"product","2":"type-product","3":"status-publish","4":"has-post-thumbnail","6":"product_brand-agromarket","7":"product_cat-fungicidi-2","8":"product_tag-folpet-800-g-kg","10":"first","11":"outofstock","12":"product-type-simple"},"_links":{"self":[{"href":"https:\/\/agrarpetrovic.rs\/en\/wp-json\/wp\/v2\/product\/7896","targetHints":{"allow":["GET"]}}],"collection":[{"href":"https:\/\/agrarpetrovic.rs\/en\/wp-json\/wp\/v2\/product"}],"about":[{"href":"https:\/\/agrarpetrovic.rs\/en\/wp-json\/wp\/v2\/types\/product"}],"wp:featuredmedia":[{"embeddable":true,"href":"https:\/\/agrarpetrovic.rs\/en\/wp-json\/wp\/v2\/media\/8654"}],"wp:attachment":[{"href":"https:\/\/agrarpetrovic.rs\/en\/wp-json\/wp\/v2\/media?parent=7896"}],"wp:term":[{"taxonomy":"product_brand","embeddable":true,"href":"https:\/\/agrarpetrovic.rs\/en\/wp-json\/wp\/v2\/product_brand?post=7896"},{"taxonomy":"product_cat","embeddable":true,"href":"https:\/\/agrarpetrovic.rs\/en\/wp-json\/wp\/v2\/product_cat?post=7896"},{"taxonomy":"product_tag","embeddable":true,"href":"https:\/\/agrarpetrovic.rs\/en\/wp-json\/wp\/v2\/product_tag?post=7896"}],"curies":[{"name":"wp","href":"https:\/\/api.w.org\/{rel}","templated":true}]}}