{"id":7898,"date":"2025-09-20T00:10:50","date_gmt":"2025-09-19T22:10:50","guid":{"rendered":"https:\/\/agrarpetrovic.rs\/proizvod\/flex-5-1\/"},"modified":"2025-10-23T11:55:58","modified_gmt":"2025-10-23T09:55:58","slug":"flex-5-1","status":"publish","type":"product","link":"https:\/\/agrarpetrovic.rs\/en\/proizvod\/flex-5-1\/","title":{"rendered":"Flex 5\/1 &#8211; herbicid"},"content":{"rendered":"<p>Primenjuje se u koli\u010dini od 1 &#8211; 1,5 l\/ha kada je soja u fazi prve do tre\u0107e troliske (BBCH11-12), a korovi su u fazi 2 do 4 lista, uz upotrebu 200 do 400 litara vode po hektaru. Potrebno je dodati nejonski surfaktant u radni rastvor. Preporu\u010duje se primena u ranim jutarnjim ili kasnim ve\u010dernjim satima. Herbicid je efikasan u suzbijanju \u0161irokolisnih korova poput Teofrastova lipica (Abutilon theophrasti), \u0160tir (Amaranthus retroflexus), Ambrozija pelenasta (Ambrosia artemisifolia), Pepeljuga (Chenopodium album), Tatula (Datura stramonium) Dvornik veliki (Polygonum lapatifolium), Dvornik obi\u010dni (Polygonum persicaria), Goru\u0161ica poljska (Sinapis arvensis), Pomo\u0107nica obi\u010dna (Solanum nigrum), \u010cistac jednogodi\u0161nji (Stachys annua), \u010ci\u010dak (Xanthium strumarium). U stresnim uslovima za biljke soje, primena mo\u017ee izazvati prolaznu fitotoksiju. Karenca je obezbe\u0111ena vremenom primene.<\/p>","protected":false},"excerpt":{"rendered":"<p>FLEX je selektivni kontaktni herbicid za suzbijanje jednogodi\u0161njih \u0161irokolisnih korova u usevu soje.<\/p>\n<p><strong>Aktivna materija<\/strong>: Fomesafen 250g\/lit.<\/p>\n<p><strong>Klasa<\/strong>: herbicid<\/p>\n<p><strong>Proizvo\u0111a\u010d<\/strong>: Syngenta<\/p>","protected":false},"featured_media":8970,"template":"","meta":[],"product_brand":[531],"product_cat":[532],"product_tag":[839],"class_list":{"0":"post-7898","1":"product","2":"type-product","3":"status-publish","4":"has-post-thumbnail","6":"product_brand-sygenta","7":"product_cat-hemija","8":"product_tag-fomesafen-250g-lit","10":"first","11":"outofstock","12":"product-type-simple"},"_links":{"self":[{"href":"https:\/\/agrarpetrovic.rs\/en\/wp-json\/wp\/v2\/product\/7898","targetHints":{"allow":["GET"]}}],"collection":[{"href":"https:\/\/agrarpetrovic.rs\/en\/wp-json\/wp\/v2\/product"}],"about":[{"href":"https:\/\/agrarpetrovic.rs\/en\/wp-json\/wp\/v2\/types\/product"}],"wp:featuredmedia":[{"embeddable":true,"href":"https:\/\/agrarpetrovic.rs\/en\/wp-json\/wp\/v2\/media\/8970"}],"wp:attachment":[{"href":"https:\/\/agrarpetrovic.rs\/en\/wp-json\/wp\/v2\/media?parent=7898"}],"wp:term":[{"taxonomy":"product_brand","embeddable":true,"href":"https:\/\/agrarpetrovic.rs\/en\/wp-json\/wp\/v2\/product_brand?post=7898"},{"taxonomy":"product_cat","embeddable":true,"href":"https:\/\/agrarpetrovic.rs\/en\/wp-json\/wp\/v2\/product_cat?post=7898"},{"taxonomy":"product_tag","embeddable":true,"href":"https:\/\/agrarpetrovic.rs\/en\/wp-json\/wp\/v2\/product_tag?post=7898"}],"curies":[{"name":"wp","href":"https:\/\/api.w.org\/{rel}","templated":true}]}}