{"id":7900,"date":"2025-09-20T00:10:54","date_gmt":"2025-09-19T22:10:54","guid":{"rendered":"https:\/\/agrarpetrovic.rs\/proizvod\/floyd5-l-herbicid\/"},"modified":"2025-10-23T11:56:03","modified_gmt":"2025-10-23T09:56:03","slug":"floyd-5-l-herbicid","status":"publish","type":"product","link":"https:\/\/agrarpetrovic.rs\/en\/proizvod\/floyd-5-l-herbicid\/","title":{"rendered":"Floyd 5 l &#8211; herbicid"},"content":{"rendered":"<div class=\"product-harvest\">\n<p class=\"detail\"><strong>Primena:<\/strong><\/p>\n<table>\n<thead>\n<tr class=\"bg-4\">\n<th>USEV \/ ZASAD<\/th>\n<th>KOLI\u010cINA PRIMENE<\/th>\n<th>VREME PRIMENE<\/th>\n<\/tr>\n<\/thead>\n<tbody>\n<tr class=\"bg-sec-4\">\n<td class=\"bg-4\"><a href=\"https:\/\/www.agromarketsrbija.rs\/srb\/zastita-bilja\/programi-zastite\/1003\/Soja\">SOJA<\/a><\/td>\n<td>0,8 \u2013 1,3 l\/ha (8 \u2013 13 ml na 100 m\u00b2)<\/td>\n<td>Tretman kada su korovi u fazi 3 do 5 listova, a najkasnije do po\u010detka cvetanja useva<\/td>\n<\/tr>\n<tr class=\"bg-sec-4\">\n<td class=\"bg-4\"><a href=\"https:\/\/www.agromarketsrbija.rs\/srb\/zastita-bilja\/programi-zastite\/1005\/Suncokret\">SUNCOKRET<\/a><\/td>\n<td>0,8 \u2013 1,3 l\/ha (8 \u2013 13 ml na 100 m\u00b2)<\/td>\n<td>Tretman kada su korovi u fazi 3 do 5 listova, a najkasnije do po\u010detka cvetanja useva<\/td>\n<\/tr>\n<\/tbody>\n<\/table>\n<\/div>\n<div class=\"product-info\">\n<div><strong>DELOVANJE:<\/strong><\/div>\n<div>\n<p>herbicid na bazi aktivne materije <em>Fluazifop-P-butil<\/em>, pripada grupi <em>Ariloksifenoksipropionata<\/em>. Translocira se simplastom (uklju\u010duju\u0107i i floem) i akumulira u meristemskim delovima korena i stabla. Inhibira sintezu masnih kiselina i blokira produkciju fosfolipida koji su neophodni u izgradnji \u0107elijskih membrana, te rast \u0107elija.<\/p>\n<\/div>\n<div><\/div>\n<div>\n<div><strong>SPEKTAR DELOVANJA:<\/strong><\/div>\n<div>\n<p>JEDNOGODI\u0160NJE I VI\u0160EGODI\u0160NJE USKOLISNE KOROVSKE VRSTE<\/p>\n<p>svra\u010dice (<em>Digitaria sanguinalis<\/em>), proso korovsko (<em>Echinochloa crus-galli<\/em>), divlji sirak iz semena i rizoma (<em>Sorghum halepense<\/em>), pirevina obi\u010dna (<em>Agropyron repens<\/em>), zuba\u010da obi\u010dna (<em>Cynodon dactylon<\/em>).<\/p>\n<\/div>\n<div><strong>PREPORUKE I NAPOMENE:\u00a0<\/strong><\/div>\n<div>\n<p>Ni\u017ea (0,8 l\/ha) koli\u010dina primene preporu\u010duje se za suzbijanje jednogodi\u0161njih korovskih vrsta, a optimalna (1,3 l\/ha) za vi\u0161egodi\u0161nje korovske vrste. Prilikom tretiranja spre\u010diti \u201czano\u0161enje\u201d kapi na susedne osetljive uskolisne useve kao \u0161to su strna \u017eita i kukuruz.<\/p>\n<p>Tretiranje iz vazduhoplova nije dozvoljeno.<\/p>\n<p><strong>Ne preporu<\/strong><strong>\u010d<\/strong><strong>uje se primena nakon formiranja 4 para listova suncokreta. Ne preporu<\/strong><strong>\u010d<\/strong><strong>uje se primena na temperaturama iznad 26\u00b0<\/strong><strong>C.<\/strong><\/p>\n<\/div>\n<\/div>\n<\/div>","protected":false},"excerpt":{"rendered":"<p class=\"detail\"><strong>Klasa:<\/strong> <span class=\"klasa\">Selektivni translokacioni herbicid<\/span><\/p>\n<p class=\"detail\"><strong>Aktivna materija:<\/strong> <span class=\"aktivna-materija\">Fluazifop-P-butil 150 g\/l<\/span><\/p>\n<p class=\"detail\"><strong>Formulacija:<\/strong> <span class=\"formulacija\">EC \u2013 koncentrat za emulziju<\/span><\/p>\n<p class=\"detail\"><strong>Pakovanje:<\/strong> <span class=\"pakovanje\">250 ml, 1 l, 5 l, 10 l <\/span><\/p>\n<p class=\"detail\"><strong>Karenca:<\/strong> <span class=\"karenca\">OVP<\/span><\/p>\n<p class=\"detail\"><strong>Plodored:<\/strong> <span class=\"plodored\">u slu\u010daju prevremenog skidanja ili preoravanja useva na tretiranim povr\u0161inama, najmanje 2 meseca od primene ne smeju se sejati strna \u017eita i kukuruz<\/span><\/p>","protected":false},"featured_media":8462,"template":"","meta":[],"product_brand":[529],"product_cat":[449],"product_tag":[605],"class_list":{"0":"post-7900","1":"product","2":"type-product","3":"status-publish","4":"has-post-thumbnail","6":"product_brand-agromarket","7":"product_cat-herbicidi-2","8":"product_tag-fluazifop-p-butil-150-g-l","10":"first","11":"outofstock","12":"product-type-simple"},"_links":{"self":[{"href":"https:\/\/agrarpetrovic.rs\/en\/wp-json\/wp\/v2\/product\/7900","targetHints":{"allow":["GET"]}}],"collection":[{"href":"https:\/\/agrarpetrovic.rs\/en\/wp-json\/wp\/v2\/product"}],"about":[{"href":"https:\/\/agrarpetrovic.rs\/en\/wp-json\/wp\/v2\/types\/product"}],"wp:featuredmedia":[{"embeddable":true,"href":"https:\/\/agrarpetrovic.rs\/en\/wp-json\/wp\/v2\/media\/8462"}],"wp:attachment":[{"href":"https:\/\/agrarpetrovic.rs\/en\/wp-json\/wp\/v2\/media?parent=7900"}],"wp:term":[{"taxonomy":"product_brand","embeddable":true,"href":"https:\/\/agrarpetrovic.rs\/en\/wp-json\/wp\/v2\/product_brand?post=7900"},{"taxonomy":"product_cat","embeddable":true,"href":"https:\/\/agrarpetrovic.rs\/en\/wp-json\/wp\/v2\/product_cat?post=7900"},{"taxonomy":"product_tag","embeddable":true,"href":"https:\/\/agrarpetrovic.rs\/en\/wp-json\/wp\/v2\/product_tag?post=7900"}],"curies":[{"name":"wp","href":"https:\/\/api.w.org\/{rel}","templated":true}]}}