{"id":7902,"date":"2025-09-20T00:10:54","date_gmt":"2025-09-19T22:10:54","guid":{"rendered":"https:\/\/agrarpetrovic.rs\/proizvod\/fontelis-1-1-fungicid\/"},"modified":"2025-10-23T11:56:03","modified_gmt":"2025-10-23T09:56:03","slug":"fontelis-1-1-fungicid","status":"publish","type":"product","link":"https:\/\/agrarpetrovic.rs\/en\/proizvod\/fontelis-1-1-fungicid\/","title":{"rendered":"Fontelis 1\/1 &#8211; fungicid"},"content":{"rendered":"<p><strong>Doze i period upotrebe:<\/strong><\/p>\n<p>Jabuka i kru\u0161ka: za suzbijanje prouzrokova\u010da \u010da\u0111ave pegavosti lista i krastavosti plodova (Venturia inaequalis i Venturia pirina), prouzrokova\u010da pepelnice (Podosphaera leucotricha), alternarijske pegavosti (Alternaria spp.) i prouzrokova\u010da sme\u0111e pegavosti na kru\u0161kama (Stemphylium vesicarium). Koli\u010dina primene: 0,75 &#8211; 1,125 l\/ha (nanosi se 75 ml\/hl FONTELIS-a rastvorenog u 1000-1500 litara vode), odnosno (750-1125 ml proizvoda po ha) uz standardnu visinu stabla 2,5 do 3,5 m.<\/p>\n<p>Fontelis se primenjuje u fazama razvoja jabuke i kru\u0161ke BBCH 60 \u2013 89, odnosno od otvaranja prvih cvetova do punog sazrevanja plodova. U slu\u010daju primene do kraja cvetanja, koristiti koli\u010dinu vode izme\u0111u 1000-1200 l\/ha (750-900 ml proizvoda po ha).<\/p>\n<p><strong>Minimalni vremenski razmak\u00a0izme\u0111u 2 tretmana<\/strong> je 7 dana. Primenjivati najvi\u0161e 2 puta godi\u0161nje na istoj povr\u0161ini.<\/p>\n<p>Breskva, nektarina i kajsija: za suzbijanje prouzrokova\u010da trule\u017ei plodova (Monilia laxa, Monilia fructigena i Monilia fructicola) i prouzrokova\u010da pepelnice (Podosphaera tridactyla i Sphaerotheca pannosa) tokom faze cvetanja (BBCH 71) izvr\u0161iti samo jedno nano\u0161enje u dozi od 1,2 l\/ha FONTELIS-a rastvorenog u 500 &#8211; 1000 litara vode; tokom faze razvoja i zrenja vo\u0107a (BBCH 89), izvr\u0161iti najvi\u0161e 2 primene u dozi od 1,5 l\/ha proizvoda rastvorenog u 500-1000 litara vode.<\/p>\n<p>Minimalni razmak izme\u0111u tretmana je 7 dana. Primenjivati najvi\u0161e 2 puta godi\u0161nje na istoj povr\u0161ini.<\/p>\n<p>Paradajz i plavi patlid\u017ean: za suzbijanje prouzrokova\u010da sive trule\u017ei (Botrytis cinerea) i bele trule\u017ei (Sclerotinia spp.). Na otvorenom polju primeniti 2,4 l\/ha Fontelis-a sa zapreminom vode izme\u0111u 500 i 1200 l\/ha;<\/p>\n<p>Fontelis se primenjuje od faze vidljivog prvog cvetnog pupoljka (BBCH 51) do faze pune zrelosti plodova (BBCH 89).<\/p>\n<p>Primenjivati najvi\u0161e 2 puta godi\u0161nje, pri \u010demu treba po\u0161tovati minimalni interval od 5 dana izme\u0111u primena.<\/p>\n<p>Paprika u za\u0161ti\u0107enom prostoru: za suzbijanje prouzrokova\u010da sive trule\u017ei (Botrytis cinerea) primenjuje se 2 l\/ha proizvoda rastvorenog u 500-1000 l\/ha vode.<\/p>\n<p>Fontelis se primenjuje od faze vidljivog prvog cvetnog pupoljka (BBCH 51) do faze pune zrelosti plodova (BBCH 89).<br \/>\nPrimenjivati najvi\u0161e 2 puta godi\u0161nje pri \u010demu treba po\u0161tovati minimalni interval od 5 dana izme\u0111u<br \/>\nprimena.<\/p>\n<p>Krastavac: za suzbijanje prouzrokova\u010da sive trule\u017ei (Botrytis cinerea), prouzrokova\u010da bele trule\u017ei (Sclerotinia spp.) i prouzrokova\u010da pepelnice (Sphaeroteca fuliginea) u otvorenom polju, primenjuje se 2,4 l\/ha Fontelis-a sa zapreminom vode izme\u0111u 500 i 1200 l\/ha.<\/p>\n<p>Fontelis se primenjuje od faze vidljivog prvog cvetnog pupoljka (BBCH 51) do faze pune zrelosti plodova<br \/>\n(BBCH 89). Primenjivati najvi\u0161e 1 put godi\u0161nje.<\/p>\n<p>U za\u0161titi uzgoja koristiti 2 l\/ha proizvoda sa zapreminom vode izme\u0111u 500 i 1000 l\/ha; Primenjivati najvi\u0161e 2 puta godi\u0161nje, pri \u010demu treba<br \/>\npo\u0161tovati minimalni interval od 5 dana izme\u0111u tretmana.<\/p>\n<p>Zelena salata, matovilac, kres salata, rukola, lisnata i rebrasta blitva, spana\u0107: za suzbijanje prouzrokova\u010da sive trule\u017ei (Botrytis cinerea) i prouzrokova\u010da bele trule\u017ei (Sclerotinia spp.) u otvorenom polju, primenjuje se 1,5 l\/ha proizvoda sa zapreminom vode izme\u0111u 200 i 1000 l\/ha.<br \/>\nFontelis se primenjuje od faze zavr\u0161enog razvitka rozete (BBCH 40) do faze dostignu\u0107a karakteristi\u010dne visine biljaka (BBCH 49). Primenjivati najvi\u0161e 1 put godi\u0161nje.<\/p>\n<p>Jagoda u otvorenom polju i u za\u0161ti\u0107enom uzgoju: za suzbijanje prouzrokova\u010da sive trule\u017ei (Botrytis cinerea) primenjuje se 900 ml\/ha proizvoda sa zapreminom vode izme\u0111u 200 i 1000l\/ha.<\/p>\n<p>Fontelis\u00ae se primenjuje od faze pojave prve grupe cvetova na dnu rozete (BBCH 55) do faze druge berbe, jo\u0161 vi\u0161e obojenih plodova (BBCH 89).<\/p>\n<p>Primenjivati najvi\u0161e 2 puta godi\u0161nje, pri \u010demu treba po\u0161tovati minimalni interval od 5 dana izme\u0111u tretmana.<\/p>\n<p>Nakon primene, oko 20% ostaje na povr\u0161ini lista.<br \/>\nPreventivno delovanje i produ\u017eeno trajanja dejstva proizvoda 75% prodire u epidermis.<br \/>\nPrimarni izvor za\u0161tite od patogena.<br \/>\nAktivni rezervoar za slu\u010daj ispiranja ki\u0161om.<br \/>\nRezerva za dalji prodor u tkivo, 5% prodire u sprovodna tkiva (ksilem).<br \/>\nTranslaminarno i akropetalno kretanje &#8211; pove\u0107ana za\u0161tita.<\/p>","protected":false},"excerpt":{"rendered":"<p><strong>Aktivna materija:<\/strong>\u00a0Pentiopirad 200 g\/l<\/p>\n<p><strong>Primena:\u00a0<\/strong>Preparat Fontelis je fungicid sa \u0161irokim spektrom delovanja za upotrebu u jabu\u010dastom vo\u0107u,ko\u0161ti\u010davom vo\u0107u, jagodama i nekim povrtarstkim kulturama.<\/p>","protected":false},"featured_media":8464,"template":"","meta":[],"product_brand":[534],"product_cat":[415],"product_tag":[683],"class_list":{"0":"post-7902","1":"product","2":"type-product","3":"status-publish","4":"has-post-thumbnail","6":"product_brand-corteva","7":"product_cat-fungicidi-2","8":"product_tag-pentiopirad","10":"first","11":"outofstock","12":"product-type-simple"},"_links":{"self":[{"href":"https:\/\/agrarpetrovic.rs\/en\/wp-json\/wp\/v2\/product\/7902","targetHints":{"allow":["GET"]}}],"collection":[{"href":"https:\/\/agrarpetrovic.rs\/en\/wp-json\/wp\/v2\/product"}],"about":[{"href":"https:\/\/agrarpetrovic.rs\/en\/wp-json\/wp\/v2\/types\/product"}],"wp:featuredmedia":[{"embeddable":true,"href":"https:\/\/agrarpetrovic.rs\/en\/wp-json\/wp\/v2\/media\/8464"}],"wp:attachment":[{"href":"https:\/\/agrarpetrovic.rs\/en\/wp-json\/wp\/v2\/media?parent=7902"}],"wp:term":[{"taxonomy":"product_brand","embeddable":true,"href":"https:\/\/agrarpetrovic.rs\/en\/wp-json\/wp\/v2\/product_brand?post=7902"},{"taxonomy":"product_cat","embeddable":true,"href":"https:\/\/agrarpetrovic.rs\/en\/wp-json\/wp\/v2\/product_cat?post=7902"},{"taxonomy":"product_tag","embeddable":true,"href":"https:\/\/agrarpetrovic.rs\/en\/wp-json\/wp\/v2\/product_tag?post=7902"}],"curies":[{"name":"wp","href":"https:\/\/api.w.org\/{rel}","templated":true}]}}