{"id":7906,"date":"2025-09-20T00:10:54","date_gmt":"2025-09-19T22:10:54","guid":{"rendered":"https:\/\/agrarpetrovic.rs\/proizvod\/fostonik-80-wp-30-g-fungicid\/"},"modified":"2025-10-23T11:56:03","modified_gmt":"2025-10-23T09:56:03","slug":"fostonic-80-wp-30-g-fungicid","status":"publish","type":"product","link":"https:\/\/agrarpetrovic.rs\/en\/proizvod\/fostonic-80-wp-30-g-fungicid\/","title":{"rendered":"Fostonic 80 WP 30 g &#8211; fungicid"},"content":{"rendered":"<div class=\"product-harvest\">\n<p class=\"detail\"><strong>Primena:<\/strong><\/p>\n<table>\n<thead>\n<tr class=\"bg-5\">\n<th>USEV \/ ZASAD<\/th>\n<th>KOLI\u010cINA PRIMENE<\/th>\n<th>VREME PRIMENE<\/th>\n<\/tr>\n<\/thead>\n<tbody>\n<tr class=\"bg-sec-5\">\n<td class=\"bg-5\"><a href=\"https:\/\/www.agromarket.rs\/srb\/zastita-bilja\/programi-zastite\/1011\/Krastavac-Lubenica-Dinja-Tikva\">Lubenica<\/a><\/td>\n<td>0.22-0.37 % (25-37 g u 10 l vode)<\/td>\n<td>Tretiranjem od faze pred cvetanje i dalje po potrebi (faze 57-75 BBCH skale)<\/td>\n<\/tr>\n<tr class=\"bg-sec-5\">\n<td class=\"bg-5\"><a href=\"https:\/\/www.agromarket.rs\/srb\/zastita-bilja\/programi-zastite\/1020\/Vinova-loza\">Vinova loza<\/a><\/td>\n<td>0.2% (20 g u 10 l vode)<\/td>\n<td>Tretiranjem od faze pred cvetanje i dalje po potrebi (faze 57-75 BBCH skale)<\/td>\n<\/tr>\n<\/tbody>\n<\/table>\n<\/div>\n<div class=\"product-info\">\n<p><strong>DELOVANJE:\u00a0<\/strong><\/p>\n<p>Fostonic 80 WP je sistemi\u010dni fungicid sa protektivnim i kurativnim delovanjem.\u00a0Inhibira klijanje spora, blokira razvoj micelije i sporulaciju. Pravi sistemi\u010dni fungicid. Aktivna\u00a0materija se brzo usvaja, a zatim prenosi po celoj biljci. Pru\u017ea za\u0161titu od korena do vegetacione\u00a0kupe. Istovremeno podsti\u010de i prirodni odbrambeni mehanizam biljaka.<\/p>\n<p><strong>SPEKTAR DELOVANJA:<\/strong><\/p>\n<p>Namenjen je suzbijanju prouzrokova\u010da plamenja\u010de vinove loze\u00a0<em>(Plasmopara viticola)<\/em> i prouzrokova\u010da plamenja\u010de lubenica\u00a0<em>(Pseudoperonospora cubensis)<\/em>.<\/p>\n<p><strong><span class=\"podnaslovPoglavljaZS\">PREPORUKE I NAPOMENE::<\/span><\/strong><\/p>\n<p class=\"text-left\">Ne me\u0161a se sa insekticidima kisele reakcije (dihlorvos, heptenfos), Bordovskom \u010dorbom, fentin hidroksidom i folijarnim sredstvima za ishranu bilja. Treba tretirati preventivno pre pojave zaraze, takvim na\u010dinom za\u0161tite posti\u017ee se razvoj zdrave biljke. Na ve\u0107 zara\u017eenim biljkama preparat ne posti\u017ee optimalno delovanje. Nema opasnosti od rezistencije. Odli\u010dna\u00a0preventiva u za\u0161titi protiv bakterija kod mnogih biljnih vrsta. Zajedno\u00a0sa fungicidima Proplant i Funomil pru\u017ea za\u0161titu mladih biljaka protiv\u00a0parazita u zemlji\u0161tu (poleganje rasada, fuzarioza i dr.).<\/p>\n<\/div>","protected":false},"excerpt":{"rendered":"<p class=\"detail\"><strong>Klasa:<\/strong>Fungicidi<\/p>\n<p class=\"detail\"><strong>Aktivna materija:<\/strong>Fosetil-aluminijum 800 g\/kg<\/p>\n<p class=\"detail\"><strong>Formulacija:<\/strong>WP-kva\u0161ljivi pra\u0161ak<\/p>\n<p class=\"detail\"><strong>Pakovanje:<\/strong>30 g, 1 kg<\/p>\n<p class=\"detail\"><strong>Proizvo\u0111a\u010d:<\/strong>Arysta Life Science<\/p>\n<p class=\"detail\"><strong>Karenca:<\/strong>42 dana za vinovu lozu; 21 dan za lubenicu<\/p>\n<p class=\"detail\"><strong>MBT:<\/strong>2 za vinovu lozu, 3 za lubenicu<\/p>\n<p class=\"detail\"><strong>MDK(mg\/kg):<\/strong>5,0 \u2013 vinova loza; 1,0 \u2013 lubenica<\/p>","protected":false},"featured_media":8663,"template":"","meta":[],"product_brand":[529],"product_cat":[415],"product_tag":[619],"class_list":{"0":"post-7906","1":"product","2":"type-product","3":"status-publish","4":"has-post-thumbnail","6":"product_brand-agromarket","7":"product_cat-fungicidi-2","8":"product_tag-fosetil-aluminijum-800-g-kg","10":"first","11":"outofstock","12":"purchasable","13":"product-type-simple"},"_links":{"self":[{"href":"https:\/\/agrarpetrovic.rs\/en\/wp-json\/wp\/v2\/product\/7906","targetHints":{"allow":["GET"]}}],"collection":[{"href":"https:\/\/agrarpetrovic.rs\/en\/wp-json\/wp\/v2\/product"}],"about":[{"href":"https:\/\/agrarpetrovic.rs\/en\/wp-json\/wp\/v2\/types\/product"}],"wp:featuredmedia":[{"embeddable":true,"href":"https:\/\/agrarpetrovic.rs\/en\/wp-json\/wp\/v2\/media\/8663"}],"wp:attachment":[{"href":"https:\/\/agrarpetrovic.rs\/en\/wp-json\/wp\/v2\/media?parent=7906"}],"wp:term":[{"taxonomy":"product_brand","embeddable":true,"href":"https:\/\/agrarpetrovic.rs\/en\/wp-json\/wp\/v2\/product_brand?post=7906"},{"taxonomy":"product_cat","embeddable":true,"href":"https:\/\/agrarpetrovic.rs\/en\/wp-json\/wp\/v2\/product_cat?post=7906"},{"taxonomy":"product_tag","embeddable":true,"href":"https:\/\/agrarpetrovic.rs\/en\/wp-json\/wp\/v2\/product_tag?post=7906"}],"curies":[{"name":"wp","href":"https:\/\/api.w.org\/{rel}","templated":true}]}}