{"id":7907,"date":"2025-09-20T00:10:54","date_gmt":"2025-09-19T22:10:54","guid":{"rendered":"https:\/\/agrarpetrovic.rs\/proizvod\/frontier-1-1-herbicid\/"},"modified":"2025-10-23T11:56:04","modified_gmt":"2025-10-23T09:56:04","slug":"frontier-1-1-herbicid","status":"publish","type":"product","link":"https:\/\/agrarpetrovic.rs\/en\/proizvod\/frontier-1-1-herbicid\/","title":{"rendered":"Frontier 1\/1 &#8211; herbicid"},"content":{"rendered":"<h4><strong>Primena<\/strong><\/h4>\n<p>Frontier Super se primenjuje u usevima kukuruza, soje, suncokreta, \u0161e\u0107erne repe i krompira. Njegovo zemlji\u0161no delovanje omogu\u0107ava formiranje za\u0161titnog sloja na povr\u0161ini zemlji\u0161ta koji spre\u010dava klijanje i rast korova u ranim razvojnim fazama. Preparat se mo\u017ee kombinovati sa drugim herbicidima radi pro\u0161irivanja spektra delovanja i optimizacije za\u0161tite useva.<\/p>\n<h4><strong>Uputstvo za upotrebu i preporuke<\/strong><\/h4>\n<p>Preparat se koristi nakon setve, ali pre nicanja biljaka, u fazi 00-09 BBCH skale. Delovanje Frontier Super-a je najefikasnije na zemlji\u0161tima sa dobrom strukturom i ujedna\u010denom povr\u0161inom. Za maksimalan u\u010dinak potrebno je obezbediti odgovaraju\u0107i nivo vlage u zemlji\u0161tu nakon primene. Ne preporu\u010duje se primena u uslovima ekstremnih padavina neposredno nakon tretmana, jer to mo\u017ee dovesti do fitotoksi\u010dnosti. Frontier Super se ne sme primenjivati iz vazduhoplova.<\/p>\n<p>Kod me\u0161anja sa drugim herbicidima, preporu\u010duje se slede\u0107e:<\/p>\n<p><strong>Kukuruz:<\/strong> kombinacija sa linuronom, izoksaflutolom, flumioksazinom ili pendimetalinom;<\/p>\n<p><strong>Suncokret:<\/strong> sa linuronom, flumioksazinom ili fluorhloridonom;<\/p>\n<p><strong>Soja:<\/strong> sa flumioksazinom, klomazonom, linuronom ili metribuzinom;<\/p>\n<p><strong>Krompir:<\/strong> sa metribuzinom, flurohloridonom ili linuronom;<\/p>\n<p><strong>\u0160e\u0107erna repa:<\/strong> sa metamitronom ili hloridazonom.<\/p>\n<h4><strong>Doziranje<\/strong><\/h4>\n<p>Na zemlji\u0161tima sa 1\u20133% humusa: 1,0\u20131,2 l\/ha (10\u201312 ml na 100 m2);<\/p>\n<p>Na zemlji\u0161tima sa 3\u20135% humusa: 1,2\u20131,4 l\/ha (12\u201314 ml na 100 m2);<\/p>\n<p>Utro\u0161ak vode: 200\u2013400 l\/ha (2\u20134 l na 100 m2).<\/p>\n<p>Dozvoljeno je jedno tretiranje na istoj povr\u0161ini tokom godine.<\/p>\n<h4><strong>Karenca<\/strong><\/h4>\n<p>Za sve ciljne useve karenca je obezbe\u0111ena vremenom primene preparata, \u0161to zna\u010di da se proizvod koristi pre nicanja useva i korova, \u010dime se elimini\u0161e potreba za dodatnim karencama.<\/p>","protected":false},"excerpt":{"rendered":"<p>Frontier Super je selektivni zemlji\u0161ni herbicid koji se koristi za suzbijanje \u0161irokog spektra jednogodi\u0161njih travnih i pojedinih \u0161irokolisnih korova u ranim fazama razvoja. Ovaj preparat se isti\u010de po svojoj efikasnosti u usevima kao \u0161to su kukuruz, soja, suncokret, \u0161e\u0107erna repa i krompir. Aktivna materija dimetenamid-P (720 g\/l) deluje inhibicijom sinteze masnih kiselina veoma dugog lanca, \u010dime se ometa \u0107elijska deoba i rast korovskih biljaka. Zbog svog zemlji\u0161nog dejstva, preparat pokazuje najbolje rezultate kada se primenjuje posle setve, a pre nicanja useva i korova.<\/p>","protected":false},"featured_media":8468,"template":"","meta":[],"product_brand":[530],"product_cat":[449],"product_tag":[581],"class_list":{"0":"post-7907","1":"product","2":"type-product","3":"status-publish","4":"has-post-thumbnail","6":"product_brand-basf","7":"product_cat-herbicidi-2","8":"product_tag-dimetenamid-p","10":"first","11":"outofstock","12":"product-type-simple"},"_links":{"self":[{"href":"https:\/\/agrarpetrovic.rs\/en\/wp-json\/wp\/v2\/product\/7907","targetHints":{"allow":["GET"]}}],"collection":[{"href":"https:\/\/agrarpetrovic.rs\/en\/wp-json\/wp\/v2\/product"}],"about":[{"href":"https:\/\/agrarpetrovic.rs\/en\/wp-json\/wp\/v2\/types\/product"}],"wp:featuredmedia":[{"embeddable":true,"href":"https:\/\/agrarpetrovic.rs\/en\/wp-json\/wp\/v2\/media\/8468"}],"wp:attachment":[{"href":"https:\/\/agrarpetrovic.rs\/en\/wp-json\/wp\/v2\/media?parent=7907"}],"wp:term":[{"taxonomy":"product_brand","embeddable":true,"href":"https:\/\/agrarpetrovic.rs\/en\/wp-json\/wp\/v2\/product_brand?post=7907"},{"taxonomy":"product_cat","embeddable":true,"href":"https:\/\/agrarpetrovic.rs\/en\/wp-json\/wp\/v2\/product_cat?post=7907"},{"taxonomy":"product_tag","embeddable":true,"href":"https:\/\/agrarpetrovic.rs\/en\/wp-json\/wp\/v2\/product_tag?post=7907"}],"curies":[{"name":"wp","href":"https:\/\/api.w.org\/{rel}","templated":true}]}}