{"id":7908,"date":"2025-09-20T00:10:54","date_gmt":"2025-09-19T22:10:54","guid":{"rendered":"https:\/\/agrarpetrovic.rs\/proizvod\/fungohem-sc-250-ml-fungicid\/"},"modified":"2025-10-23T11:56:04","modified_gmt":"2025-10-23T09:56:04","slug":"fungohem-sc-250-ml-fungicid","status":"publish","type":"product","link":"https:\/\/agrarpetrovic.rs\/en\/proizvod\/fungohem-sc-250-ml-fungicid\/","title":{"rendered":"Fungohem SC 250 ml &#8211; fungicid"},"content":{"rendered":"<div class=\"product-harvest\">\n<p class=\"detail\"><strong>Primena:<\/strong><\/p>\n<table>\n<thead>\n<tr class=\"bg-5\">\n<th>USEV \/ ZASAD<\/th>\n<th>KOLI\u010cINA PRIMENE<\/th>\n<th>VREME PRIMENE<\/th>\n<\/tr>\n<\/thead>\n<tbody>\n<tr class=\"bg-sec-5\">\n<td class=\"bg-5\"><a href=\"https:\/\/www.agromarketsrbija.rs\/srb\/zastita-bilja\/programi-zastite\/1012\/Paprika\">PAPRIKA<\/a><\/td>\n<td>0,4 &#8211; 0,6 % (40 \u2013 60 ml u 10 l vode)<\/td>\n<td>Preventivno tretiranje u zavisnosti od prisustva inokuluma i uslova za zara\u017eavanje<\/td>\n<\/tr>\n<tr class=\"bg-sec-5\">\n<td class=\"bg-5\"><a href=\"https:\/\/www.agromarketsrbija.rs\/srb\/zastita-bilja\/programi-zastite\/1018\/Jabuka\">JABUKA<\/a><\/td>\n<td>0,15 \u2013 0,3 % (15 do 30 ml u 10 l vode)<\/td>\n<td>Preventivna tretiranja u vegetaciji do po\u010detka cvetanja (faze 03 \u2013 57 BBCH-skale)<\/td>\n<\/tr>\n<tr class=\"bg-sec-5\">\n<td class=\"bg-5\"><a href=\"https:\/\/www.agromarketsrbija.rs\/srb\/zastita-bilja\/programi-zastite\/1024\/Visnja-Tresnja\">VI\u0160NJA,TRE\u0160NJA<\/a><\/td>\n<td>0,1 &#8211; 0,15 % (100 &#8211; 150 ml\/100 l vode)<\/td>\n<td>Pre kretanja vegetacije ili na samom po\u010detku vegetacije u fenofazama po BBCH skali 00-113<\/td>\n<\/tr>\n<tr class=\"bg-sec-5\">\n<td class=\"bg-5\"><a href=\"https:\/\/www.agromarketsrbija.rs\/srb\/zastita-bilja\/programi-zastite\/1020\/Vinova-loza\">VINOVA LOZA<\/a><\/td>\n<td>0,4 % (40 ml u 10 l vode)<\/td>\n<td>Tokom ostvarivanja primarnih zaraza askosporama, u vreme bubrenja pupoljaka (faze 01-09 BBCH skale)<\/td>\n<\/tr>\n<tr class=\"bg-sec-5\">\n<td class=\"bg-5\"><a href=\"https:\/\/www.agromarketsrbija.rs\/srb\/zastita-bilja\/programi-zastite\/1029\/Borovnica-i-aronija\">BOROVNICA<\/a><\/td>\n<td>1,5 (15 ml na 100 m\u00b2)<\/td>\n<td>Folijarno, pre kretanja vegetacije ili na samom po\u010detku vegetacije (faza 00-10 BBCH skale)<\/td>\n<\/tr>\n<tr class=\"bg-sec-5\">\n<td class=\"bg-5\"><a href=\"https:\/\/www.agromarketsrbija.rs\/srb\/zastita-bilja\/programi-zastite\/1004\/Secerna-repa\">\u0160E\u0106ERNA REPA<\/a><\/td>\n<td>4,0 (40 ml\/100m\u00b2)<\/td>\n<td>Preventivno, od momenta sticanja povoljnih uslova za nastanak oboljenja, ili po pojavi simptoma (faza 39-49 skale)<\/td>\n<\/tr>\n<\/tbody>\n<\/table>\n<\/div>\n<div class=\"product-info\">\n<p><strong>DELOVANJE:\u00a0<\/strong><\/p>\n<p>spre\u010dava klijanje spora inhibiraju\u0107i enzime koji u\u010destvuju u procesu disanja (SH-enzime)<\/p>\n<p><strong>SPEKTAR DELOVANJA:<\/strong><\/p>\n<p>Prouzrokova\u010d bakteriozne plamenja\u010de lista paprike (<em>Xanthomonas campestris pv. vesicatoria<\/em>), prouzrokova\u010d lisne pegavosti i krastavosti plodova jabuke (<em>Venturia inaequalis<\/em>), prouzrokova\u010d \u0161upljikavosti lista ko\u0161ti\u010davih vo\u0107aka (<em>Stigmina carpophila<\/em>),prouzrokova\u010d plamenja\u010de vinove loze (<em>Plasmopara viticola<\/em>), prouzrokova\u010d pegavosti lista \u0161e\u0107erne repe (<em>Cercospora beticola<\/em>), prouzrokova\u010d raka stabljike borovnice (<em>Godronia cassandrae f. sp. vaccinii<\/em>)<\/p>\n<p><strong>PREPORUKE I NAPOMENE<\/strong><\/p>\n<p>ne sme se me\u0161ati sa insekticidima kisele reakcije (<em>Dimetoat, Dihlorvos<\/em>), kao ni kalcijum polisulfidom.<\/p>\n<p>Mo\u017ee biti fitotoksi\u010dan za biljke ako se primeni u uslovima vla\u017enog i hladnog vremena.<\/p>\n<p>Primena iz vazduhoplova nije dozvoljena. Prskanje useva paprike uz utro\u0161ak vode od 400-600 l\/ha (4-6 l na 100 m<sup>2<\/sup>), a prskanje ili oro\u0161avanje zasada jabuke sa 1000 l\/ha (10 l na 100 m<sup>2<\/sup>).<\/p>\n<\/div>","protected":false},"excerpt":{"rendered":"<p class=\"detail\"><strong>Klasa:<\/strong> <span class=\"klasa\">Fungicid<\/span><\/p>\n<p class=\"detail\"><strong>Aktivna materija:<\/strong> <span class=\"aktivna-materija\">Bakar hidroksid 368 g\/l (240 g\/l bakarnog jona iz bakar hidroksida).<\/span><\/p>\n<p class=\"detail\"><strong>Formulacija:<\/strong> <span class=\"formulacija\">SC &#8211; koncentrovana suspenzija<\/span><\/p>\n<p class=\"detail\"><strong>Karenca:<\/strong> <span class=\"karenca\">14 dana &#8211; paprika, \u0161e\u0107erna repa; 28 dana &#8211; vinova loza; OVP &#8211; jabuka, breskva, tre\u0161nja, vi\u0161nja, borovnica<\/span><\/p>\n<p class=\"detail\"><strong>MBT:<\/strong> <span class=\"mbt\">2 &#8211; tre\u0161nja, vi\u0161nja, borovnica; 4 &#8211; \u0161e\u0107erna repa; za ostale kulture ne postoji utvr\u0111en broj tretiranja tokom jedne sezone, ali je maksimalna koli\u010dina primene bakra (Cu) po hektaru, na istoj povr\u0161ini u toku jedne godine 4 kg<\/span><\/p>","protected":false},"featured_media":8469,"template":"","meta":[],"product_brand":[529],"product_cat":[415],"product_tag":[557],"class_list":{"0":"post-7908","1":"product","2":"type-product","3":"status-publish","4":"has-post-thumbnail","6":"product_brand-agromarket","7":"product_cat-fungicidi-2","8":"product_tag-bakar-hidroksid-368-g-l-240-g-l-bakarnog-jona-iz-bakar-hidroksida","10":"first","11":"outofstock","12":"purchasable","13":"product-type-simple"},"_links":{"self":[{"href":"https:\/\/agrarpetrovic.rs\/en\/wp-json\/wp\/v2\/product\/7908","targetHints":{"allow":["GET"]}}],"collection":[{"href":"https:\/\/agrarpetrovic.rs\/en\/wp-json\/wp\/v2\/product"}],"about":[{"href":"https:\/\/agrarpetrovic.rs\/en\/wp-json\/wp\/v2\/types\/product"}],"wp:featuredmedia":[{"embeddable":true,"href":"https:\/\/agrarpetrovic.rs\/en\/wp-json\/wp\/v2\/media\/8469"}],"wp:attachment":[{"href":"https:\/\/agrarpetrovic.rs\/en\/wp-json\/wp\/v2\/media?parent=7908"}],"wp:term":[{"taxonomy":"product_brand","embeddable":true,"href":"https:\/\/agrarpetrovic.rs\/en\/wp-json\/wp\/v2\/product_brand?post=7908"},{"taxonomy":"product_cat","embeddable":true,"href":"https:\/\/agrarpetrovic.rs\/en\/wp-json\/wp\/v2\/product_cat?post=7908"},{"taxonomy":"product_tag","embeddable":true,"href":"https:\/\/agrarpetrovic.rs\/en\/wp-json\/wp\/v2\/product_tag?post=7908"}],"curies":[{"name":"wp","href":"https:\/\/api.w.org\/{rel}","templated":true}]}}