{"id":7911,"date":"2025-09-20T00:10:54","date_gmt":"2025-09-19T22:10:54","guid":{"rendered":"https:\/\/agrarpetrovic.rs\/proizvod\/funguran-oh-25-g-fungicid\/"},"modified":"2025-10-23T11:56:04","modified_gmt":"2025-10-23T09:56:04","slug":"funguran-oh-25-g-fungicid","status":"publish","type":"product","link":"https:\/\/agrarpetrovic.rs\/en\/proizvod\/funguran-oh-25-g-fungicid\/","title":{"rendered":"Funguran-OH 25 g &#8211; fungicid"},"content":{"rendered":"<div class=\"product-harvest\">\n<p class=\"detail\"><strong>Primena:<\/strong><\/p>\n<table>\n<thead>\n<tr class=\"bg-5\">\n<th>USEV \/ ZASAD<\/th>\n<th>KOLI\u010cINA PRIMENE<\/th>\n<th>VREME PRIMENE<\/th>\n<\/tr>\n<\/thead>\n<tbody>\n<tr class=\"bg-sec-5\">\n<td class=\"bg-5\"><a href=\"https:\/\/www.agromarketsrbija.rs\/srb\/zastita-bilja\/programi-zastite\/1020\/Vinova-loza\">VINOVA LOZA <\/a><\/td>\n<td>0,1 &#8211; 0,4 % (10 &#8211; 40 g u 10 l vode)<\/td>\n<td>Tretiranje u fazi intenzivnog rasta (faze 13\/53 BBCH skale)<\/td>\n<\/tr>\n<tr class=\"bg-sec-5\">\n<td class=\"bg-5\"><a href=\"https:\/\/www.agromarketsrbija.rs\/srb\/zastita-bilja\/programi-zastite\/1009\/Krompir\">KROMPIR <\/a><\/td>\n<td>1,5 &#8211; 1,75 (15 do 17,5 g na 100 m\u00b2)<\/td>\n<td>Tretiranje u fazi intenzivnog rasta (faze 19\/21- 65 BBCH skale)<\/td>\n<\/tr>\n<tr class=\"bg-sec-5\">\n<td class=\"bg-5\"><a href=\"https:\/\/www.agromarketsrbija.rs\/srb\/zastita-bilja\/programi-zastite\/1018\/Jabuka\">JABUKA<\/a><\/td>\n<td>0,75 &#8211; 2,0 kg 0,05 &#8211; 0,06 %<\/td>\n<td>Ni\u017ea doza (0,75 kg\/ha) u fazama 55 &#8211; 57 BBCH skale, a vi\u0161a doza (2,0 kg\/ha) od po\u010detka vegetacije do razvoja listova (00 &#8211; 10 BBCH skale). U fazama 59 &#8211; 69 BBCH skale<\/td>\n<\/tr>\n<tr class=\"bg-sec-5\">\n<td class=\"bg-5\"><a href=\"https:\/\/www.agromarketsrbija.rs\/srb\/zastita-bilja\/programi-zastite\/1022\/Breskva-i-nektarina\">BRESKVA<\/a><\/td>\n<td>0,2 &#8211; 0,3 %<\/td>\n<td>U toku mirovanja vegetacije pre sticanja uslova za zara\u017eavanje (faze 00 &#8211; 03 BBCH skale)<\/td>\n<\/tr>\n<tr class=\"bg-sec-5\">\n<td class=\"bg-5\"><a href=\"https:\/\/www.agromarketsrbija.rs\/srb\/zastita-bilja\/programi-zastite\/1004\/Secerna-repa\">\u0160E\u0106ERNA REPA<\/a><\/td>\n<td>1,75 &#8211; 2,0<\/td>\n<td>Faze 39 &#8211; 49 BBCH skale<\/td>\n<\/tr>\n<\/tbody>\n<\/table>\n<\/div>\n<div class=\"product-info\">\n<p><strong>DELOVANJE:<\/strong><\/p>\n<p>inhibira deobu \u0107elija i spre\u010dava klijanje spora patogena. Gljive ne stvaraju rezistentnost na ovu aktivnu materiju zbog vi\u0161estrukog mehanizma delovanja.<\/p>\n<p><strong>SPEKTAR DELOVANJA:<\/strong><\/p>\n<p>Prouzrokova\u010d plamenja\u010de vinove loze (<em>Plasmopara viticola<\/em>) i prouzrokova\u010d plamenja\u010de krompira (<em>Phytophthora infestans<\/em>), prouzrokova\u010d \u010da\u0111ave krastavosti ploda i pegavosti lista jabuke (<em>Venturia inaequalis<\/em>) i bakteriozne plamenja\u010de (<em>Erwinia amylovora<\/em>), prouzrokova\u010da kovrd\u017eavosti lista (<em>Taphrina deformans<\/em>) i pegavosti lista \u0161e\u0107erne repe (<em>Cercospora beticola<\/em>)<\/p>\n<p><strong>PREPORUKE I NAPOMENE<\/strong><\/p>\n<p>mo\u017ee se me\u0161ati sa preparatima na bazi ulja za zimska tretiranja, kao i sumpornim preparatima tokom vegetacije. Ne me\u0161a se sa preparatima kisele reakcije. Izuzetno je otporan na spiranje. Sadr\u017ei jon bakra, koji kao neophodan mikroelement, doprinosi boljem iskori\u0161\u0107enju azota i fosfora i direktno uti\u010de na pove\u0107anje prinosa. Uti\u010de na racionalnu potro\u0161nju vode u \u0107eliji i ja\u010danje \u0107elijskog tkiva, \u0161to pove\u0107ava otpornost biljke na pozne prole\u0107ne mrazeve. Nema korozivno delovanje na ure\u0111aje za tretiranje. Pored navedenih ima preventivno delovanje na veliki broj fitopatogenih gljivica i bakterija.<\/p>\n<p><strong>Zimski tretman <\/strong>jabu\u010dastog vo\u0107a bakarnim preparatima smanjuje potencijal bakterijske plamenja\u010de (<em>Erwinia amylovora<\/em>). Kvalitetna formulacija preparata, sadr\u017eaj adheziva (lepka) ga \u010dini postojanim na biljci i vrlo te\u0161ko se spira ki\u0161om.<\/p>\n<p><strong>Preparat se nalazi na \u201cLista registrovanih sredstava za ishranu bilja i oplemenjiva<\/strong><strong>\u010d<\/strong><strong>a zemlji<\/strong><strong>\u0161<\/strong><strong>ta i sredstava za za<\/strong><strong>\u0161<\/strong><strong>titu bilja koji se mogu koristiti u organskoj proizvodnji\u201d<\/strong><\/p>\n<\/div>","protected":false},"excerpt":{"rendered":"<p class=\"detail\"><strong>Klasa:<\/strong> <span class=\"klasa\">Fungicidi<\/span><\/p>\n<p class=\"detail\"><strong>Aktivna materija:<\/strong> <span class=\"aktivna-materija\">500 g\/kg bakra (770 g\/kg bakar-hidroksida)<\/span><\/p>\n<p class=\"detail\"><strong>Formulacija:<\/strong> <span class=\"formulacija\">WP-kva\u0161ljivi pra\u0161ak<\/span><\/p>\n<p class=\"detail\"><strong>Proizvo\u0111a\u010d:<\/strong> <span class=\"proizvo\u0111a\u010d\">Spiess Urania<\/span><\/p>\n<p class=\"detail\"><strong>Karenca:<\/strong> <span class=\"karenca\">7- krompir; 28 dana &#8211; vinova loza; OVP &#8211; jabuka, breskva, \u0161e\u0107erna repa<\/span><\/p>\n<p class=\"detail\"><strong>MBT:<\/strong> <span class=\"mbt\">2 &#8211; breskva; 4 &#8211; krompir, jabuka, vinova loza, \u0161e\u0107erna repa<\/span><\/p>","protected":false},"featured_media":8473,"template":"","meta":[],"product_brand":[529],"product_cat":[415],"product_tag":[828],"class_list":{"0":"post-7911","1":"product","2":"type-product","3":"status-publish","4":"has-post-thumbnail","6":"product_brand-agromarket","7":"product_cat-fungicidi-2","8":"product_tag-500-g-kg-bakra-770-g-kg-bakar-hidroksida","10":"first","11":"outofstock","12":"purchasable","13":"product-type-simple"},"_links":{"self":[{"href":"https:\/\/agrarpetrovic.rs\/en\/wp-json\/wp\/v2\/product\/7911","targetHints":{"allow":["GET"]}}],"collection":[{"href":"https:\/\/agrarpetrovic.rs\/en\/wp-json\/wp\/v2\/product"}],"about":[{"href":"https:\/\/agrarpetrovic.rs\/en\/wp-json\/wp\/v2\/types\/product"}],"wp:featuredmedia":[{"embeddable":true,"href":"https:\/\/agrarpetrovic.rs\/en\/wp-json\/wp\/v2\/media\/8473"}],"wp:attachment":[{"href":"https:\/\/agrarpetrovic.rs\/en\/wp-json\/wp\/v2\/media?parent=7911"}],"wp:term":[{"taxonomy":"product_brand","embeddable":true,"href":"https:\/\/agrarpetrovic.rs\/en\/wp-json\/wp\/v2\/product_brand?post=7911"},{"taxonomy":"product_cat","embeddable":true,"href":"https:\/\/agrarpetrovic.rs\/en\/wp-json\/wp\/v2\/product_cat?post=7911"},{"taxonomy":"product_tag","embeddable":true,"href":"https:\/\/agrarpetrovic.rs\/en\/wp-json\/wp\/v2\/product_tag?post=7911"}],"curies":[{"name":"wp","href":"https:\/\/api.w.org\/{rel}","templated":true}]}}